{"id":78832,"date":"2025-10-16T21:04:40","date_gmt":"2025-10-16T19:04:40","guid":{"rendered":"https:\/\/jjcustomworks.se\/product\/replica-m1-garand-patron-30-06\/"},"modified":"2026-04-06T23:17:35","modified_gmt":"2026-04-06T21:17:35","slug":"replique-cartouche-m1-garand-30-06","status":"publish","type":"product","link":"https:\/\/jjcustomworks.se\/fr\/produit\/replique-cartouche-m1-garand-30-06\/","title":{"rendered":"R\u00e9plique Cartouche M1 Garand 30-06 | DENIX"},"content":{"rendered":"<h1><span class=\"ez-toc-section\" id=\"Replique_Cartouche_M1_Garand_30-06\"><\/span>R\u00e9plique Cartouche M1 Garand 30-06<span class=\"ez-toc-section-end\"><\/span><\/h1>\n<h2><span class=\"ez-toc-section\" id=\"Replique_Authentique_pour_Collectionneurs\"><\/span>R\u00e9plique authentique pour collectionneurs<span class=\"ez-toc-section-end\"><\/span><\/h2>\n<p>Cette r\u00e9plique de la c\u00e9l\u00e8bre cartouche 30-06 est un incontournable pour les collectionneurs et les passionn\u00e9s. Parfaite comme d\u00e9coration et s'adapte parfaitement au fusil M1 Garand, entre autres. Ces cartouches sont en vente libre et ne peuvent pas \u00eatre rendues actives, ce qui les rend s\u00fbres \u00e0 manipuler et \u00e0 exposer. Si vous recherchez des produits similaires, consultez notre s\u00e9lection de <a href=\"https:\/\/jjcustomworks.se\/fr\/magasin\/\">r\u00e9pliques d&#039;armes<\/a>.<\/p>\n\n<h3><span class=\"ez-toc-section\" id=\"Caracteristiques_et_Avantages\"><\/span>Caract\u00e9ristiques et avantages<span class=\"ez-toc-section-end\"><\/span><\/h3>\n<ul>\n <li><strong>Conception authentique :<\/strong> Soigneusement reproduite pour ressembler \u00e0 la cartouche originale 30-06.<\/li>\n <li><strong>Vente Libre :<\/strong> Enti\u00e8rement l\u00e9gal \u00e0 poss\u00e9der et \u00e0 collectionner.<\/li>\n <li><strong>D\u00e9coratif:<\/strong> Parfaite pour d\u00e9corer votre maison, bureau ou salle de collection.<\/li>\n <li><strong>S\u00fbre :<\/strong> Ne peut pas \u00eatre rendue active, ce qui la rend s\u00fbre \u00e0 manipuler.<\/li>\n <li><strong>Adapt\u00e9e au Garand :<\/strong> Compl\u00e9ment parfait \u00e0 votre r\u00e9plique de M1 Garand.<\/li>\n<\/ul>\n\n<h3><span class=\"ez-toc-section\" id=\"Informations_sur_le_Produit\"><\/span>Informations sur le produit<span class=\"ez-toc-section-end\"><\/span><\/h3>\n<p>Chaque cartouche est vendue individuellement. Compl\u00e9tez votre collection avec cette r\u00e9plique \u00e9l\u00e9gante et cool. Pour toute question concernant nos produits, visitez notre <a href=\"https:\/\/jjcustomworks.se\/fr\/categorie-de-produit\/autres_produits\/replica-guns\/\">cat\u00e9gorie de r\u00e9plique d&#039;arme<\/a>, ou <a href=\"https:\/\/jjcustomworks.se\/fr\/\">Contactez-nous<\/a>.<\/p>","protected":false},"excerpt":{"rendered":"<p>K\u00f6p en h\u00f6gkvalitativ replika av M1 Garand patron 30-06 &#8211; Perfekt f\u00f6r samlare och vapenentusiaster. Utforska v\u00e5rt breda sortiment och g\u00f6r ditt k\u00f6p idag!<\/p>","protected":false},"featured_media":78831,"template":"","meta":[],"product_brand":[],"product_cat":[823],"product_tag":[],"class_list":{"0":"post-78832","1":"product","2":"type-product","3":"status-publish","4":"has-post-thumbnail","6":"product_cat-replica-guns","8":"first","9":"instock","10":"sale","11":"taxable","12":"shipping-taxable","13":"purchasable","14":"product-type-simple"},"_links":{"self":[{"href":"https:\/\/jjcustomworks.se\/fr\/wp-json\/wp\/v2\/product\/78832","targetHints":{"allow":["GET"]}}],"collection":[{"href":"https:\/\/jjcustomworks.se\/fr\/wp-json\/wp\/v2\/product"}],"about":[{"href":"https:\/\/jjcustomworks.se\/fr\/wp-json\/wp\/v2\/types\/product"}],"wp:featuredmedia":[{"embeddable":true,"href":"https:\/\/jjcustomworks.se\/fr\/wp-json\/wp\/v2\/media\/78831"}],"wp:attachment":[{"href":"https:\/\/jjcustomworks.se\/fr\/wp-json\/wp\/v2\/media?parent=78832"}],"wp:term":[{"taxonomy":"product_brand","embeddable":true,"href":"https:\/\/jjcustomworks.se\/fr\/wp-json\/wp\/v2\/product_brand?post=78832"},{"taxonomy":"product_cat","embeddable":true,"href":"https:\/\/jjcustomworks.se\/fr\/wp-json\/wp\/v2\/product_cat?post=78832"},{"taxonomy":"product_tag","embeddable":true,"href":"https:\/\/jjcustomworks.se\/fr\/wp-json\/wp\/v2\/product_tag?post=78832"}],"curies":[{"name":"wp","href":"https:\/\/api.w.org\/{rel}","templated":true}]}}