{"id":78830,"date":"2025-10-16T21:04:35","date_gmt":"2025-10-16T19:04:35","guid":{"rendered":"https:\/\/jjcustomworks.se\/product\/kolser-winchester-replica-bullets-6-pack-4-cm-caliber-44\/"},"modified":"2026-04-06T16:37:47","modified_gmt":"2026-04-06T14:37:47","slug":"kolser-winchester-replique-cartouches-lot-de-6-calibre-44","status":"publish","type":"product","link":"https:\/\/jjcustomworks.se\/fr\/produit\/kolser-winchester-replique-cartouches-lot-de-6-calibre-44\/","title":{"rendered":"Kolser Winchester R\u00e9plique Cartouches Lot de 6 Calibre .44"},"content":{"rendered":"<h1><span class=\"ez-toc-section\" id=\"Kolser_Winchester_Replique_Cartouches_Lot_de_6_Calibre_44\"><\/span>Kolser Winchester R\u00e9plique Cartouches Lot de 6 Calibre .44<span class=\"ez-toc-section-end\"><\/span><\/h1>\n<h2><span class=\"ez-toc-section\" id=\"Cartouches_de_Replique_pour_Fusils_Winchester\"><\/span>Cartouches de R\u00e9plique pour Fusils Winchester<span class=\"ez-toc-section-end\"><\/span><\/h2>\n<p>Ce lot de 6 cartouches de r\u00e9plique Kolser Winchester (47-1041-6) est sp\u00e9cialement con\u00e7u pour les fusils de r\u00e9plique Winchester de Kolser en calibre .44. Ces cartouches sont adapt\u00e9es \u00e0 l'utilisation avec des amorces de pistolet jouet, offrant une exp\u00e9rience r\u00e9aliste. Les amorces de pistolet jouet (12 anneaux) s'adaptent parfaitement \u00e0 ces cartouches. Si vous recherchez d'autres <a href=\"https:\/\/jjcustomworks.se\/fr\/magasin\/\">accessoires d'armes de r\u00e9plique<\/a>, nous avons une large s\u00e9lection \u00e0 choisir.<\/p>\n<h3><span class=\"ez-toc-section\" id=\"Compatibilite\"><\/span>Compatibilit\u00e9<span class=\"ez-toc-section-end\"><\/span><\/h3>\n<p>Ces cartouches sont compatibles avec la s\u00e9rie X de fusils de r\u00e9plique Winchester de Kolser, sp\u00e9cialement con\u00e7ue pour \u00eatre utilis\u00e9e avec des cartouches de r\u00e9plique. Cela garantit un fonctionnement optimal et une sensation authentique. Pour voir notre gamme de fusils de r\u00e9plique, visitez notre <a href=\"https:\/\/jjcustomworks.se\/fr\/categorie-de-produit\/autres_produits\/replica-guns\/\">Cat\u00e9gorie d&#039;armes r\u00e9pliques<\/a>. N'oubliez pas de toujours prendre les mesures de s\u00e9curit\u00e9 appropri\u00e9es lors de la manipulation d'armes et d'accessoires de r\u00e9plique. Visitez notre <a href=\"https:\/\/jjcustomworks.se\/fr\/\">page d&#039;accueil<\/a> pour plus d&#039;informations et de produits.<\/p>\n<ul>\n <li><strong>Quantit\u00e9\u00a0:<\/strong> 6 cartouches par paquet<\/li>\n <li><strong>Compatibilit\u00e9:<\/strong> S\u00e9rie X de fusils de r\u00e9plique Winchester de Kolser<\/li>\n <li><strong>Calibre\u00a0:<\/strong> .44<\/li>\n <li><strong>Utilisation\u00a0:<\/strong> Adapt\u00e9 aux amorces de pistolet jouet (12 anneaux)<\/li>\n<\/ul>","protected":false},"excerpt":{"rendered":"<p>Kolser Winchester R\u00e9plique Cartouches Lot de 6 Calibre .44 Cartouches de R\u00e9plique pour Fusils Winchester Ce lot de 6 cartouches de r\u00e9plique Kolser Winchester (47-1041-6) est sp\u00e9cialement con\u00e7u pour les fusils de r\u00e9plique Winchester de Kolser en calibre .44. Ces cartouches sont adapt\u00e9es \u00e0 l&#8217;utilisation avec des amorces de pistolet jouet, offrant une exp\u00e9rience r\u00e9aliste. [&#8230;]\n","protected":false},"featured_media":78827,"template":"","meta":[],"product_brand":[],"product_cat":[823],"product_tag":[],"class_list":{"0":"post-78830","1":"product","2":"type-product","3":"status-publish","4":"has-post-thumbnail","6":"product_cat-replica-guns","8":"first","9":"onbackorder","10":"sale","11":"taxable","12":"shipping-taxable","13":"purchasable","14":"product-type-simple"},"_links":{"self":[{"href":"https:\/\/jjcustomworks.se\/fr\/wp-json\/wp\/v2\/product\/78830","targetHints":{"allow":["GET"]}}],"collection":[{"href":"https:\/\/jjcustomworks.se\/fr\/wp-json\/wp\/v2\/product"}],"about":[{"href":"https:\/\/jjcustomworks.se\/fr\/wp-json\/wp\/v2\/types\/product"}],"wp:featuredmedia":[{"embeddable":true,"href":"https:\/\/jjcustomworks.se\/fr\/wp-json\/wp\/v2\/media\/78827"}],"wp:attachment":[{"href":"https:\/\/jjcustomworks.se\/fr\/wp-json\/wp\/v2\/media?parent=78830"}],"wp:term":[{"taxonomy":"product_brand","embeddable":true,"href":"https:\/\/jjcustomworks.se\/fr\/wp-json\/wp\/v2\/product_brand?post=78830"},{"taxonomy":"product_cat","embeddable":true,"href":"https:\/\/jjcustomworks.se\/fr\/wp-json\/wp\/v2\/product_cat?post=78830"},{"taxonomy":"product_tag","embeddable":true,"href":"https:\/\/jjcustomworks.se\/fr\/wp-json\/wp\/v2\/product_tag?post=78830"}],"curies":[{"name":"wp","href":"https:\/\/api.w.org\/{rel}","templated":true}]}}