{"id":78818,"date":"2025-10-16T21:02:40","date_gmt":"2025-10-16T19:02:40","guid":{"rendered":"https:\/\/jjcustomworks.se\/product\/replica-m16a1-amunition\/"},"modified":"2025-10-16T21:55:43","modified_gmt":"2025-10-16T19:55:43","slug":"replique-munition-m16a1","status":"publish","type":"product","link":"https:\/\/jjcustomworks.se\/fr\/produit\/replique-munition-m16a1\/","title":{"rendered":"R\u00e9plique Munition M16A1 | Objets de Collection"},"content":{"rendered":"<h1><span class=\"ez-toc-section\" id=\"Replique_de_Munition_M16A1\"><\/span>R\u00e9plique de Munition M16A1<span class=\"ez-toc-section-end\"><\/span><\/h1>\n<h2><span class=\"ez-toc-section\" id=\"Repliques_Decoratives_des_Cartouches_M16A1\"><\/span>R\u00e9pliques D\u00e9coratives des Cartouches M16A1<span class=\"ez-toc-section-end\"><\/span><\/h2>\n<p>R\u00e9plique de la c\u00e9l\u00e8bre cartouche du M16A1 en calibre 5.56. Ces cartouches sont des r\u00e9pliques sans licence qui ne peuvent pas \u00eatre rendues actives, ce qui les rend s\u00fbres \u00e0 des fins d\u00e9coratives. Parfait pour ceux qui recherchent un d\u00e9tail \u00e9l\u00e9gant et cool pour la d\u00e9coration. Vendue \u00e0 l'unit\u00e9.<\/p>\n\n<h3><span class=\"ez-toc-section\" id=\"Domaines_dutilisation\"><\/span>Domaines d&#8217;utilisation :<span class=\"ez-toc-section-end\"><\/span><\/h3>\n<ul>\n <li>D\u00e9coration : Parfait pour cr\u00e9er une atmosph\u00e8re unique et int\u00e9ressante dans votre maison ou votre bureau.<\/li>\n <li>Objets de collection : Un incontournable pour les collectionneurs de militaria et de r\u00e9pliques.<\/li>\n <li>Id\u00e9e cadeau : Un cadeau original pour ceux qui s'int\u00e9ressent aux armes.<\/li>\n<\/ul>\n\n<h3><span class=\"ez-toc-section\" id=\"Caracteristiques\"><\/span>Caract\u00e9ristiques:<span class=\"ez-toc-section-end\"><\/span><\/h3>\n<ul>\n <li>R\u00e9plique de la cartouche M16A1<\/li>\n <li>Calibre : 5,56 mm<\/li>\n <li>Sans licence : Aucun permis requis<\/li>\n <li>Ne peut pas \u00eatre rendue active : S\u00fbre pour la d\u00e9coration<\/li>\n <li>Vendue \u00e0 l'unit\u00e9<\/li>\n<\/ul>\n\n<p>Ces r\u00e9pliques offrent un moyen s\u00fbr de montrer son appr\u00e9ciation pour l'histoire militaire et la conception des armes, sans risque de dommage. D\u00e9corez votre espace avec ces r\u00e9pliques uniques et stimulantes. Pour plus de produits int\u00e9ressants, visitez notre <a href=\"https:\/\/jjcustomworks.se\/fr\/magasin\/\">section r\u00e9pliques<\/a>. Explorez \u00e9galement notre large gamme de <a href=\"https:\/\/jjcustomworks.se\/fr\/categorie-de-produit\/autres_produits\/replica-guns\/\">d\u00e9corations<\/a> pour trouver d'autres articles adapt\u00e9s. Bienvenue sur notre <a href=\"https:\/\/jjcustomworks.se\/fr\/\">page d&#039;accueil<\/a>.<\/p>","protected":false},"excerpt":{"rendered":"<p>R\u00e9plique de Munition M16A1 R\u00e9pliques D\u00e9coratives des Cartouches M16A1 R\u00e9plique de la c\u00e9l\u00e8bre cartouche du M16A1 en calibre 5.56. Ces cartouches sont des r\u00e9pliques sans licence qui ne peuvent pas \u00eatre rendues actives, ce qui les rend s\u00fbres \u00e0 des fins d\u00e9coratives. Parfait pour ceux qui recherchent un d\u00e9tail \u00e9l\u00e9gant et cool pour la d\u00e9coration. [&#8230;]\n","protected":false},"featured_media":78813,"template":"","meta":[],"product_brand":[],"product_cat":[823],"product_tag":[],"class_list":{"0":"post-78818","1":"product","2":"type-product","3":"status-publish","4":"has-post-thumbnail","6":"product_cat-replica-guns","8":"first","9":"outofstock","10":"sale","11":"taxable","12":"shipping-taxable","13":"purchasable","14":"product-type-simple"},"_links":{"self":[{"href":"https:\/\/jjcustomworks.se\/fr\/wp-json\/wp\/v2\/product\/78818","targetHints":{"allow":["GET"]}}],"collection":[{"href":"https:\/\/jjcustomworks.se\/fr\/wp-json\/wp\/v2\/product"}],"about":[{"href":"https:\/\/jjcustomworks.se\/fr\/wp-json\/wp\/v2\/types\/product"}],"wp:featuredmedia":[{"embeddable":true,"href":"https:\/\/jjcustomworks.se\/fr\/wp-json\/wp\/v2\/media\/78813"}],"wp:attachment":[{"href":"https:\/\/jjcustomworks.se\/fr\/wp-json\/wp\/v2\/media?parent=78818"}],"wp:term":[{"taxonomy":"product_brand","embeddable":true,"href":"https:\/\/jjcustomworks.se\/fr\/wp-json\/wp\/v2\/product_brand?post=78818"},{"taxonomy":"product_cat","embeddable":true,"href":"https:\/\/jjcustomworks.se\/fr\/wp-json\/wp\/v2\/product_cat?post=78818"},{"taxonomy":"product_tag","embeddable":true,"href":"https:\/\/jjcustomworks.se\/fr\/wp-json\/wp\/v2\/product_tag?post=78818"}],"curies":[{"name":"wp","href":"https:\/\/api.w.org\/{rel}","templated":true}]}}