{"id":78436,"date":"2025-10-16T20:24:45","date_gmt":"2025-10-16T18:24:45","guid":{"rendered":"https:\/\/jjcustomworks.se\/product\/ee-tri-shot-m56a-pump-shotgun-black-6mm-airsoft\/"},"modified":"2026-03-05T07:58:34","modified_gmt":"2026-03-05T06:58:34","slug":"ee-tri-shot-m56a-fusil-a-pompe-noir-6mm-airsoft","status":"publish","type":"product","link":"https:\/\/jjcustomworks.se\/fr\/produit\/ee-tri-shot-m56a-fusil-a-pompe-noir-6mm-airsoft\/","title":{"rendered":"EE TRI-SHOT M56A Fusil \u00e0 pompe - Airsoft 6mm"},"content":{"rendered":"<h1>EE - TRI-SHOT M56A Pump shotgun - Black 6mm airsoft<\/h1>\n<h2><span class=\"ez-toc-section\" id=\"Replique_authentique_dun_fusil_a_pompe_populaire\"><\/span>R\u00e9plique authentique d&#8217;un fusil \u00e0 pompe populaire<span class=\"ez-toc-section-end\"><\/span><\/h2>\n<p>Cette r\u00e9plique \u00e0 l'\u00e9chelle 1:1 est une repr\u00e9sentation fantastique de l'un des fusils \u00e0 pompe les plus populaires utilis\u00e9s par la police, l'arm\u00e9e et les civils. Fabriqu\u00e9e par Double Eagle sp\u00e9cifiquement pour le march\u00e9 de l'airsoft, cette r\u00e9plique combine fiabilit\u00e9 et design authentique. Comme les autres r\u00e9pliques de Double Eagle, ce fusil \u00e0 pompe est aliment\u00e9 par un ressort et dispose d'un m\u00e9canisme \u00e0 pompe fiable. https:\/\/jjcustomworks.se\/butik\/ offre une large gamme de fusils airsoft pour tous les niveaux et besoins.<\/p>\n<h3><span class=\"ez-toc-section\" id=\"Caracteristiques_et_avantages\"><\/span>Caract\u00e9ristiques et avantages<span class=\"ez-toc-section-end\"><\/span><\/h3>\n<ul>\n <li><b>Tire 3 billes simultan\u00e9ment :<\/b> Apr\u00e8s chaque rechargement, le fusil \u00e0 pompe peut tirer 3 billes \u00e0 la fois, offrant un effet de dispersion.<\/li>\n <li><b>Chargeur haute capacit\u00e9 :<\/b> L'ensemble comprend un chargeur de type cartouche contenant 30 billes, minimisant ainsi la n\u00e9cessit\u00e9 de rechargements fr\u00e9quents. Vous pouvez trouver d'autres <a href=\"https:\/\/jjcustomworks.se\/fr\/categorie-de-produit\/autres_produits\/airsoft-guns\/\">accessoires airsoft<\/a> dans notre large gamme.<\/li>\n <li><b>Conception r\u00e9aliste :<\/b> Fabriqu\u00e9 \u00e0 l'\u00e9chelle 1:1 pour reproduire le v\u00e9ritable fusil \u00e0 pompe, am\u00e9liorant ainsi le r\u00e9alisme lors de l'utilisation.<\/li>\n <li><b>Chargeur rapide inclus :<\/b> Un chargeur rapide est inclus pour un rechargement rapide et facile des chargeurs.<\/li>\n<\/ul>\n<h3><span class=\"ez-toc-section\" id=\"Specifications\"><\/span>Caract\u00e9ristiques<span class=\"ez-toc-section-end\"><\/span><\/h3>\n<ul>\n <li>Poids : 1700 g<\/li>\n <li>Type de chargeur : Cartouche<\/li>\n <li>Mat\u00e9riau : Aluminium, nylon et ABS<\/li>\n <li>Capacit\u00e9 du chargeur : 30 billes<\/li>\n <li>Vitesse initiale : 290 fps<\/li>\n <li>Longueur : 900 mm<\/li>\n <li>\u00c9nergie initiale : 0,78 J<\/li>\n <li>Mode de tir : Simple<\/li>\n <li>Munitions : 0,23 g, 0,20 g<\/li>\n<\/ul>\n<p>Ce fusil \u00e0 pompe airsoft est parfait pour les d\u00e9butants et les joueurs exp\u00e9riment\u00e9s \u00e0 la recherche d'une r\u00e9plique fiable et r\u00e9aliste. Avec son m\u00e9canisme \u00e0 pompe et sa capacit\u00e9 \u00e0 tirer 3 billes simultan\u00e9ment, il offre une exp\u00e9rience de jeu unique. <a href=\"https:\/\/jjcustomworks.se\/fr\/\">Visitez notre site Web<\/a> pour d\u00e9couvrir notre gamme compl\u00e8te de produits et accessoires airsoft.<\/p>","protected":false},"excerpt":{"rendered":"<p>EE &#8211; TRI-SHOT M56A Pump shotgun &#8211; Black 6mm airsoft R\u00e9plique authentique d&#8217;un fusil \u00e0 pompe populaire Cette r\u00e9plique \u00e0 l&#8217;\u00e9chelle 1:1 est une repr\u00e9sentation fantastique de l&#8217;un des fusils \u00e0 pompe les plus populaires utilis\u00e9s par la police, l&#8217;arm\u00e9e et les civils. Fabriqu\u00e9e par Double Eagle sp\u00e9cifiquement pour le march\u00e9 de l&#8217;airsoft, cette r\u00e9plique [&#8230;]\n","protected":false},"featured_media":78431,"template":"","meta":[],"product_brand":[],"product_cat":[3150],"product_tag":[],"class_list":{"0":"post-78436","1":"product","2":"type-product","3":"status-publish","4":"has-post-thumbnail","6":"product_cat-airsoft-guns","8":"first","9":"instock","10":"sale","11":"taxable","12":"shipping-taxable","13":"purchasable","14":"product-type-simple"},"_links":{"self":[{"href":"https:\/\/jjcustomworks.se\/fr\/wp-json\/wp\/v2\/product\/78436","targetHints":{"allow":["GET"]}}],"collection":[{"href":"https:\/\/jjcustomworks.se\/fr\/wp-json\/wp\/v2\/product"}],"about":[{"href":"https:\/\/jjcustomworks.se\/fr\/wp-json\/wp\/v2\/types\/product"}],"wp:featuredmedia":[{"embeddable":true,"href":"https:\/\/jjcustomworks.se\/fr\/wp-json\/wp\/v2\/media\/78431"}],"wp:attachment":[{"href":"https:\/\/jjcustomworks.se\/fr\/wp-json\/wp\/v2\/media?parent=78436"}],"wp:term":[{"taxonomy":"product_brand","embeddable":true,"href":"https:\/\/jjcustomworks.se\/fr\/wp-json\/wp\/v2\/product_brand?post=78436"},{"taxonomy":"product_cat","embeddable":true,"href":"https:\/\/jjcustomworks.se\/fr\/wp-json\/wp\/v2\/product_cat?post=78436"},{"taxonomy":"product_tag","embeddable":true,"href":"https:\/\/jjcustomworks.se\/fr\/wp-json\/wp\/v2\/product_tag?post=78436"}],"curies":[{"name":"wp","href":"https:\/\/api.w.org\/{rel}","templated":true}]}}