{"id":77669,"date":"2025-10-16T19:51:57","date_gmt":"2025-10-16T17:51:57","guid":{"rendered":"https:\/\/jjcustomworks.se\/product\/handmade-gun-belt-premium-swedish-tarnsjo-leather-jj-custom-works-45\/"},"modified":"2025-10-16T19:55:17","modified_gmt":"2025-10-16T17:55:17","slug":"ceinture-revolver-artisanale-cuir-tarnsjo-2","status":"publish","type":"product","link":"https:\/\/jjcustomworks.se\/fr\/produit\/ceinture-revolver-artisanale-cuir-tarnsjo-2\/","title":{"rendered":"Ceinture Revolver Artisanale Cuir T\u00e4rnsj\u00f6 | JJ Custom Works"},"content":{"rendered":"<h1><span class=\"ez-toc-section\" id=\"Ceintures_Revolver_Artisanales_en_Cuir_Premium_Tarnsjo_de_JJ_Custom_Works\"><\/span>Ceintures Revolver Artisanales en Cuir Premium T\u00e4rnsj\u00f6 de JJ Custom Works<span class=\"ez-toc-section-end\"><\/span><\/h1>\n<h2><span class=\"ez-toc-section\" id=\"Ceinture_Revolver_Premium_Fabriquee_en_Cuir_Suedois_Tarnsjo\"><\/span>Ceinture Revolver Premium Fabriqu\u00e9e en Cuir Su\u00e9dois T\u00e4rnsj\u00f6<span class=\"ez-toc-section-end\"><\/span><\/h2>\n<p>D\u00e9couvrez nos ceintures revolver artisanales, fabriqu\u00e9es \u00e0 partir de cuir su\u00e9dois T\u00e4rnsj\u00f6 de premi\u00e8re qualit\u00e9. Id\u00e9al pour ceux qui appr\u00e9cient la qualit\u00e9 et la durabilit\u00e9. Chaque ceinture est fabriqu\u00e9e avec soin \u00e0 Arboga, en Su\u00e8de, \u00e0 partir de cuir tann\u00e9 v\u00e9g\u00e9tal de T\u00e4rnsj\u00f6 Garveri, connu pour sa qualit\u00e9 exceptionnelle. Avec un entretien appropri\u00e9, cette ceinture durera toute une vie, ce qui en fait un investissement \u00e0 la fois dans le style et la durabilit\u00e9. Visitez <a href=\"https:\/\/jjcustomworks.se\/fr\/\">Travaux personnalis\u00e9s JJ<\/a> pour d\u00e9couvrir notre gamme compl\u00e8te.<\/p>\n<h3><span class=\"ez-toc-section\" id=\"Details_et_Specifications_du_Produit\"><\/span>D\u00e9tails et Sp\u00e9cifications du Produit<span class=\"ez-toc-section-end\"><\/span><\/h3>\n<ul>\n <li><strong>Longueur:<\/strong> Personnalisable, standard 120 cm (disponible pour 110-130 cm)<\/li>\n <li><strong>Largeur:<\/strong> 7 cm<\/li>\n <li><strong>\u00c9paisseur:<\/strong> 2-3mm<\/li>\n <li><strong>Couleur:<\/strong> Marron fonc\u00e9 (de l\u00e9g\u00e8res variations peuvent survenir en raison de la teinture \u00e0 la main)<\/li>\n <li><strong>Nombre de porte-cartouches:<\/strong> 12 pi\u00e8ces<\/li>\n <li><strong>Diam\u00e8tre de la cartouche:<\/strong> 10 mm<\/li>\n<\/ul>\n<h3><span class=\"ez-toc-section\" id=\"Conception_Personnalisable_et_Materiau_Ecologique\"><\/span>Conception Personnalisable et Mat\u00e9riau \u00c9cologique<span class=\"ez-toc-section-end\"><\/span><\/h3>\n<p>Nous offrons des milliers de variantes, y compris diff\u00e9rentes longueurs et au moins 13 options de couleurs. Nos ceintures peuvent \u00eatre personnalis\u00e9es avec des motifs ou dans un design lisse et \u00e9l\u00e9gant pour r\u00e9pondre \u00e0 vos besoins sp\u00e9cifiques. Contrairement aux alternatives tann\u00e9es au chrome, nous utilisons du cuir tann\u00e9 v\u00e9g\u00e9tal, ce qui rend la ceinture \u00e9cologique et non toxique. Le cuir provient de vaches su\u00e9doises avec des normes de bien-\u00eatre animal de premier plan, garantissant \u00e0 la fois une haute qualit\u00e9 et une durabilit\u00e9. Pour plus de produits artisanaux, consultez notre gamme de <a href=\"https:\/\/jjcustomworks.se\/fr\/magasin\/\">ceintures en cuir<\/a>.<\/p>\n<h3><span class=\"ez-toc-section\" id=\"Durable_et_Facile_a_Reparer\"><\/span>Durable et Facile \u00e0 R\u00e9parer<span class=\"ez-toc-section-end\"><\/span><\/h3>\n<p>Nos ceintures revolver sont non seulement durables mais aussi faciles \u00e0 entretenir. En cas d'accident, vous pouvez facilement remplacer les rivets ou r\u00e9parer les coutures. Une lubrification r\u00e9guli\u00e8re avec de la graisse pour cuir est recommand\u00e9e pour prolonger la dur\u00e9e de vie et pr\u00e9server la souplesse et la belle finition du cuir. D\u00e9couvrez-en davantage sur <a href=\"https:\/\/jjcustomworks.se\/fr\/categorie-de-produit\/fait-a-la-main\/ceinture-faite-a-la-main\/\">nos produits d'entretien du cuir<\/a> pour maintenir votre ceinture en parfait \u00e9tat.<\/p>\n<h3><span class=\"ez-toc-section\" id=\"Pourquoi_Choisir_Nos_Ceintures_Revolver\"><\/span>Pourquoi Choisir Nos Ceintures Revolver?<span class=\"ez-toc-section-end\"><\/span><\/h3>\n<ul>\n <li><strong>Cuir su\u00e9dois de qualit\u00e9 sup\u00e9rieure :<\/strong> De T\u00e4rnsj\u00f6 Garveri.<\/li>\n <li><strong>Artisanat avec Fiert\u00e9:<\/strong> Fabriqu\u00e9 localement en Su\u00e8de.<\/li>\n <li><strong>Durabilit\u00e9:<\/strong> Un choix respectueux de l'environnement.<\/li>\n <li><strong>Conception unique :<\/strong> Des milliers d'options de personnalisation.<\/li>\n<\/ul>\n<p>Commandez votre ceinture revolver artisanale d\u00e8s aujourd'hui et d\u00e9couvrez la qualit\u00e9 su\u00e9doise \u00e0 son meilleur. Nos ceintures sont exemptes de produits chimiques dangereux, produites localement et fabriqu\u00e9es selon des m\u00e9thodes \u00e9cologiques et \u00e9thiques.<\/p>","protected":false},"excerpt":{"rendered":"<p>Ceintures Revolver Artisanales en Cuir Premium T\u00e4rnsj\u00f6 de JJ Custom Works Ceinture Revolver Premium Fabriqu\u00e9e en Cuir Su\u00e9dois T\u00e4rnsj\u00f6 D\u00e9couvrez nos ceintures revolver artisanales, fabriqu\u00e9es \u00e0 partir de cuir su\u00e9dois T\u00e4rnsj\u00f6 de premi\u00e8re qualit\u00e9. Id\u00e9al pour ceux qui appr\u00e9cient la qualit\u00e9 et la durabilit\u00e9. Chaque ceinture est fabriqu\u00e9e avec soin \u00e0 Arboga, en Su\u00e8de, \u00e0 [&#8230;]\n","protected":false},"featured_media":77665,"template":"","meta":[],"product_brand":[],"product_cat":[9493],"product_tag":[],"class_list":{"0":"post-77669","1":"product","2":"type-product","3":"status-publish","4":"has-post-thumbnail","6":"product_cat-handgjorda-balten","8":"first","9":"instock","10":"taxable","11":"shipping-taxable","12":"purchasable","13":"product-type-simple"},"_links":{"self":[{"href":"https:\/\/jjcustomworks.se\/fr\/wp-json\/wp\/v2\/product\/77669","targetHints":{"allow":["GET"]}}],"collection":[{"href":"https:\/\/jjcustomworks.se\/fr\/wp-json\/wp\/v2\/product"}],"about":[{"href":"https:\/\/jjcustomworks.se\/fr\/wp-json\/wp\/v2\/types\/product"}],"wp:featuredmedia":[{"embeddable":true,"href":"https:\/\/jjcustomworks.se\/fr\/wp-json\/wp\/v2\/media\/77665"}],"wp:attachment":[{"href":"https:\/\/jjcustomworks.se\/fr\/wp-json\/wp\/v2\/media?parent=77669"}],"wp:term":[{"taxonomy":"product_brand","embeddable":true,"href":"https:\/\/jjcustomworks.se\/fr\/wp-json\/wp\/v2\/product_brand?post=77669"},{"taxonomy":"product_cat","embeddable":true,"href":"https:\/\/jjcustomworks.se\/fr\/wp-json\/wp\/v2\/product_cat?post=77669"},{"taxonomy":"product_tag","embeddable":true,"href":"https:\/\/jjcustomworks.se\/fr\/wp-json\/wp\/v2\/product_tag?post=77669"}],"curies":[{"name":"wp","href":"https:\/\/api.w.org\/{rel}","templated":true}]}}