{"id":77561,"date":"2025-10-16T19:48:35","date_gmt":"2025-10-16T17:48:35","guid":{"rendered":"https:\/\/jjcustomworks.se\/product\/handmade-gun-belt-premium-swedish-tarnsjo-leather-jj-custom-works-33\/"},"modified":"2025-10-16T19:55:38","modified_gmt":"2025-10-16T17:55:38","slug":"ceinture-revolver-artisanale-cuir-tarnsjo-7","status":"publish","type":"product","link":"https:\/\/jjcustomworks.se\/fr\/produit\/ceinture-revolver-artisanale-cuir-tarnsjo-7\/","title":{"rendered":"Ceinture Revolver Artisanale Cuir T\u00e4rnsj\u00f6 | JJ Custom Works"},"content":{"rendered":"<h1><span class=\"ez-toc-section\" id=\"Ceintures_Revolver_Artisanales_en_Cuir_Tarnsjo_Premium_de_JJ_Custom_Works\"><\/span>Ceintures Revolver Artisanales en Cuir T\u00e4rnsj\u00f6 Premium de JJ Custom Works<span class=\"ez-toc-section-end\"><\/span><\/h1>\n<h2><span class=\"ez-toc-section\" id=\"Ceintures_revolver_durables_en_cuir_suedois_tanne_vegetal\"><\/span>Ceintures revolver durables en cuir su\u00e9dois tann\u00e9 v\u00e9g\u00e9tal<span class=\"ez-toc-section-end\"><\/span><\/h2>\n<p><strong>Ceintures Revolver Artisanales en Cuir Su\u00e9dois T\u00e4rnsj\u00f6 Premium \u2013 Parfaites pour ceux qui recherchent qualit\u00e9 et durabilit\u00e9\u00a0!<\/strong> Cette ceinture revolver est fabriqu\u00e9e avec soin \u00e0 Arboga, en Su\u00e8de, \u00e0 partir de cuir tann\u00e9 v\u00e9g\u00e9tal de T\u00e4rnsj\u00f6 Garveri, connu pour sa qualit\u00e9 exceptionnelle. Avec un entretien appropri\u00e9, cette ceinture durera toute une vie \u2013 un investissement \u00e0 la fois dans le style et dans la durabilit\u00e9 \u00e0 long terme. <a href=\"https:\/\/jjcustomworks.se\/fr\/magasin\/\">Voir plus de ceintures en cuir faites \u00e0 la main ici<\/a>.<\/p>\n<h3><span class=\"ez-toc-section\" id=\"Details_du_produit\"><\/span>D\u00e9tails du produit<span class=\"ez-toc-section-end\"><\/span><\/h3>\n<ul>\n<li><strong>Longueur:<\/strong> Personnalisable, standard 110\u00a0cm (disponible pour 100-120\u00a0cm)<\/li>\n<li><strong>Largeur:<\/strong> 7\u00a0cm<\/li>\n<li><strong>\u00c9paisseur<\/strong>\u00a0: 2-3\u00a0mm<\/li>\n<li><strong>Couleur\u00a0:<\/strong> Vert (de l\u00e9g\u00e8res variations peuvent survenir en raison de la teinture \u00e0 la main)<\/li>\n<li><strong>Nombre de porte-cartouches\u00a0:<\/strong> 18\u00a0pi\u00e8ces<\/li>\n<li><strong>Diam\u00e8tre de la cartouche\u00a0:<\/strong> 10\u00a0mm<\/li>\n<\/ul>\n<h3><span class=\"ez-toc-section\" id=\"Pourquoi_cette_ceinture_revolver_est_un_excellent_choix\"><\/span>Pourquoi cette ceinture revolver est un excellent choix<span class=\"ez-toc-section-end\"><\/span><\/h3>\n<ol>\n<li><strong>Design personnalisable\u00a0:<\/strong><br>Des milliers de variantes disponibles \u2013 diff\u00e9rentes longueurs, couleurs (au moins 13\u00a0options), ainsi que des options \u00e0 motifs ou \u00e9l\u00e9gantes et lisses. Con\u00e7u pour r\u00e9pondre \u00e0 vos besoins sp\u00e9cifiques.<\/li>\n<li><strong>Mat\u00e9riau respectueux de l\u2019environnement\u00a0:<\/strong><br>Le cuir tann\u00e9 v\u00e9g\u00e9tal, qui est respectueux de l\u2019environnement et non toxique, est produit \u00e0 partir de vaches su\u00e9doises b\u00e9n\u00e9ficiant d\u2019un traitement animalier de premier ordre \u2013 une garantie de qualit\u00e9 et de durabilit\u00e9. <a href=\"https:\/\/jjcustomworks.se\/fr\/categorie-de-produit\/fait-a-la-main\/ceinture-faite-a-la-main\/\">Explorez notre gamme de produits en cuir respectueux de l\u2019environnement<\/a>.<\/li>\n<li><strong>Durable et r\u00e9parable\u00a0:<\/strong><br>Durable et facile \u00e0 r\u00e9parer. En cas d\u2019accident, vous pouvez remplacer les rivets ou r\u00e9parer les coutures sans aucun probl\u00e8me.<\/li>\n<\/ol>\n<h3><span class=\"ez-toc-section\" id=\"Conseils_dentretien\"><\/span>Conseils d&#039;entretien<span class=\"ez-toc-section-end\"><\/span><\/h3>\n<p>Pour prolonger la dur\u00e9e de vie, une lubrification r\u00e9guli\u00e8re avec de la graisse pour cuir est recommand\u00e9e, ce qui pr\u00e9serve la souplesse du cuir et sa belle finition.<\/p>\n<h3><span class=\"ez-toc-section\" id=\"Avantages_de_cette_ceinture_revolver\"><\/span>Avantages de cette ceinture revolver<span class=\"ez-toc-section-end\"><\/span><\/h3>\n<ul>\n<li><strong>Cuir su\u00e9dois de qualit\u00e9 sup\u00e9rieure\u00a0:<\/strong> De T\u00e4rnsj\u00f6 Garveri.<\/li>\n<li><strong>Savoir-faire avec fiert\u00e9\u00a0:<\/strong> Fabriqu\u00e9 localement en Su\u00e8de.<\/li>\n<li><strong>Durabilit\u00e9\u00a0:<\/strong> Un choix pour l\u2019environnement et l\u2019avenir.<\/li>\n<li><strong>Design unique\u00a0:<\/strong> Des milliers d\u2019options de personnalisation \u2013 pour tous les styles et tous les besoins.<\/li>\n<\/ul>\n<p>Commandez votre ceinture revolver artisanale d\u00e8s aujourd\u2019hui et d\u00e9couvrez la qualit\u00e9 su\u00e9doise de classe mondiale. <a href=\"https:\/\/jjcustomworks.se\/fr\/\">Visitez notre site Web pour voir toute la collection<\/a>.<\/p>\n<p>\u2714\ufe0f <strong>Sans produits chimiques nocifs<\/strong><br>\u2714\ufe0f <strong>Produit localement<\/strong><br>\u2714\ufe0f <strong>Fabrication \u00e9cologique et \u00e9thique<\/strong><\/p>","protected":false},"excerpt":{"rendered":"<p>Ceintures Revolver Artisanales en Cuir T\u00e4rnsj\u00f6 Premium de JJ Custom Works Ceintures revolver durables en cuir su\u00e9dois tann\u00e9 v\u00e9g\u00e9tal Ceintures Revolver Artisanales en Cuir Su\u00e9dois T\u00e4rnsj\u00f6 Premium \u2013 Parfaites pour ceux qui recherchent qualit\u00e9 et durabilit\u00e9\u00a0! Cette ceinture revolver est fabriqu\u00e9e avec soin \u00e0 Arboga, en Su\u00e8de, \u00e0 partir de cuir tann\u00e9 v\u00e9g\u00e9tal de T\u00e4rnsj\u00f6 [&#8230;]\n","protected":false},"featured_media":77557,"template":"","meta":[],"product_brand":[],"product_cat":[9493],"product_tag":[],"class_list":{"0":"post-77561","1":"product","2":"type-product","3":"status-publish","4":"has-post-thumbnail","6":"product_cat-handgjorda-balten","8":"first","9":"instock","10":"taxable","11":"shipping-taxable","12":"purchasable","13":"product-type-simple"},"_links":{"self":[{"href":"https:\/\/jjcustomworks.se\/fr\/wp-json\/wp\/v2\/product\/77561","targetHints":{"allow":["GET"]}}],"collection":[{"href":"https:\/\/jjcustomworks.se\/fr\/wp-json\/wp\/v2\/product"}],"about":[{"href":"https:\/\/jjcustomworks.se\/fr\/wp-json\/wp\/v2\/types\/product"}],"wp:featuredmedia":[{"embeddable":true,"href":"https:\/\/jjcustomworks.se\/fr\/wp-json\/wp\/v2\/media\/77557"}],"wp:attachment":[{"href":"https:\/\/jjcustomworks.se\/fr\/wp-json\/wp\/v2\/media?parent=77561"}],"wp:term":[{"taxonomy":"product_brand","embeddable":true,"href":"https:\/\/jjcustomworks.se\/fr\/wp-json\/wp\/v2\/product_brand?post=77561"},{"taxonomy":"product_cat","embeddable":true,"href":"https:\/\/jjcustomworks.se\/fr\/wp-json\/wp\/v2\/product_cat?post=77561"},{"taxonomy":"product_tag","embeddable":true,"href":"https:\/\/jjcustomworks.se\/fr\/wp-json\/wp\/v2\/product_tag?post=77561"}],"curies":[{"name":"wp","href":"https:\/\/api.w.org\/{rel}","templated":true}]}}