{"id":77551,"date":"2025-10-16T19:47:15","date_gmt":"2025-10-16T17:47:15","guid":{"rendered":"https:\/\/jjcustomworks.se\/product\/handmade-gun-belt-premium-swedish-tarnsjo-leather-jj-custom-works-32\/"},"modified":"2025-10-16T19:55:39","modified_gmt":"2025-10-16T17:55:39","slug":"ceinture-revolver-artisanale-cuir-tarnsjo-8","status":"publish","type":"product","link":"https:\/\/jjcustomworks.se\/fr\/produit\/ceinture-revolver-artisanale-cuir-tarnsjo-8\/","title":{"rendered":"Ceinture Revolver Artisanale Cuir T\u00e4rnsj\u00f6 | JJ Custom Works"},"content":{"rendered":"<h1><span class=\"ez-toc-section\" id=\"Ceintures_Revolver_Fabriquees_a_la_Main_en_Cuir_Premium_Tarnsjo\"><\/span>Ceintures Revolver Fabriqu\u00e9es \u00e0 la Main en Cuir Premium T\u00e4rnsj\u00f6<span class=\"ez-toc-section-end\"><\/span><\/h1><h2><span class=\"ez-toc-section\" id=\"Priorite_a_la_qualite_et_a_la_durabilite\"><\/span>Priorit\u00e9 \u00e0 la qualit\u00e9 et \u00e0 la durabilit\u00e9<span class=\"ez-toc-section-end\"><\/span><\/h2><p>Ces ceintures revolver sont fabriqu\u00e9es \u00e0 la main en Su\u00e8de \u00e0 partir de cuir tann\u00e9 v\u00e9g\u00e9tal de T\u00e4rnsj\u00f6 Garveri. Les ceintures sont personnalisables et, avec un entretien appropri\u00e9, elles durent toute une vie.<\/p><h3><span class=\"ez-toc-section\" id=\"Details_du_produit\"><\/span>D\u00e9tails du produit:<span class=\"ez-toc-section-end\"><\/span><\/h3><ul><li><strong>Longueur:<\/strong> Personnalisable, standard 100 cm (90-110 cm)<\/li><li><strong>Largeur:<\/strong> 7 cm<\/li><li><strong>\u00c9paisseur<\/strong>: 2-3mm<\/li><li><strong>Couleur:<\/strong> Violet (des variations peuvent survenir)<\/li><li><strong>Nombre de porte-cartouches:<\/strong> 12 pi\u00e8ces<\/li><li><strong>Diam\u00e8tre de la cartouche:<\/strong> 10 mm<\/li><\/ul><h3><span class=\"ez-toc-section\" id=\"Caracteristiques_de_nos_ceintures_revolver\"><\/span>Caract\u00e9ristiques de nos ceintures revolver<span class=\"ez-toc-section-end\"><\/span><\/h3><ol><li><strong>Conception personnalisable:<\/strong><br>Des milliers de variations avec diff\u00e9rentes longueurs, couleurs et motifs.<\/li><li><strong>Mat\u00e9riau respectueux de l'environnement:<\/strong><br>Cuir tann\u00e9 v\u00e9g\u00e9tal provenant de vaches su\u00e9doises b\u00e9n\u00e9ficiant d'un bon bien-\u00eatre animal.<\/li><li><strong>Durable et r\u00e9parable:<\/strong><br>Facile \u00e0 r\u00e9parer et \u00e0 remplacer les rivets ou les coutures.<\/li><\/ol><h3><span class=\"ez-toc-section\" id=\"Conseils_dentretien\"><\/span>Conseils d&#8217;entretien<span class=\"ez-toc-section-end\"><\/span><\/h3><p>Graissez r\u00e9guli\u00e8rement la ceinture avec de la graisse pour cuir afin de pr\u00e9server la souplesse du cuir.<\/p><h3><span class=\"ez-toc-section\" id=\"Pourquoi_choisir_nos_ceintures_revolver\"><\/span>Pourquoi choisir nos ceintures revolver?<span class=\"ez-toc-section-end\"><\/span><\/h3><ul><li><strong>Cuir su\u00e9dois de premi\u00e8re qualit\u00e9:<\/strong> De T\u00e4rnsj\u00f6 Garveri.<\/li><li><strong>Artisanat avec fiert\u00e9:<\/strong> Fabriqu\u00e9 en Su\u00e8de.<\/li><li><strong>Durabilit\u00e9:<\/strong> Choix respectueux de l'environnement.<\/li><li><strong>Design unique:<\/strong> Options de personnalisation pour tous les styles.<\/li><\/ul><p>Commandez d\u00e8s aujourd'hui votre ceinture revolver fabriqu\u00e9e \u00e0 la main et d\u00e9couvrez la qualit\u00e9 su\u00e9doise. <a href=\"https:\/\/jjcustomworks.se\/fr\/\">Visitez notre site Web<\/a> pour voir notre gamme compl\u00e8te.<\/p><p>\u2714\ufe0f <strong>Sans produits chimiques dangereux<\/strong><br>\u2714\ufe0f <strong>Produit localement<\/strong><br>\u2714\ufe0f <strong>Fabrication respectueuse de l'environnement<\/strong><\/p><p>D\u00e9couvrez nos autres <a href=\"https:\/\/jjcustomworks.se\/fr\/magasin\/\">produits en cuir<\/a> il <a href=\"https:\/\/jjcustomworks.se\/fr\/categorie-de-produit\/fait-a-la-main\/ceinture-faite-a-la-main\/\">ceintures<\/a> pour trouver l'accessoire parfait.<\/p>","protected":false},"excerpt":{"rendered":"<p>Ceintures Revolver Fabriqu\u00e9es \u00e0 la Main en Cuir Premium T\u00e4rnsj\u00f6Priorit\u00e9 \u00e0 la qualit\u00e9 et \u00e0 la durabilit\u00e9Ces ceintures revolver sont fabriqu\u00e9es \u00e0 la main en Su\u00e8de \u00e0 partir de cuir tann\u00e9 v\u00e9g\u00e9tal de T\u00e4rnsj\u00f6 Garveri. Les ceintures sont personnalisables et, avec un entretien appropri\u00e9, elles durent toute une vie.D\u00e9tails du produit:Longueur: Personnalisable, standard 100 cm [&#8230;]\n","protected":false},"featured_media":77547,"template":"","meta":[],"product_brand":[],"product_cat":[9493],"product_tag":[],"class_list":{"0":"post-77551","1":"product","2":"type-product","3":"status-publish","4":"has-post-thumbnail","6":"product_cat-handgjorda-balten","8":"first","9":"instock","10":"taxable","11":"shipping-taxable","12":"purchasable","13":"product-type-simple"},"_links":{"self":[{"href":"https:\/\/jjcustomworks.se\/fr\/wp-json\/wp\/v2\/product\/77551","targetHints":{"allow":["GET"]}}],"collection":[{"href":"https:\/\/jjcustomworks.se\/fr\/wp-json\/wp\/v2\/product"}],"about":[{"href":"https:\/\/jjcustomworks.se\/fr\/wp-json\/wp\/v2\/types\/product"}],"wp:featuredmedia":[{"embeddable":true,"href":"https:\/\/jjcustomworks.se\/fr\/wp-json\/wp\/v2\/media\/77547"}],"wp:attachment":[{"href":"https:\/\/jjcustomworks.se\/fr\/wp-json\/wp\/v2\/media?parent=77551"}],"wp:term":[{"taxonomy":"product_brand","embeddable":true,"href":"https:\/\/jjcustomworks.se\/fr\/wp-json\/wp\/v2\/product_brand?post=77551"},{"taxonomy":"product_cat","embeddable":true,"href":"https:\/\/jjcustomworks.se\/fr\/wp-json\/wp\/v2\/product_cat?post=77551"},{"taxonomy":"product_tag","embeddable":true,"href":"https:\/\/jjcustomworks.se\/fr\/wp-json\/wp\/v2\/product_tag?post=77551"}],"curies":[{"name":"wp","href":"https:\/\/api.w.org\/{rel}","templated":true}]}}