{"id":77536,"date":"2025-10-16T19:46:51","date_gmt":"2025-10-16T17:46:51","guid":{"rendered":"https:\/\/jjcustomworks.se\/product\/handmade-gun-belt-premium-swedish-tarnsjo-leather-jj-custom-works-29\/"},"modified":"2025-10-16T19:55:43","modified_gmt":"2025-10-16T17:55:43","slug":"ceintures-revolver-en-cuir-tannsjo","status":"publish","type":"product","link":"https:\/\/jjcustomworks.se\/fr\/produit\/ceintures-revolver-en-cuir-tannsjo\/","title":{"rendered":"Ceintures Revolver en Cuir | JJ Custom Works"},"content":{"rendered":"<h1><span class=\"ez-toc-section\" id=\"Ceintures_Revolver_Fabriquees_a_la_Main_en_Cuir_Premium_Tarnsjo_de_JJ_Custom_Works\"><\/span>Ceintures Revolver Fabriqu\u00e9es \u00e0 la Main en Cuir Premium T\u00e4rnsj\u00f6 de JJ Custom Works<span class=\"ez-toc-section-end\"><\/span><\/h1>\n<h2><span class=\"ez-toc-section\" id=\"Ceintures_Revolver_Premium_en_Cuir_Suedois_Tarnsjo\"><\/span>Ceintures Revolver Premium en Cuir Su\u00e9dois T\u00e4rnsj\u00f6<span class=\"ez-toc-section-end\"><\/span><\/h2>\n<p>D\u00e9couvrez nos ceintures revolver fabriqu\u00e9es \u00e0 la main, confectionn\u00e9es en Su\u00e8de \u00e0 partir de cuir tann\u00e9 v\u00e9g\u00e9tal de T\u00e4rnsj\u00f6 Garveri. Ces ceintures allient style unique, durabilit\u00e9 et personnalisation selon vos besoins. Chaque ceinture est un investissement dans la qualit\u00e9 et le respect de l'environnement. Une ceinture qui dure toute une vie avec un entretien appropri\u00e9 ! D\u00e9couvrez notre s\u00e9lection de <a href=\"https:\/\/jjcustomworks.se\/fr\/magasin\/\">ceintures en cuir<\/a> \u00e0 partir d&#039;aujourd&#039;hui.<\/p>\n<h3><span class=\"ez-toc-section\" id=\"Details_du_Produit\"><\/span>D\u00e9tails du produit<span class=\"ez-toc-section-end\"><\/span><\/h3>\n<ul>\n <li><strong>Longueur:<\/strong> Personnalisable, standard 100 cm (disponible pour 90-110 cm)<\/li>\n <li><strong>Largeur:<\/strong> 7 cm<\/li>\n <li><strong>\u00c9paisseur:<\/strong> 2-3mm<\/li>\n <li><strong>Couleur:<\/strong> Violet (des variations peuvent survenir)<\/li>\n <li><strong>Nombre de porte-cartouches :<\/strong> 18 pcs<\/li>\n <li><strong>Diam\u00e8tre des cartouches :<\/strong> 10 mm<\/li>\n<\/ul>\n<h3><span class=\"ez-toc-section\" id=\"Ceintures_Revolver_Personnalisables\"><\/span>Ceintures Revolver Personnalisables<span class=\"ez-toc-section-end\"><\/span><\/h3>\n<p>Nos ceintures revolver offrent des milliers d'options de personnalisation. Choisissez parmi diff\u00e9rentes longueurs, couleurs (au moins 13 options) et motifs. Contrairement aux alternatives tann\u00e9es au chrome, nous utilisons du cuir tann\u00e9 v\u00e9g\u00e9tal, qui est \u00e0 la fois \u00e9cologique et non toxique. Ce cuir provient de vaches su\u00e9doises, garantissant des normes \u00e9lev\u00e9es de bien-\u00eatre animal. Visitez notre <a href=\"https:\/\/jjcustomworks.se\/fr\/categorie-de-produit\/fait-a-la-main\/ceinture-faite-a-la-main\/\">cat\u00e9gorie de ceintures<\/a> pour explorer toutes les options.<\/p>\n<h3><span class=\"ez-toc-section\" id=\"Durabilite_et_Entretien\"><\/span>Durabilit\u00e9 et entretien<span class=\"ez-toc-section-end\"><\/span><\/h3>\n<p>Nos ceintures sont non seulement durables, mais aussi faciles \u00e0 r\u00e9parer, ce qui prolonge leur dur\u00e9e de vie. Pour pr\u00e9server la souplesse et la belle finition du cuir, nous recommandons une lubrification r\u00e9guli\u00e8re avec de la graisse pour cuir. Choisissez une ceinture qui est bonne pour vous et pour l'environnement.  D\u00e9couvrez notre <a href=\"https:\/\/jjcustomworks.se\/fr\/\">gamme de produits<\/a> pour d'autres options durables.<\/p>\n<h3><span class=\"ez-toc-section\" id=\"Pourquoi_Choisir_Nos_Ceintures_Revolver\"><\/span>Pourquoi Choisir Nos Ceintures Revolver ?<span class=\"ez-toc-section-end\"><\/span><\/h3>\n<ul>\n <li><strong>Cuir su\u00e9dois premium :<\/strong> De T\u00e4rnsj\u00f6 Garveri.<\/li>\n <li><strong>Fabriqu\u00e9 \u00e0 la main avec fiert\u00e9 :<\/strong> Fabriqu\u00e9 localement en Su\u00e8de.<\/li>\n <li><strong>Durabilit\u00e9:<\/strong> Un choix respectueux de l'environnement.<\/li>\n <li><strong>Conception unique :<\/strong> Des milliers d'options de personnalisation.<\/li>\n<\/ul>\n<p>Commandez votre ceinture revolver fabriqu\u00e9e \u00e0 la main d\u00e8s aujourd'hui et d\u00e9couvrez la qualit\u00e9 su\u00e9doise !<\/p>\n<p>\u2714\ufe0f Sans produits chimiques dangereux<br>\u2714\ufe0f Produit localement<br>\u2714\ufe0f Fabrication \u00e9cologique et \u00e9thique<\/p>","protected":false},"excerpt":{"rendered":"<p>Ceintures Revolver Fabriqu\u00e9es \u00e0 la Main en Cuir Premium T\u00e4rnsj\u00f6 de JJ Custom Works Ceintures Revolver Premium en Cuir Su\u00e9dois T\u00e4rnsj\u00f6 D\u00e9couvrez nos ceintures revolver fabriqu\u00e9es \u00e0 la main, confectionn\u00e9es en Su\u00e8de \u00e0 partir de cuir tann\u00e9 v\u00e9g\u00e9tal de T\u00e4rnsj\u00f6 Garveri. Ces ceintures allient style unique, durabilit\u00e9 et personnalisation selon vos besoins. Chaque ceinture est [&#8230;]\n","protected":false},"featured_media":77532,"template":"","meta":[],"product_brand":[],"product_cat":[9493],"product_tag":[],"class_list":{"0":"post-77536","1":"product","2":"type-product","3":"status-publish","4":"has-post-thumbnail","6":"product_cat-handgjorda-balten","8":"first","9":"instock","10":"taxable","11":"shipping-taxable","12":"purchasable","13":"product-type-simple"},"_links":{"self":[{"href":"https:\/\/jjcustomworks.se\/fr\/wp-json\/wp\/v2\/product\/77536","targetHints":{"allow":["GET"]}}],"collection":[{"href":"https:\/\/jjcustomworks.se\/fr\/wp-json\/wp\/v2\/product"}],"about":[{"href":"https:\/\/jjcustomworks.se\/fr\/wp-json\/wp\/v2\/types\/product"}],"wp:featuredmedia":[{"embeddable":true,"href":"https:\/\/jjcustomworks.se\/fr\/wp-json\/wp\/v2\/media\/77532"}],"wp:attachment":[{"href":"https:\/\/jjcustomworks.se\/fr\/wp-json\/wp\/v2\/media?parent=77536"}],"wp:term":[{"taxonomy":"product_brand","embeddable":true,"href":"https:\/\/jjcustomworks.se\/fr\/wp-json\/wp\/v2\/product_brand?post=77536"},{"taxonomy":"product_cat","embeddable":true,"href":"https:\/\/jjcustomworks.se\/fr\/wp-json\/wp\/v2\/product_cat?post=77536"},{"taxonomy":"product_tag","embeddable":true,"href":"https:\/\/jjcustomworks.se\/fr\/wp-json\/wp\/v2\/product_tag?post=77536"}],"curies":[{"name":"wp","href":"https:\/\/api.w.org\/{rel}","templated":true}]}}