{"id":77531,"date":"2025-10-16T19:46:44","date_gmt":"2025-10-16T17:46:44","guid":{"rendered":"https:\/\/jjcustomworks.se\/product\/handmade-gun-belt-premium-swedish-tarnsjo-leather-jj-custom-works-28\/"},"modified":"2025-10-16T19:55:44","modified_gmt":"2025-10-16T17:55:44","slug":"ceinture-revolver-artisanale-cuir-tarnsjo-10","status":"publish","type":"product","link":"https:\/\/jjcustomworks.se\/fr\/produit\/ceinture-revolver-artisanale-cuir-tarnsjo-10\/","title":{"rendered":"Ceinture Revolver Artisanale Cuir T\u00e4rnsj\u00f6 | JJ Custom Works"},"content":{"rendered":"<h1><span class=\"ez-toc-section\" id=\"Ceintures_revolver_artisanales_en_cuir_Tarnsjo_de_premiere_qualite\"><\/span>Ceintures revolver artisanales en cuir T\u00e4rnsj\u00f6 de premi\u00e8re qualit\u00e9<span class=\"ez-toc-section-end\"><\/span><\/h1>\n<h2><span class=\"ez-toc-section\" id=\"Ceintures_revolver_de_fabrication_suedoise_en_cuir_tanne_vegetal\"><\/span>Ceintures revolver de fabrication su\u00e9doise en cuir tann\u00e9 v\u00e9g\u00e9tal<span class=\"ez-toc-section-end\"><\/span><\/h2>\n<p>Investissez dans une ceinture revolver artisanale de JJ Custom Works, fabriqu\u00e9e en cuir T\u00e4rnsj\u00f6 de premi\u00e8re qualit\u00e9\u00a0! Nos ceintures revolver sont fabriqu\u00e9es avec soin \u00e0 Arboga, en Su\u00e8de, \u00e0 partir de cuir tann\u00e9 v\u00e9g\u00e9tal de T\u00e4rnsj\u00f6 Garveri. Avec un entretien appropri\u00e9, la ceinture durera toute une vie. Il s\u2019agit d\u2019un investissement dans le style et la durabilit\u00e9.<\/p>\n<h3><span class=\"ez-toc-section\" id=\"Details_du_produit\"><\/span>D\u00e9tails du produit:<span class=\"ez-toc-section-end\"><\/span><\/h3>\n<ul>\n <li><strong>Longueur:<\/strong> Personnalisable, standard 120\u00a0cm (disponible pour 110-130\u00a0cm)<\/li>\n <li><strong>Largeur:<\/strong> 7\u00a0cm<\/li>\n <li><strong>\u00c9paisseur:<\/strong> 2-3\u00a0mm<\/li>\n <li><strong>Couleur\u00a0:<\/strong> Violet (de l\u00e9g\u00e8res variations peuvent survenir en raison de la teinture \u00e0 la main)<\/li>\n <li><strong>Nombre de porte-cartouches\u00a0:<\/strong> 12\u00a0pi\u00e8ces<\/li>\n <li><strong>Diam\u00e8tre des cartouches\u00a0:<\/strong> 10\u00a0mm<\/li>\n<\/ul>\n<h3><span class=\"ez-toc-section\" id=\"Ceinture_revolver_personnalisable\"><\/span>Ceinture revolver personnalisable\u00a0:<span class=\"ez-toc-section-end\"><\/span><\/h3>\n<p>Nous proposons des milliers de variantes de ceintures revolver\u00a0: diff\u00e9rentes longueurs, couleurs (au moins 13\u00a0options), ainsi que des options \u00e0 motifs ou \u00e9l\u00e9gantes et lisses. Nos ceintures sont con\u00e7ues pour r\u00e9pondre \u00e0 vos besoins. <a href=\"https:\/\/jjcustomworks.se\/fr\/magasin\/\">D\u00e9couvrez notre s\u00e9lection de ceintures en cuir faites \u00e0 la main<\/a> pour trouver la combinaison parfaite pour votre style. Chaque ceinture est fabriqu\u00e9e en cuir tann\u00e9 v\u00e9g\u00e9tal, qui est \u00e9cologique et non toxique.<\/p>\n<h3><span class=\"ez-toc-section\" id=\"Ceinture_revolver_durable_et_reparable\"><\/span>Ceinture revolver durable et r\u00e9parable<span class=\"ez-toc-section-end\"><\/span><\/h3>\n<p>Nos ceintures revolver ne sont pas seulement durables, elles sont \u00e9galement faciles \u00e0 r\u00e9parer. En cas d\u2019accident, vous pouvez remplacer les rivets ou r\u00e9parer les coutures sans aucun probl\u00e8me. Pour prolonger la dur\u00e9e de vie, nous vous recommandons de lubrifier r\u00e9guli\u00e8rement votre ceinture avec de la graisse pour cuir. Il pr\u00e9serve la souplesse et la belle finition du cuir.<\/p>\n<h3><span class=\"ez-toc-section\" id=\"Pourquoi_choisir_nos_ceintures_revolver\"><\/span>Pourquoi choisir nos ceintures revolver<span class=\"ez-toc-section-end\"><\/span><\/h3>\n<ul>\n <li><strong>Cuir su\u00e9dois de premi\u00e8re qualit\u00e9\u00a0:<\/strong> De la l\u00e9gendaire T\u00e4rnsj\u00f6 Garveri.<\/li>\n <li><strong>Savoir-faire artisanal avec fiert\u00e9\u00a0:<\/strong> Fabriqu\u00e9 localement en Su\u00e8de.<\/li>\n <li><strong>Durabilit\u00e9\u00a0:<\/strong> Un choix pour l\u2019environnement et l\u2019avenir.<\/li>\n <li><strong>Design unique\u00a0:<\/strong> Des milliers d\u2019options de personnalisation \u2013 pour tous les styles et besoins.<\/li>\n<\/ul>\n<p><a href=\"https:\/\/jjcustomworks.se\/fr\/\">D\u00e9couvrez-en davantage sur notre engagement<\/a> envers la qualit\u00e9 et la durabilit\u00e9. Commandez votre ceinture revolver artisanale d\u00e8s aujourd\u2019hui\u00a0! Offrez-vous ou \u00e0 un \u00eatre cher un accessoire exclusif et durable. Cliquez sur votre ceinture d\u00e8s maintenant et d\u00e9couvrez la qualit\u00e9 su\u00e9doise de classe mondiale. <a href=\"https:\/\/jjcustomworks.se\/fr\/categorie-de-produit\/fait-a-la-main\/ceinture-faite-a-la-main\/\">D\u00e9couvrez notre gamme de produits en cuir<\/a>.<\/p>\n<p>\u2714\ufe0f <strong>Sans produits chimiques dangereux<\/strong><br>\u2714\ufe0f <strong>Produit localement<\/strong><br>\u2714\ufe0f <strong>Fabrication \u00e9cologique et \u00e9thique<\/strong><\/p>","protected":false},"excerpt":{"rendered":"<p>Ceintures revolver artisanales en cuir T\u00e4rnsj\u00f6 de premi\u00e8re qualit\u00e9 Ceintures revolver de fabrication su\u00e9doise en cuir tann\u00e9 v\u00e9g\u00e9tal Investissez dans une ceinture revolver artisanale de JJ Custom Works, fabriqu\u00e9e en cuir T\u00e4rnsj\u00f6 de premi\u00e8re qualit\u00e9\u00a0! Nos ceintures revolver sont fabriqu\u00e9es avec soin \u00e0 Arboga, en Su\u00e8de, \u00e0 partir de cuir tann\u00e9 v\u00e9g\u00e9tal de T\u00e4rnsj\u00f6 Garveri. [&#8230;]\n","protected":false},"featured_media":77527,"template":"","meta":[],"product_brand":[],"product_cat":[9493],"product_tag":[],"class_list":{"0":"post-77531","1":"product","2":"type-product","3":"status-publish","4":"has-post-thumbnail","6":"product_cat-handgjorda-balten","8":"first","9":"instock","10":"taxable","11":"shipping-taxable","12":"purchasable","13":"product-type-simple"},"_links":{"self":[{"href":"https:\/\/jjcustomworks.se\/fr\/wp-json\/wp\/v2\/product\/77531","targetHints":{"allow":["GET"]}}],"collection":[{"href":"https:\/\/jjcustomworks.se\/fr\/wp-json\/wp\/v2\/product"}],"about":[{"href":"https:\/\/jjcustomworks.se\/fr\/wp-json\/wp\/v2\/types\/product"}],"wp:featuredmedia":[{"embeddable":true,"href":"https:\/\/jjcustomworks.se\/fr\/wp-json\/wp\/v2\/media\/77527"}],"wp:attachment":[{"href":"https:\/\/jjcustomworks.se\/fr\/wp-json\/wp\/v2\/media?parent=77531"}],"wp:term":[{"taxonomy":"product_brand","embeddable":true,"href":"https:\/\/jjcustomworks.se\/fr\/wp-json\/wp\/v2\/product_brand?post=77531"},{"taxonomy":"product_cat","embeddable":true,"href":"https:\/\/jjcustomworks.se\/fr\/wp-json\/wp\/v2\/product_cat?post=77531"},{"taxonomy":"product_tag","embeddable":true,"href":"https:\/\/jjcustomworks.se\/fr\/wp-json\/wp\/v2\/product_tag?post=77531"}],"curies":[{"name":"wp","href":"https:\/\/api.w.org\/{rel}","templated":true}]}}