{"id":77526,"date":"2025-10-16T19:46:37","date_gmt":"2025-10-16T17:46:37","guid":{"rendered":"https:\/\/jjcustomworks.se\/product\/handmade-gun-belt-premium-swedish-tarnsjo-leather-jj-custom-works-27\/"},"modified":"2025-10-16T19:55:45","modified_gmt":"2025-10-16T17:55:45","slug":"ceinture-revolver-en-cuir-tarnsjo-fait-main","status":"publish","type":"product","link":"https:\/\/jjcustomworks.se\/fr\/produit\/ceinture-revolver-en-cuir-tarnsjo-fait-main\/","title":{"rendered":"Ceinture Revolver en Cuir T\u00e4rnsj\u00f6 Fait Main | JJ Custom Works"},"content":{"rendered":"<h1><span class=\"ez-toc-section\" id=\"Ceintures_Revolver_Fabriquees_a_la_Main_en_Cuir_Tarnsjo_de_JJ_Custom_Works\"><\/span>Ceintures Revolver Fabriqu\u00e9es \u00e0 la Main en Cuir T\u00e4rnsj\u00f6 de JJ Custom Works<span class=\"ez-toc-section-end\"><\/span><\/h1>\n<h2><span class=\"ez-toc-section\" id=\"Qualite_Premium_et_Durabilite\"><\/span>Qualit\u00e9 Premium et Durabilit\u00e9<span class=\"ez-toc-section-end\"><\/span><\/h2>\n<p>D\u00e9couvrez nos ceintures revolver fabriqu\u00e9es \u00e0 la main, en Su\u00e8de, \u00e0 partir de cuir T\u00e4rnsj\u00f6 de premi\u00e8re qualit\u00e9. Un choix \u00e9cologique et durable pour ceux qui appr\u00e9cient la qualit\u00e9 et l'artisanat unique. Personnalisez votre ceinture selon votre style et vos besoins. <a href=\"https:\/\/jjcustomworks.se\/fr\/\">Visitez JJ Custom Works<\/a> pour trouver votre ceinture revolver unique d\u00e8s aujourd'hui.<\/p>\n\n<h2><span class=\"ez-toc-section\" id=\"Details_du_Produit\"><\/span>D\u00e9tails du produit<span class=\"ez-toc-section-end\"><\/span><\/h2>\n<h3><span class=\"ez-toc-section\" id=\"Caracteristiques\"><\/span>Caract\u00e9ristiques:<span class=\"ez-toc-section-end\"><\/span><\/h3>\n<ul>\n <li><strong>Cuir :<\/strong> Cuir T\u00e4rnsj\u00f6 tann\u00e9 v\u00e9g\u00e9talement<\/li>\n <li><strong>Production :<\/strong> Fabriqu\u00e9 \u00e0 la main \u00e0 Arboga, Su\u00e8de<\/li>\n <li><strong>Longueur:<\/strong> Personnalisable, standard 120 cm (110-130 cm)<\/li>\n <li><strong>Largeur:<\/strong> 7 cm<\/li>\n <li><strong>\u00c9paisseur:<\/strong> 2-3mm<\/li>\n <li><strong>Couleur:<\/strong> Vert (des variations peuvent survenir)<\/li>\n <li><strong>Porte-cartouches :<\/strong> 18 pi\u00e8ces<\/li>\n <li><strong>Diam\u00e8tre des cartouches :<\/strong> 10 mm<\/li>\n<\/ul>\n\n<h2><span class=\"ez-toc-section\" id=\"Pourquoi_Nos_Ceintures_Revolver\"><\/span>Pourquoi Nos Ceintures Revolver ?<span class=\"ez-toc-section-end\"><\/span><\/h2>\n<ol>\n <li>\n  <h3><span class=\"ez-toc-section\" id=\"Design_Personnalisable\"><\/span>Design Personnalisable<span class=\"ez-toc-section-end\"><\/span><\/h3>\n  <p>Choisissez parmi des milliers de variations avec diff\u00e9rentes longueurs, couleurs et motifs. Cr\u00e9ez une ceinture qui correspond \u00e0 votre style unique. Cherchez-vous d'autres <a href=\"https:\/\/jjcustomworks.se\/fr\/magasin\/\">accessoires en cuir<\/a> assortis ?<\/p>\n <\/li>\n <li>\n  <h3><span class=\"ez-toc-section\" id=\"Materiau_Ecologique\"><\/span>Mat\u00e9riau \u00c9cologique<span class=\"ez-toc-section-end\"><\/span><\/h3>\n  <p>Cuir tann\u00e9 v\u00e9g\u00e9talement provenant de vaches su\u00e9doises, une m\u00e9thode de production non toxique et respectueuse de l'environnement avec un bien-\u00eatre animal de premier plan.<\/p>\n <\/li>\n <li>\n  <h3><span class=\"ez-toc-section\" id=\"Durable_et_Reparable\"><\/span>Durable et R\u00e9parable<span class=\"ez-toc-section-end\"><\/span><\/h3>\n  <p>Ceintures durables et faciles \u00e0 r\u00e9parer. Remplacez les rivets ou r\u00e9parez les coutures sans probl\u00e8me. Consultez notre gamme de <a href=\"https:\/\/jjcustomworks.se\/fr\/categorie-de-produit\/fait-a-la-main\/ceinture-faite-a-la-main\/\">holsters de revolver en cuir<\/a> pour un ensemble complet.<\/p>\n <\/li>\n<\/ol>\n\n<h2><span class=\"ez-toc-section\" id=\"Conseils_dEntretien\"><\/span>Conseils d&#8217;Entretien<span class=\"ez-toc-section-end\"><\/span><\/h2>\n<p>Graissez r\u00e9guli\u00e8rement la ceinture avec de la graisse pour cuir afin de pr\u00e9server la souplesse du cuir et sa belle finition, ce qui prolonge sa dur\u00e9e de vie.<\/p>\n\n<h2><span class=\"ez-toc-section\" id=\"Pourquoi_Choisir_Nos_Ceintures\"><\/span>Pourquoi Choisir Nos Ceintures<span class=\"ez-toc-section-end\"><\/span><\/h2>\n<ul>\n <li>Cuir Su\u00e9dois Premium de la Tannerie T\u00e4rnsj\u00f6<\/li>\n <li>Artisanat avec Fiert\u00e9, fabriqu\u00e9 localement en Su\u00e8de<\/li>\n <li>Durabilit\u00e9, un choix pour l'environnement et l'avenir<\/li>\n <li>Design Unique, des milliers d'options de personnalisation<\/li>\n<\/ul>\n\n<h2><span class=\"ez-toc-section\" id=\"Commandez_Votre_Ceinture_Revolver_Fabriquee_a_la_Main_Des_Aujourdhui\"><\/span>Commandez Votre Ceinture Revolver Fabriqu\u00e9e \u00e0 la Main D\u00e8s Aujourd&#8217;hui !<span class=\"ez-toc-section-end\"><\/span><\/h2>\n<p>Offrez un accessoire exclusif et durable. Cliquez maintenant pour commander votre ceinture et d\u00e9couvrez la qualit\u00e9 su\u00e9doise de classe mondiale. Fabriqu\u00e9 localement, sans produits chimiques dangereux et respectueux de l'environnement.<\/p>","protected":false},"excerpt":{"rendered":"<p>Ceintures Revolver Fabriqu\u00e9es \u00e0 la Main en Cuir T\u00e4rnsj\u00f6 de JJ Custom Works Qualit\u00e9 Premium et Durabilit\u00e9 D\u00e9couvrez nos ceintures revolver fabriqu\u00e9es \u00e0 la main, en Su\u00e8de, \u00e0 partir de cuir T\u00e4rnsj\u00f6 de premi\u00e8re qualit\u00e9. Un choix \u00e9cologique et durable pour ceux qui appr\u00e9cient la qualit\u00e9 et l&#8217;artisanat unique. Personnalisez votre ceinture selon votre style [&#8230;]\n","protected":false},"featured_media":77522,"template":"","meta":[],"product_brand":[],"product_cat":[9493],"product_tag":[],"class_list":{"0":"post-77526","1":"product","2":"type-product","3":"status-publish","4":"has-post-thumbnail","6":"product_cat-handgjorda-balten","8":"first","9":"instock","10":"taxable","11":"shipping-taxable","12":"purchasable","13":"product-type-simple"},"_links":{"self":[{"href":"https:\/\/jjcustomworks.se\/fr\/wp-json\/wp\/v2\/product\/77526","targetHints":{"allow":["GET"]}}],"collection":[{"href":"https:\/\/jjcustomworks.se\/fr\/wp-json\/wp\/v2\/product"}],"about":[{"href":"https:\/\/jjcustomworks.se\/fr\/wp-json\/wp\/v2\/types\/product"}],"wp:featuredmedia":[{"embeddable":true,"href":"https:\/\/jjcustomworks.se\/fr\/wp-json\/wp\/v2\/media\/77522"}],"wp:attachment":[{"href":"https:\/\/jjcustomworks.se\/fr\/wp-json\/wp\/v2\/media?parent=77526"}],"wp:term":[{"taxonomy":"product_brand","embeddable":true,"href":"https:\/\/jjcustomworks.se\/fr\/wp-json\/wp\/v2\/product_brand?post=77526"},{"taxonomy":"product_cat","embeddable":true,"href":"https:\/\/jjcustomworks.se\/fr\/wp-json\/wp\/v2\/product_cat?post=77526"},{"taxonomy":"product_tag","embeddable":true,"href":"https:\/\/jjcustomworks.se\/fr\/wp-json\/wp\/v2\/product_tag?post=77526"}],"curies":[{"name":"wp","href":"https:\/\/api.w.org\/{rel}","templated":true}]}}