{"id":77481,"date":"2025-10-16T19:42:59","date_gmt":"2025-10-16T17:42:59","guid":{"rendered":"https:\/\/jjcustomworks.se\/product\/cyma-cm-125-tan-electric-6mm-airsoft\/"},"modified":"2025-10-16T19:55:50","modified_gmt":"2025-10-16T17:55:50","slug":"cyma-cm-125-tan-pistolet-airsoft-electrique","status":"publish","type":"product","link":"https:\/\/jjcustomworks.se\/fr\/produit\/cyma-cm-125-tan-pistolet-airsoft-electrique\/","title":{"rendered":"CYMA CM.125 Tan Pistolet Airsoft \u00c9lectrique"},"content":{"rendered":"<h1>CYMA CM.125 - Tan - Airsoft \u00c9lectrique 6mm<\/h1>\n<h2><span class=\"ez-toc-section\" id=\"Replique_de_Pistolet_Electrique_CM125_par_CYMA\"><\/span>R\u00e9plique de Pistolet \u00c9lectrique CM125 par CYMA<span class=\"ez-toc-section-end\"><\/span><\/h2>\n<p>La r\u00e9plique CM125, fabriqu\u00e9e par Cyma, est une excellente alternative aux mod\u00e8les \u00e0 gaz vert. La partie sup\u00e9rieure de la r\u00e9plique est faite d'un alliage de zinc et d'aluminium, tandis que la poign\u00e9e du pistolet est en plastique. Le pistolet est aliment\u00e9 par une batterie de 7,2 V au lieu de gaz vert, et il fonctionne sur une base similaire aux carabines AEG. Le m\u00e9canisme de tir est bas\u00e9 sur un moteur \u00e9lectrique plac\u00e9 verticalement dans la poign\u00e9e du pistolet et sur la batterie plac\u00e9e sous le cylindre. Tout comme l'original, il peut tirer en modes semi-automatique et enti\u00e8rement automatique.<\/p>\n<p>D\u00e9couvrez la polyvalence de la capacit\u00e9 du CM125 \u00e0 basculer entre les modes semi-automatique et enti\u00e8rement automatique. Cette fonctionnalit\u00e9 vous offre une flexibilit\u00e9 dans le feu de l'action et une adaptabilit\u00e9 \u00e0 diff\u00e9rents sc\u00e9narios sur le terrain d'airsoft. Fabriqu\u00e9e avec une combinaison de m\u00e9tal et de plastique, la r\u00e9plique offre un \u00e9quilibre entre durabilit\u00e9 et maniabilit\u00e9.<\/p>\n<h3><span class=\"ez-toc-section\" id=\"Specifications\"><\/span>Caract\u00e9ristiques:<span class=\"ez-toc-section-end\"><\/span><\/h3>\n<ul>\n <li>Batterie : Non incluse (7,2 V requis)<\/li>\n <li>Blow Back : Non<\/li>\n <li>Version de la bo\u00eete de vitesses : Bo\u00eete de vitesses sp\u00e9ciale<\/li>\n <li>Hop-Up : Oui<\/li>\n <li>Fabriqu\u00e9 en : Plastique + M\u00e9tal<\/li>\n <li>Capacit\u00e9 du chargeur : 29 pi\u00e8ces<\/li>\n <li>Type de chargeur : Chargeur Low-Cap<\/li>\n <li>Fabricant : CYMA<\/li>\n <li>Propulsion \/ Aliment\u00e9 par : \u00c9lectrique<\/li>\n <li>Type de tir : Simple, automatique<\/li>\n <li>Vitesse initiale : ~190 FPS<\/li>\n <li>Poids : Seulement quelques grammes<\/li>\n<\/ul>\n<p>L'ensemble comprend la r\u00e9plique, un chargeur et un chargeur de chargeur. Explorez notre s\u00e9lection de <a href=\"https:\/\/jjcustomworks.se\/fr\/magasin\/\">pistolets Airsoft<\/a> pour trouver votre correspondance parfaite, et ne manquez pas notre large gamme d'<a href=\"https:\/\/jjcustomworks.se\/fr\/categorie-de-produit\/autres_produits\/airsoft-guns\/\">accessoires Airsoft<\/a> pour compl\u00e9ter votre \u00e9quipement. Visitez notre <a href=\"https:\/\/jjcustomworks.se\/fr\/\">page d&#039;accueil<\/a> pour voir toute notre gamme !<\/p>","protected":false},"excerpt":{"rendered":"<p>CYMA CM.125 &#8211; Tan &#8211; Airsoft \u00c9lectrique 6mm R\u00e9plique de Pistolet \u00c9lectrique CM125 par CYMA La r\u00e9plique CM125, fabriqu\u00e9e par Cyma, est une excellente alternative aux mod\u00e8les \u00e0 gaz vert. La partie sup\u00e9rieure de la r\u00e9plique est faite d&#8217;un alliage de zinc et d&#8217;aluminium, tandis que la poign\u00e9e du pistolet est en plastique. Le pistolet [&#8230;]\n","protected":false},"featured_media":77476,"template":"","meta":[],"product_brand":[],"product_cat":[3150],"product_tag":[],"class_list":{"0":"post-77481","1":"product","2":"type-product","3":"status-publish","4":"has-post-thumbnail","6":"product_cat-airsoft-guns","8":"first","9":"instock","10":"sale","11":"taxable","12":"shipping-taxable","13":"purchasable","14":"product-type-simple"},"_links":{"self":[{"href":"https:\/\/jjcustomworks.se\/fr\/wp-json\/wp\/v2\/product\/77481","targetHints":{"allow":["GET"]}}],"collection":[{"href":"https:\/\/jjcustomworks.se\/fr\/wp-json\/wp\/v2\/product"}],"about":[{"href":"https:\/\/jjcustomworks.se\/fr\/wp-json\/wp\/v2\/types\/product"}],"wp:featuredmedia":[{"embeddable":true,"href":"https:\/\/jjcustomworks.se\/fr\/wp-json\/wp\/v2\/media\/77476"}],"wp:attachment":[{"href":"https:\/\/jjcustomworks.se\/fr\/wp-json\/wp\/v2\/media?parent=77481"}],"wp:term":[{"taxonomy":"product_brand","embeddable":true,"href":"https:\/\/jjcustomworks.se\/fr\/wp-json\/wp\/v2\/product_brand?post=77481"},{"taxonomy":"product_cat","embeddable":true,"href":"https:\/\/jjcustomworks.se\/fr\/wp-json\/wp\/v2\/product_cat?post=77481"},{"taxonomy":"product_tag","embeddable":true,"href":"https:\/\/jjcustomworks.se\/fr\/wp-json\/wp\/v2\/product_tag?post=77481"}],"curies":[{"name":"wp","href":"https:\/\/api.w.org\/{rel}","templated":true}]}}