{"id":77439,"date":"2025-10-16T19:41:59","date_gmt":"2025-10-16T17:41:59","guid":{"rendered":"https:\/\/jjcustomworks.se\/product\/handmade-gun-belt-premium-swedish-tarnsjo-leather-jj-custom-works-19\/"},"modified":"2025-10-16T19:56:00","modified_gmt":"2025-10-16T17:56:00","slug":"ceintures-revolver-tarnsjo-en-cuir","status":"publish","type":"product","link":"https:\/\/jjcustomworks.se\/fr\/produit\/ceintures-revolver-tarnsjo-en-cuir\/","title":{"rendered":"Ceinture Revolver T\u00e4rnsj\u00f6 en Cuir | JJ Custom Works"},"content":{"rendered":"<h1><span class=\"ez-toc-section\" id=\"Ceintures_de_Revolver_Fabriquees_a_la_Main_en_Cuir_Premium_Tarnsjo\"><\/span>Ceintures de Revolver Fabriqu\u00e9es \u00e0 la Main en Cuir Premium T\u00e4rnsj\u00f6<span class=\"ez-toc-section-end\"><\/span><\/h1>\n<h2><span class=\"ez-toc-section\" id=\"Ceintures_de_revolver_de_haute_qualite_fabriquees_en_Suede\"><\/span>Ceintures de revolver de haute qualit\u00e9 fabriqu\u00e9es en Su\u00e8de<span class=\"ez-toc-section-end\"><\/span><\/h2>\n<p>D\u00e9couvrez nos ceintures de revolver fabriqu\u00e9es \u00e0 la main en cuir premium T\u00e4rnsj\u00f6, parfaites pour ceux qui appr\u00e9cient la qualit\u00e9 et la durabilit\u00e9. Nos ceintures de revolver sont fabriqu\u00e9es avec soin \u00e0 Arboga \u00e0 partir de cuir tann\u00e9 v\u00e9g\u00e9tal de T\u00e4rnsj\u00f6 Garveri, connu pour sa qualit\u00e9 exceptionnelle. Chaque ceinture est fabriqu\u00e9e \u00e0 la main, ce qui en fait un investissement dans le style et la durabilit\u00e9 qui dure toute une vie avec un entretien appropri\u00e9. D\u00e9couvrez notre gamme de <a href=\"https:\/\/jjcustomworks.se\/fr\/magasin\/\">ceintures en cuir<\/a> \u00e0 partir d&#039;aujourd&#039;hui !<\/p>\n<h3><span class=\"ez-toc-section\" id=\"Details_du_produit_et_specifications\"><\/span>D\u00e9tails du produit et sp\u00e9cifications<span class=\"ez-toc-section-end\"><\/span><\/h3>\n<ul>\n <li><strong>Longueur:<\/strong> Personnalisable, standard 100 cm (disponible pour 90-110 cm)<\/li>\n <li><strong>Largeur:<\/strong> 7 cm<\/li>\n <li><strong>\u00c9paisseur:<\/strong> 2-3 mm<\/li>\n <li><strong>Couleur:<\/strong> Vert (de petites variations peuvent survenir en raison de la teinture \u00e0 la main)<\/li>\n <li><strong>Nombre de porte-cartouches :<\/strong> 18 pcs<\/li>\n <li><strong>Diam\u00e8tre de la cartouche :<\/strong> 10 mm<\/li>\n<\/ul>\n<h3><span class=\"ez-toc-section\" id=\"Conception_personnalisable_et_materiau_respectueux_de_lenvironnement\"><\/span>Conception personnalisable et mat\u00e9riau respectueux de l&#8217;environnement<span class=\"ez-toc-section-end\"><\/span><\/h3>\n<p>Nous offrons des milliers de variantes avec diff\u00e9rentes longueurs et au moins 13 options de couleurs, ainsi que des options \u00e0 motifs ou unies. Nos ceintures sont con\u00e7ues pour r\u00e9pondre \u00e0 vos besoins. Contrairement aux produits tann\u00e9s au chrome, nous utilisons du cuir tann\u00e9 v\u00e9g\u00e9tal provenant de vaches su\u00e9doises, qui est respectueux de l'environnement et non toxique. Cela garantit \u00e0 la fois la qualit\u00e9 et un processus de production durable.  D\u00e9couvrez notre s\u00e9lection de <a href=\"https:\/\/jjcustomworks.se\/fr\/categorie-de-produit\/fait-a-la-main\/ceinture-faite-a-la-main\/\">produits en cuir de qualit\u00e9 sup\u00e9rieure<\/a>.<\/p>\n<h3><span class=\"ez-toc-section\" id=\"Durable_et_facile_a_reparer\"><\/span>Durable et facile \u00e0 r\u00e9parer<span class=\"ez-toc-section-end\"><\/span><\/h3>\n<p>Nos ceintures de revolver sont non seulement durables, mais aussi faciles \u00e0 r\u00e9parer. Vous pouvez facilement remplacer les rivets ou r\u00e9parer les coutures en cas d'accident. Pour prolonger la dur\u00e9e de vie, nous recommandons une lubrification r\u00e9guli\u00e8re avec de la graisse pour cuir afin de pr\u00e9server la souplesse et la belle finition du cuir.<\/p>\n<h3><span class=\"ez-toc-section\" id=\"Pourquoi_choisir_nos_ceintures_de_revolver\"><\/span>Pourquoi choisir nos ceintures de revolver ?<span class=\"ez-toc-section-end\"><\/span><\/h3>\n<ul>\n <li><strong>Cuir su\u00e9dois de qualit\u00e9 sup\u00e9rieure :<\/strong> De T\u00e4rnsj\u00f6 Garveri.<\/li>\n <li><strong>Artisanat avec fiert\u00e9 :<\/strong> Fabriqu\u00e9 localement en Su\u00e8de.<\/li>\n <li><strong>Durabilit\u00e9:<\/strong> Un choix pour l'environnement et l'avenir.<\/li>\n <li><strong>Conception unique :<\/strong> Des milliers d'options de personnalisation \u2013 pour tous les styles et tous les besoins.<\/li>\n<\/ul>\n<p>Commandez votre ceinture de revolver faite \u00e0 la main d\u00e8s aujourd'hui et d\u00e9couvrez la qualit\u00e9 su\u00e9doise de classe mondiale. Sans produits chimiques dangereux, produit localement et avec une fabrication respectueuse de l'environnement et \u00e9thique. <a href=\"https:\/\/jjcustomworks.se\/fr\/\">Visitez-nous<\/a> pour voir toute notre gamme.<\/p>","protected":false},"excerpt":{"rendered":"<p>Ceintures de Revolver Fabriqu\u00e9es \u00e0 la Main en Cuir Premium T\u00e4rnsj\u00f6 Ceintures de revolver de haute qualit\u00e9 fabriqu\u00e9es en Su\u00e8de D\u00e9couvrez nos ceintures de revolver fabriqu\u00e9es \u00e0 la main en cuir premium T\u00e4rnsj\u00f6, parfaites pour ceux qui appr\u00e9cient la qualit\u00e9 et la durabilit\u00e9. Nos ceintures de revolver sont fabriqu\u00e9es avec soin \u00e0 Arboga \u00e0 partir [&#8230;]\n","protected":false},"featured_media":77435,"template":"","meta":[],"product_brand":[],"product_cat":[9493],"product_tag":[],"class_list":{"0":"post-77439","1":"product","2":"type-product","3":"status-publish","4":"has-post-thumbnail","6":"product_cat-handgjorda-balten","8":"first","9":"instock","10":"taxable","11":"shipping-taxable","12":"purchasable","13":"product-type-simple"},"_links":{"self":[{"href":"https:\/\/jjcustomworks.se\/fr\/wp-json\/wp\/v2\/product\/77439","targetHints":{"allow":["GET"]}}],"collection":[{"href":"https:\/\/jjcustomworks.se\/fr\/wp-json\/wp\/v2\/product"}],"about":[{"href":"https:\/\/jjcustomworks.se\/fr\/wp-json\/wp\/v2\/types\/product"}],"wp:featuredmedia":[{"embeddable":true,"href":"https:\/\/jjcustomworks.se\/fr\/wp-json\/wp\/v2\/media\/77435"}],"wp:attachment":[{"href":"https:\/\/jjcustomworks.se\/fr\/wp-json\/wp\/v2\/media?parent=77439"}],"wp:term":[{"taxonomy":"product_brand","embeddable":true,"href":"https:\/\/jjcustomworks.se\/fr\/wp-json\/wp\/v2\/product_brand?post=77439"},{"taxonomy":"product_cat","embeddable":true,"href":"https:\/\/jjcustomworks.se\/fr\/wp-json\/wp\/v2\/product_cat?post=77439"},{"taxonomy":"product_tag","embeddable":true,"href":"https:\/\/jjcustomworks.se\/fr\/wp-json\/wp\/v2\/product_tag?post=77439"}],"curies":[{"name":"wp","href":"https:\/\/api.w.org\/{rel}","templated":true}]}}