{"id":77394,"date":"2025-10-16T19:36:26","date_gmt":"2025-10-16T17:36:26","guid":{"rendered":"https:\/\/jjcustomworks.se\/product\/handmade-gun-belt-premium-swedish-tarnsjo-leather-jj-custom-works-15\/"},"modified":"2025-10-16T19:56:11","modified_gmt":"2025-10-16T17:56:11","slug":"ceinture-revolver-artisanale-cuir-tarnsjo-16","status":"publish","type":"product","link":"https:\/\/jjcustomworks.se\/fr\/produit\/ceinture-revolver-artisanale-cuir-tarnsjo-16\/","title":{"rendered":"Ceinture Revolver Artisanale Cuir T\u00e4rnsj\u00f6 | JJ Custom Works"},"content":{"rendered":"<h1><span class=\"ez-toc-section\" id=\"Ceintures_de_Revolver_Fabriquees_a_la_Main_en_Cuir_Premium_Tarnsjo_de_JJ_Custom_Works\"><\/span>Ceintures de Revolver Fabriqu\u00e9es \u00e0 la Main en Cuir Premium T\u00e4rnsj\u00f6 de JJ Custom Works<span class=\"ez-toc-section-end\"><\/span><\/h1>\n<h2><span class=\"ez-toc-section\" id=\"Ceintures_de_Revolver_de_Haute_Qualite_Fabriquees_en_Suede\"><\/span>Ceintures de Revolver de Haute Qualit\u00e9 Fabriqu\u00e9es en Su\u00e8de<span class=\"ez-toc-section-end\"><\/span><\/h2>\n<p>D\u00e9couvrez nos ceintures de revolver fabriqu\u00e9es \u00e0 la main en cuir su\u00e9dois premium T\u00e4rnsj\u00f6, parfaites pour ceux qui recherchent qualit\u00e9 et durabilit\u00e9. Chaque ceinture est soigneusement fabriqu\u00e9e \u00e0 Arboga \u00e0 partir de cuir tann\u00e9 v\u00e9g\u00e9tal de T\u00e4rnsj\u00f6 Garveri, connu pour sa qualit\u00e9 exceptionnelle. Avec un entretien appropri\u00e9, vous aurez une ceinture qui durera toute une vie \u2013 un investissement dans le style et la durabilit\u00e9. \u00cates-vous int\u00e9ress\u00e9 par d'autres <a href=\"https:\/\/jjcustomworks.se\/fr\/magasin\/\">ceintures en cuir faites \u00e0 la main<\/a> ? Consultez notre s\u00e9lection !<\/p>\n<h3><span class=\"ez-toc-section\" id=\"Details_et_Specifications_du_Produit\"><\/span>D\u00e9tails et Sp\u00e9cifications du Produit<span class=\"ez-toc-section-end\"><\/span><\/h3>\n<ul>\n <li><strong>Longueur:<\/strong> Personnalisable, standard 130 cm (disponible pour 120-140 cm)<\/li>\n <li><strong>Largeur:<\/strong> 7 cm<\/li>\n <li><strong>\u00c9paisseur:<\/strong> 2-3mm<\/li>\n <li><strong>Couleur:<\/strong> Bleu (de l\u00e9g\u00e8res variations peuvent survenir en raison de la teinture \u00e0 la main)<\/li>\n <li><strong>Nombre de porte-cartouches :<\/strong> 18 pi\u00e8ces<\/li>\n <li><strong>Diam\u00e8tre de la cartouche :<\/strong> 10 mm<\/li>\n<\/ul>\n<h3><span class=\"ez-toc-section\" id=\"Design_Personnalisable_et_Materiau_Respectueux_de_lEnvironnement\"><\/span>Design Personnalisable et Mat\u00e9riau Respectueux de l&#8217;Environnement<span class=\"ez-toc-section-end\"><\/span><\/h3>\n<p>Nos ceintures de revolver sont sp\u00e9ciales en raison de leur design personnalisable. Nous offrons des milliers de variations avec diff\u00e9rentes longueurs et couleurs, ainsi que des options \u00e0 motifs ou \u00e9l\u00e9gantes et lisses. Les ceintures sont con\u00e7ues pour s'adapter \u00e0 vos besoins sp\u00e9cifiques. Contrairement aux produits tann\u00e9s au chrome, nous utilisons du cuir tann\u00e9 v\u00e9g\u00e9tal, qui est \u00e9cologique et non toxique. Ce cuir est produit \u00e0 partir de vaches su\u00e9doises avec des normes de bien-\u00eatre animal parmi les meilleures au monde \u2013 une garantie de qualit\u00e9 et de durabilit\u00e9.  D\u00e9couvrez notre s\u00e9lection <a href=\"https:\/\/jjcustomworks.se\/fr\/categorie-de-produit\/fait-a-la-main\/ceinture-faite-a-la-main\/\">d'articles en cuir<\/a> pour plus d&#039;inspiration.<\/p>\n<p>Nos ceintures sont faciles \u00e0 r\u00e9parer. Vous pouvez facilement remplacer les rivets ou r\u00e9parer les coutures en cas d'accident. Pour prolonger la dur\u00e9e de vie, nous vous recommandons de graisser r\u00e9guli\u00e8rement votre ceinture avec de la graisse pour cuir afin de maintenir sa souplesse et sa belle apparence.<\/p>\n<h3><span class=\"ez-toc-section\" id=\"Pourquoi_Choisir_Nos_Ceintures_de_Revolver\"><\/span>Pourquoi Choisir Nos Ceintures de Revolver ?<span class=\"ez-toc-section-end\"><\/span><\/h3>\n<ul>\n <li><strong>Cuir su\u00e9dois premium :<\/strong> De T\u00e4rnsj\u00f6 Garveri.<\/li>\n <li><strong>Artisanat avec fiert\u00e9 :<\/strong> Fabriqu\u00e9 localement en Su\u00e8de.<\/li>\n <li><strong>Durabilit\u00e9:<\/strong> Un choix pour l'environnement et l'avenir.<\/li>\n <li><strong>Conception unique :<\/strong> Des milliers d'options de personnalisation.<\/li>\n<\/ul>\n<p>Commandez votre ceinture de revolver faite \u00e0 la main d\u00e8s aujourd'hui et d\u00e9couvrez la qualit\u00e9 su\u00e9doise ! Sans produits chimiques dangereux, produit localement et fabriqu\u00e9 de mani\u00e8re \u00e9cologique et \u00e9thique. Visitez <a href=\"https:\/\/jjcustomworks.se\/fr\/\">notre site Web<\/a> pour de bonnes affaires.<\/p>","protected":false},"excerpt":{"rendered":"<p>Ceintures de Revolver Fabriqu\u00e9es \u00e0 la Main en Cuir Premium T\u00e4rnsj\u00f6 de JJ Custom Works Ceintures de Revolver de Haute Qualit\u00e9 Fabriqu\u00e9es en Su\u00e8de D\u00e9couvrez nos ceintures de revolver fabriqu\u00e9es \u00e0 la main en cuir su\u00e9dois premium T\u00e4rnsj\u00f6, parfaites pour ceux qui recherchent qualit\u00e9 et durabilit\u00e9. Chaque ceinture est soigneusement fabriqu\u00e9e \u00e0 Arboga \u00e0 partir [&#8230;]\n","protected":false},"featured_media":77390,"template":"","meta":[],"product_brand":[],"product_cat":[9493],"product_tag":[],"class_list":{"0":"post-77394","1":"product","2":"type-product","3":"status-publish","4":"has-post-thumbnail","6":"product_cat-handgjorda-balten","8":"first","9":"instock","10":"taxable","11":"shipping-taxable","12":"purchasable","13":"product-type-simple"},"_links":{"self":[{"href":"https:\/\/jjcustomworks.se\/fr\/wp-json\/wp\/v2\/product\/77394","targetHints":{"allow":["GET"]}}],"collection":[{"href":"https:\/\/jjcustomworks.se\/fr\/wp-json\/wp\/v2\/product"}],"about":[{"href":"https:\/\/jjcustomworks.se\/fr\/wp-json\/wp\/v2\/types\/product"}],"wp:featuredmedia":[{"embeddable":true,"href":"https:\/\/jjcustomworks.se\/fr\/wp-json\/wp\/v2\/media\/77390"}],"wp:attachment":[{"href":"https:\/\/jjcustomworks.se\/fr\/wp-json\/wp\/v2\/media?parent=77394"}],"wp:term":[{"taxonomy":"product_brand","embeddable":true,"href":"https:\/\/jjcustomworks.se\/fr\/wp-json\/wp\/v2\/product_brand?post=77394"},{"taxonomy":"product_cat","embeddable":true,"href":"https:\/\/jjcustomworks.se\/fr\/wp-json\/wp\/v2\/product_cat?post=77394"},{"taxonomy":"product_tag","embeddable":true,"href":"https:\/\/jjcustomworks.se\/fr\/wp-json\/wp\/v2\/product_tag?post=77394"}],"curies":[{"name":"wp","href":"https:\/\/api.w.org\/{rel}","templated":true}]}}