{"id":76932,"date":"2025-10-16T18:35:53","date_gmt":"2025-10-16T16:35:53","guid":{"rendered":"https:\/\/jjcustomworks.se\/product\/we-e99c-pistol-replica-black-gbb-6mm-airsoft\/"},"modified":"2025-10-16T18:55:27","modified_gmt":"2025-10-16T16:55:27","slug":"we-e99c-replique-pistolet-noir-gbb-6mm-airsoft","status":"publish","type":"product","link":"https:\/\/jjcustomworks.se\/fr\/produit\/we-e99c-replique-pistolet-noir-gbb-6mm-airsoft\/","title":{"rendered":"WE E99C R\u00e9plique Pistolet - Noir Airsoft | WE"},"content":{"rendered":"<h1>WE - E99C R\u00e9plique de Pistolet - Noir - Gbb - 6mm Airsoft<\/h1>\n<h2><span class=\"ez-toc-section\" id=\"Replique_de_Pistolet_Compacte_avec_Construction_Metallique\"><\/span>R\u00e9plique de Pistolet Compacte avec Construction M\u00e9tallique<span class=\"ez-toc-section-end\"><\/span><\/h2>\n<p>La r\u00e9plique de pistolet WE E99C en noir, fabriqu\u00e9e par WE, combine le m\u00e9tal et le polym\u00e8re durable. La glissi\u00e8re, certaines parties du chargeur et le cadre de la bo\u00eete de vitesses sont en m\u00e9tal. La r\u00e9plique comporte les marquages du fabricant.<\/p>\n<h2><span class=\"ez-toc-section\" id=\"Design_Ergonomique_pour_une_Utilisation_Confortable\"><\/span>Design Ergonomique pour une Utilisation Confortable<span class=\"ez-toc-section-end\"><\/span><\/h2>\n<p>La texture antid\u00e9rapante sur la poign\u00e9e, le pontet profil\u00e9 et le fraisage sur la glissi\u00e8re rendent la r\u00e9plique incroyablement confortable \u00e0 utiliser, m\u00eame avec des gants d'hiver. Un rail compatible RIS permet la fixation d'une lampe de poche tactique ou d'un pointeur laser. <a href=\"https:\/\/jjcustomworks.se\/butik\/\">Am\u00e9liorez votre pistolet airsoft avec les bons accessoires<\/a> pour une exp\u00e9rience optimale. Le d\u00e9verrouillage du chargeur ambidextre facilite l'utilisation pour les tireurs gauchers et droitiers.<\/p>\n<h2><span class=\"ez-toc-section\" id=\"Fonctionnalites_et_Performances\"><\/span>Fonctionnalit\u00e9s et Performances<span class=\"ez-toc-section-end\"><\/span><\/h2>\n<p>La r\u00e9plique est dot\u00e9e d'un Decocker fonctionnel, ce qui signifie une lib\u00e9ration interne du marteau. Avec une v\u00e9locit\u00e9 de ~360 FPS et une fonction de recul (blowback), ce <a href=\"https:\/\/jjcustomworks.se\/product-category\/other_products\/airsoft-guns\/\">pistolet airsoft<\/a> offre une exp\u00e9rience de tir r\u00e9aliste. Le chargeur contient 13 billes.<\/p>\n<ul>\n<li>Velocity [FPS]: ~360<\/li>\n<li>Type of fire: Single<\/li>\n<li>Length [mm]: 165<\/li>\n<li>Weight [g]: 585<\/li>\n<li>Magazine type: Low-Cap magazine<\/li>\n<li>Magazine capacity [pcs]: 13<\/li>\n<li>Hop-up: Yes<\/li>\n<li>Blow Back: Yes<\/li>\n<li>Made of: Polymer + metal<\/li>\n<li>Propulsion \/ Powered by: Gas propulsion - Green Gas<\/li>\n<\/ul>\n<p>Cette r\u00e9plique est fabriqu\u00e9e \u00e0 partir d'une combinaison de polym\u00e8re et de m\u00e9tal, offrant un bon \u00e9quilibre entre poids et durabilit\u00e9. Vivez une exp\u00e9rience airsoft r\u00e9aliste avec la <a href=\"https:\/\/jjcustomworks.se\/\">r\u00e9plique de pistolet WE E99C<\/a>.<\/p>","protected":false},"excerpt":{"rendered":"<p>WE &#8211; E99C R\u00e9plique de Pistolet &#8211; Noir &#8211; Gbb &#8211; 6mm Airsoft R\u00e9plique de Pistolet Compacte avec Construction M\u00e9tallique La r\u00e9plique de pistolet WE E99C en noir, fabriqu\u00e9e par WE, combine le m\u00e9tal et le polym\u00e8re durable. La glissi\u00e8re, certaines parties du chargeur et le cadre de la bo\u00eete de vitesses sont en m\u00e9tal. [&#8230;]\n","protected":false},"featured_media":76923,"template":"","meta":[],"product_brand":[],"product_cat":[3150],"product_tag":[],"class_list":{"0":"post-76932","1":"product","2":"type-product","3":"status-publish","4":"has-post-thumbnail","6":"product_cat-airsoft-guns","8":"first","9":"outofstock","10":"sale","11":"taxable","12":"shipping-taxable","13":"purchasable","14":"product-type-simple"},"_links":{"self":[{"href":"https:\/\/jjcustomworks.se\/fr\/wp-json\/wp\/v2\/product\/76932","targetHints":{"allow":["GET"]}}],"collection":[{"href":"https:\/\/jjcustomworks.se\/fr\/wp-json\/wp\/v2\/product"}],"about":[{"href":"https:\/\/jjcustomworks.se\/fr\/wp-json\/wp\/v2\/types\/product"}],"wp:featuredmedia":[{"embeddable":true,"href":"https:\/\/jjcustomworks.se\/fr\/wp-json\/wp\/v2\/media\/76923"}],"wp:attachment":[{"href":"https:\/\/jjcustomworks.se\/fr\/wp-json\/wp\/v2\/media?parent=76932"}],"wp:term":[{"taxonomy":"product_brand","embeddable":true,"href":"https:\/\/jjcustomworks.se\/fr\/wp-json\/wp\/v2\/product_brand?post=76932"},{"taxonomy":"product_cat","embeddable":true,"href":"https:\/\/jjcustomworks.se\/fr\/wp-json\/wp\/v2\/product_cat?post=76932"},{"taxonomy":"product_tag","embeddable":true,"href":"https:\/\/jjcustomworks.se\/fr\/wp-json\/wp\/v2\/product_tag?post=76932"}],"curies":[{"name":"wp","href":"https:\/\/api.w.org\/{rel}","templated":true}]}}