{"id":76838,"date":"2025-10-16T18:25:51","date_gmt":"2025-10-16T16:25:51","guid":{"rendered":"https:\/\/jjcustomworks.se\/product\/thunder-b-sonic-grenade-big-pack-shocker-6mm-airsoft-c02\/"},"modified":"2025-10-16T18:55:41","modified_gmt":"2025-10-16T16:55:41","slug":"thunder-b-grenade-sonore-grand-pack-airsoft-co2","status":"publish","type":"product","link":"https:\/\/jjcustomworks.se\/fr\/produit\/thunder-b-grenade-sonore-grand-pack-airsoft-co2\/","title":{"rendered":"Thunder B Grenade Sonore Pack | Airsoft CO2"},"content":{"rendered":"<h1>THUNDER B GRENADE SONORE GRAND PACK - CHOC 6MM AIRSOFT C02<\/h1>\n<h2><span class=\"ez-toc-section\" id=\"Grenade_Sonore_Realiste_et_Reutilisable\"><\/span>Grenade Sonore R\u00e9aliste et R\u00e9utilisable<span class=\"ez-toc-section-end\"><\/span><\/h2>\n<p>La Thunder B peut \u00eatre fix\u00e9e \u00e0 un gilet tactique ou une veste, la rendant facilement accessible pendant le jeu. Sa couleur et sa forme sont tr\u00e8s similaires \u00e0 une vraie grenade utilis\u00e9e par les forces militaires, augmentant le r\u00e9alisme. Sa manipulation, son fonctionnement et sa fonction ressemblent \u00e9galement \u00e0 l'original, pour une exp\u00e9rience plus authentique. Plus la bombe est r\u00e9aliste, plus vous vous amuserez avec sur le terrain d'airsoft. <a href=\"https:\/\/jjcustomworks.se\/fr\/magasin\/\">Consultez nos autres grenades airsoft pour compl\u00e9ter votre \u00e9quipement.<\/a><\/p>\n<h3><span class=\"ez-toc-section\" id=\"Securite_et_Reutilisation\"><\/span>S\u00e9curit\u00e9 et R\u00e9utilisation<span class=\"ez-toc-section-end\"><\/span><\/h3>\n<p>\u00c9tant donn\u00e9 que la Thunder B ne contient pas de poudre \u00e0 canon, vous n'avez pas \u00e0 vous soucier des dommages caus\u00e9s par le feu lorsqu'elle explose. Cela garantit la s\u00e9curit\u00e9 de l'utilisateur pendant l'utilisation. Cependant, vous devez toujours faire attention \u00e0 son \u00abBANG\u00bb assourdissant qui pourrait vous surprendre. La Thunder B cr\u00e9e un niveau sonore sup\u00e9rieur \u00e0 130 dB, ce qui correspond au niveau sonore d'une perceuse pneumatique en marche ou d'un avion survolant votre t\u00eate, alors soyez prudent lors de son utilisation. <a href=\"https:\/\/jjcustomworks.se\/fr\/\">Visitez notre page d&#039;accueil<\/a> pour plus d'\u00e9quipements de s\u00e9curit\u00e9.<\/p>\n<p>La Thunder B peut \u00eatre r\u00e9utilis\u00e9e. Remplacez simplement la cartouche de gaz CO2 et la coque ext\u00e9rieure apr\u00e8s utilisation, et elle pourra \u00eatre r\u00e9utilis\u00e9e. L'installation est \u00e9galement simple. Consultez le manuel d'utilisation pour l'installation. La Thunder B est aliment\u00e9e par des cartouches jetables de CO2. \u00c9tant donn\u00e9 qu'elle ne contient pas de poudre \u00e0 canon ou de mat\u00e9riaux pouvant \u00eatre br\u00fbl\u00e9s et explos\u00e9s, avec sa forme, sa manipulation et sa fonction r\u00e9alistes, elle peut \u00eatre utilis\u00e9e dans des d\u00e9monstrations de bombes. <a href=\"https:\/\/jjcustomworks.se\/fr\/categorie-de-produit\/autres_produits\/airsoft-guns\/\">D\u00e9couvrez notre gamme d'accessoires airsoft.<\/a><\/p>\n<ul>\n<li>Se fixe \u00e0 un gilet tactique ou une veste<\/li>\n<li>Niveau sonore sup\u00e9rieur \u00e0 130 dB<\/li>\n<li>Aliment\u00e9e par des cartouches jetables de CO2<\/li>\n<li>R\u00e9utilisable en rempla\u00e7ant la cartouche et la coque de CO2<\/li>\n<\/ul>\n<p><b>NOTE !<\/b> En tant qu'utilisateur de ce produit, il est de votre seule responsabilit\u00e9 de le manipuler de mani\u00e8re \u00e0 ne pas vous mettre en danger ou \u00e0 mettre en danger les autres. Suivez toujours les pratiques de manipulation s\u00fbres. Il est conseill\u00e9 de garder une distance dans toutes les directions par rapport \u00e0 ce produit.<\/p>","protected":false},"excerpt":{"rendered":"<p>THUNDER B GRENADE SONORE GRAND PACK &#8211; CHOC 6MM AIRSOFT C02 Grenade Sonore R\u00e9aliste et R\u00e9utilisable La Thunder B peut \u00eatre fix\u00e9e \u00e0 un gilet tactique ou une veste, la rendant facilement accessible pendant le jeu. Sa couleur et sa forme sont tr\u00e8s similaires \u00e0 une vraie grenade utilis\u00e9e par les forces militaires, augmentant le [&#8230;]\n","protected":false},"featured_media":76834,"template":"","meta":[],"product_brand":[],"product_cat":[3150],"product_tag":[],"class_list":{"0":"post-76838","1":"product","2":"type-product","3":"status-publish","4":"has-post-thumbnail","6":"product_cat-airsoft-guns","8":"first","9":"outofstock","10":"sale","11":"taxable","12":"shipping-taxable","13":"purchasable","14":"product-type-simple"},"_links":{"self":[{"href":"https:\/\/jjcustomworks.se\/fr\/wp-json\/wp\/v2\/product\/76838","targetHints":{"allow":["GET"]}}],"collection":[{"href":"https:\/\/jjcustomworks.se\/fr\/wp-json\/wp\/v2\/product"}],"about":[{"href":"https:\/\/jjcustomworks.se\/fr\/wp-json\/wp\/v2\/types\/product"}],"wp:featuredmedia":[{"embeddable":true,"href":"https:\/\/jjcustomworks.se\/fr\/wp-json\/wp\/v2\/media\/76834"}],"wp:attachment":[{"href":"https:\/\/jjcustomworks.se\/fr\/wp-json\/wp\/v2\/media?parent=76838"}],"wp:term":[{"taxonomy":"product_brand","embeddable":true,"href":"https:\/\/jjcustomworks.se\/fr\/wp-json\/wp\/v2\/product_brand?post=76838"},{"taxonomy":"product_cat","embeddable":true,"href":"https:\/\/jjcustomworks.se\/fr\/wp-json\/wp\/v2\/product_cat?post=76838"},{"taxonomy":"product_tag","embeddable":true,"href":"https:\/\/jjcustomworks.se\/fr\/wp-json\/wp\/v2\/product_tag?post=76838"}],"curies":[{"name":"wp","href":"https:\/\/api.w.org\/{rel}","templated":true}]}}