{"id":76599,"date":"2025-10-16T17:38:06","date_gmt":"2025-10-16T15:38:06","guid":{"rendered":"https:\/\/jjcustomworks.se\/product\/golden-eagle-6670-electric-airsoft-machine-gun-replica\/"},"modified":"2025-10-16T17:56:04","modified_gmt":"2025-10-16T15:56:04","slug":"golden-eagle-6670-replique-airsoft-electrique","status":"publish","type":"product","link":"https:\/\/jjcustomworks.se\/fr\/produit\/golden-eagle-6670-replique-airsoft-electrique\/","title":{"rendered":"Golden Eagle 6670 - R\u00e9plique Airsoft \u00c9lectrique"},"content":{"rendered":"<h1>Golden Eagle - 6670 - R\u00e9plique de Mitrailleuse Airsoft \u00c9lectrique<\/h1>\n<h2><span class=\"ez-toc-section\" id=\"Replique_de_Mitrailleuse_de_Haute_Qualite\"><\/span>R\u00e9plique de Mitrailleuse de Haute Qualit\u00e9<span class=\"ez-toc-section-end\"><\/span><\/h2>\n<p>Cette r\u00e9plique de mitrailleuse est presque enti\u00e8rement faite de m\u00e9tal de haute qualit\u00e9 et, dans une moindre mesure, de polym\u00e8re. Le r\u00e9cepteur sup\u00e9rieur et inf\u00e9rieur de la r\u00e9plique, le canon avec syst\u00e8me de d\u00e9tache rapide et le rail RIS \/ Keymod sont en m\u00e9tal. La r\u00e9plique poss\u00e8de de nombreux points de fixation pour les sangles QD. Pour la fabrication de la poign\u00e9e pistolet et de la crosse r\u00e9glable, le fabricant a utilis\u00e9 un polym\u00e8re durable. La crosse a un compartiment pour une batterie et un chargeur \u00e9lectrique d'une capacit\u00e9 allant jusqu'\u00e0 2500 BBs.<\/p>\n<h3><span class=\"ez-toc-section\" id=\"Fonctionnalites_Reglables_et_Accessoires_Tactiques\"><\/span>Fonctionnalit\u00e9s R\u00e9glables et Accessoires Tactiques<span class=\"ez-toc-section-end\"><\/span><\/h3>\n<p>La r\u00e9plique a des viseurs fixes et r\u00e9glables et des rails RIS \/ Keymod qui permettent de monter diff\u00e9rents types d'accessoires tactiques. Le c\u0153ur de cette r\u00e9plique est une Gearbox V2 standard, pr\u00eate \u00e0 \u00eatre modifi\u00e9e. L'ensemble comprend : la r\u00e9plique, le chargeur et une fausse balle.<\/p>\n<ul>\n<li>Nom : R\u00e9plique de mitrailleuse 6670<\/li>\n<li>Couleur : Noir<\/li>\n<li>Fabricant : Golden Eagle<\/li>\n<li>Code produit : JGG-01-026483<\/li>\n<li>V\u00e9locit\u00e9 [FPS] : ~400<\/li>\n<li>Version de la gearbox : v2 Gearbox<\/li>\n<li>Type de tir : Simple, auto<\/li>\n<li>Longueur [mm] : 840-925<\/li>\n<li>Poids [g] : 3800<\/li>\n<li>Type de chargeur : Chargeur BOX<\/li>\n<li>Capacit\u00e9 du chargeur [pcs] : 2500<\/li>\n<li>Hop-up : Oui<\/li>\n<li>Blow Back : Non<\/li>\n<li>Fabriqu\u00e9 en : plastique + m\u00e9tal<\/li>\n<li>Batterie incluse : Non<\/li>\n<li>Propulsion \/ Aliment\u00e9 par : \u00c9lectrique<\/li>\n<li>Type de filetage du canon : 14mm CCW<\/li>\n<\/ul>\n<p>Am\u00e9liorez votre exp\u00e9rience airsoft avec cette r\u00e9plique d\u00e9taill\u00e9e. Avec des viseurs r\u00e9glables et de l'espace pour les accessoires tactiques, vous \u00eates pr\u00eat pour tous les sc\u00e9narios. <a href=\"https:\/\/jjcustomworks.se\/butik\/\">Explorez des r\u00e9pliques d'airsoft similaires<\/a> pour trouver le match parfait. Ne manquez pas la chance de poss\u00e9der une <a href=\"https:\/\/jjcustomworks.se\/product-category\/other_products\/airsoft-guns\/\">mitrailleuse airsoft<\/a> de haute qualit\u00e9 ! Visitez <a href=\"https:\/\/jjcustomworks.se\/\">notre page d'accueil<\/a> pour plus d'offres.<\/p>","protected":false},"excerpt":{"rendered":"<p>Golden Eagle &#8211; 6670 &#8211; R\u00e9plique de Mitrailleuse Airsoft \u00c9lectrique R\u00e9plique de Mitrailleuse de Haute Qualit\u00e9 Cette r\u00e9plique de mitrailleuse est presque enti\u00e8rement faite de m\u00e9tal de haute qualit\u00e9 et, dans une moindre mesure, de polym\u00e8re. Le r\u00e9cepteur sup\u00e9rieur et inf\u00e9rieur de la r\u00e9plique, le canon avec syst\u00e8me de d\u00e9tache rapide et le rail RIS [&#8230;]\n","protected":false},"featured_media":76593,"template":"","meta":[],"product_brand":[],"product_cat":[3150],"product_tag":[],"class_list":{"0":"post-76599","1":"product","2":"type-product","3":"status-publish","4":"has-post-thumbnail","6":"product_cat-airsoft-guns","8":"first","9":"outofstock","10":"sale","11":"taxable","12":"shipping-taxable","13":"purchasable","14":"product-type-simple"},"_links":{"self":[{"href":"https:\/\/jjcustomworks.se\/fr\/wp-json\/wp\/v2\/product\/76599","targetHints":{"allow":["GET"]}}],"collection":[{"href":"https:\/\/jjcustomworks.se\/fr\/wp-json\/wp\/v2\/product"}],"about":[{"href":"https:\/\/jjcustomworks.se\/fr\/wp-json\/wp\/v2\/types\/product"}],"wp:featuredmedia":[{"embeddable":true,"href":"https:\/\/jjcustomworks.se\/fr\/wp-json\/wp\/v2\/media\/76593"}],"wp:attachment":[{"href":"https:\/\/jjcustomworks.se\/fr\/wp-json\/wp\/v2\/media?parent=76599"}],"wp:term":[{"taxonomy":"product_brand","embeddable":true,"href":"https:\/\/jjcustomworks.se\/fr\/wp-json\/wp\/v2\/product_brand?post=76599"},{"taxonomy":"product_cat","embeddable":true,"href":"https:\/\/jjcustomworks.se\/fr\/wp-json\/wp\/v2\/product_cat?post=76599"},{"taxonomy":"product_tag","embeddable":true,"href":"https:\/\/jjcustomworks.se\/fr\/wp-json\/wp\/v2\/product_tag?post=76599"}],"curies":[{"name":"wp","href":"https:\/\/api.w.org\/{rel}","templated":true}]}}