{"id":76177,"date":"2025-10-16T16:35:37","date_gmt":"2025-10-16T14:35:37","guid":{"rendered":"https:\/\/jjcustomworks.se\/product\/swiss-arms-black-steel-bb-high-density-1500-pcs\/"},"modified":"2025-10-16T16:55:53","modified_gmt":"2025-10-16T14:55:53","slug":"swiss-arms-billes-acier-4-5mm-1500-unites","status":"publish","type":"product","link":"https:\/\/jjcustomworks.se\/fr\/produit\/swiss-arms-billes-acier-4-5mm-1500-unites\/","title":{"rendered":"Swiss Arms Billes Acier 4,5mm - 1500 unit\u00e9s"},"content":{"rendered":"<h1><span class=\"ez-toc-section\" id=\"Swiss_Arms_Billes_Acier_45mm\"><\/span>Swiss Arms Billes Acier 4,5mm<span class=\"ez-toc-section-end\"><\/span><\/h1>\n<h2><span class=\"ez-toc-section\" id=\"Billes_dacier_de_haute_qualite_pour_armes_a_air_comprime\"><\/span>Billes d&#8217;acier de haute qualit\u00e9 pour armes \u00e0 air comprim\u00e9<span class=\"ez-toc-section-end\"><\/span><\/h2>\n<p>Ces billes d'acier de 4,5 mm de Swiss Arms sont un excellent choix pour ceux qui recherchent la pr\u00e9cision et la qualit\u00e9. Avec 1500 billes d'acier par paquet, vous en aurez assez pour de nombreux tirs.<\/p>\n<h3><span class=\"ez-toc-section\" id=\"Specifications\"><\/span>Caract\u00e9ristiques:<span class=\"ez-toc-section-end\"><\/span><\/h3>\n<ul>\n <li><b>Calibre:<\/b> 4,5mm (.177cal)<\/li>\n <li><b>Mat\u00e9riel:<\/b> Acier<\/li>\n <li><b>Quantit\u00e9:<\/b> 1500 pi\u00e8ces<\/li>\n <li><b>Marque:<\/b> Swiss Arms<\/li>\n<\/ul>\n<p>Ces billes d'acier sont sp\u00e9cialement con\u00e7ues pour fournir des performances optimales dans votre arme \u00e0 air comprim\u00e9 de 4,5 mm. Parfait pour le tir sur cible et le plinking. Consultez notre gamme d'<a href=\"https:\/\/jjcustomworks.se\/fr\/magasin\/\">autres types de munitions<\/a> pour plus d&#039;options.<\/p>\n<p>Pour voir notre gamme compl\u00e8te de produits Swiss Arms, visitez notre <a href=\"https:\/\/jjcustomworks.se\/fr\/categorie-de-produit\/autres_produits\/test\/airgun-ammo\/\">cat\u00e9gorie Swiss Arms<\/a>. Ne manquez pas nos autres offres sur la <a href=\"https:\/\/jjcustomworks.se\/fr\/\">page d&#039;accueil<\/a>.<\/p>","protected":false},"excerpt":{"rendered":"<p>Swiss Arms Billes Acier 4,5mm Billes d&#8217;acier de haute qualit\u00e9 pour armes \u00e0 air comprim\u00e9 Ces billes d&#8217;acier de 4,5 mm de Swiss Arms sont un excellent choix pour ceux qui recherchent la pr\u00e9cision et la qualit\u00e9. Avec 1500 billes d&#8217;acier par paquet, vous en aurez assez pour de nombreux tirs. Sp\u00e9cifications: Calibre: 4,5mm (.177cal) [&#8230;]\n","protected":false},"featured_media":76175,"template":"","meta":[],"product_brand":[],"product_cat":[7462],"product_tag":[],"class_list":{"0":"post-76177","1":"product","2":"type-product","3":"status-publish","4":"has-post-thumbnail","6":"product_cat-airgun-ammo","8":"first","9":"outofstock","10":"sale","11":"taxable","12":"shipping-taxable","13":"purchasable","14":"product-type-simple"},"_links":{"self":[{"href":"https:\/\/jjcustomworks.se\/fr\/wp-json\/wp\/v2\/product\/76177","targetHints":{"allow":["GET"]}}],"collection":[{"href":"https:\/\/jjcustomworks.se\/fr\/wp-json\/wp\/v2\/product"}],"about":[{"href":"https:\/\/jjcustomworks.se\/fr\/wp-json\/wp\/v2\/types\/product"}],"wp:featuredmedia":[{"embeddable":true,"href":"https:\/\/jjcustomworks.se\/fr\/wp-json\/wp\/v2\/media\/76175"}],"wp:attachment":[{"href":"https:\/\/jjcustomworks.se\/fr\/wp-json\/wp\/v2\/media?parent=76177"}],"wp:term":[{"taxonomy":"product_brand","embeddable":true,"href":"https:\/\/jjcustomworks.se\/fr\/wp-json\/wp\/v2\/product_brand?post=76177"},{"taxonomy":"product_cat","embeddable":true,"href":"https:\/\/jjcustomworks.se\/fr\/wp-json\/wp\/v2\/product_cat?post=76177"},{"taxonomy":"product_tag","embeddable":true,"href":"https:\/\/jjcustomworks.se\/fr\/wp-json\/wp\/v2\/product_tag?post=76177"}],"curies":[{"name":"wp","href":"https:\/\/api.w.org\/{rel}","templated":true}]}}