{"id":76123,"date":"2025-10-16T16:14:37","date_gmt":"2025-10-16T14:14:37","guid":{"rendered":"https:\/\/jjcustomworks.se\/product\/crosman-domed-500-pcs-45mm\/"},"modified":"2025-10-16T16:55:59","modified_gmt":"2025-10-16T14:55:59","slug":"crosman-domed-4-5mm-500-unites","status":"publish","type":"product","link":"https:\/\/jjcustomworks.se\/fr\/produit\/crosman-domed-4-5mm-500-unites\/","title":{"rendered":"Crosman Domed 4,5mm - 500 Unit\u00e9s Plombs"},"content":{"rendered":"<h1>Crosman Domed 4,5 mm Plombs - 500 Unit\u00e9s<\/h1>\n<h2><span class=\"ez-toc-section\" id=\"Pour_le_Tir_Longue_Distance_et_la_Chasse\"><\/span>Pour le Tir Longue Distance et la Chasse<span class=\"ez-toc-section-end\"><\/span><\/h2>\n<p>Les <b>Crosman Domed 4,5 mm (500 unit\u00e9s)<\/b> sont id\u00e9ales pour ceux qui ont besoin de munitions pour le tir longue distance et la chasse. <a href=\"https:\/\/jjcustomworks.se\/fr\/magasin\/\">Ces plombs<\/a> sont en forme de d\u00f4me, ce qui signifie qu'ils ont un nez arrondi qui r\u00e9duit la r\u00e9sistance a\u00e9rodynamique et offre un vol plus stable.<\/p>\n<h3><span class=\"ez-toc-section\" id=\"Specifications\"><\/span>Caract\u00e9ristiques:<span class=\"ez-toc-section-end\"><\/span><\/h3>\n<ul>\n <li><b>Poids:<\/b> 0,255 kg<\/li>\n <li><b>Marque:<\/b> Crosman<\/li>\n <li><b>Calibre :<\/b> .177 (4,5 mm)<\/li>\n <li><b>Poids par plomb :<\/b> 7,9gr\/ 0,51g<\/li>\n <li><b>Type de munition :<\/b> Plombs<\/li>\n <li><b>Forme de la munition :<\/b> Domed (D\u00f4me)<\/li>\n <li><b>Quantit\u00e9:<\/b> 500<\/li>\n <li><b>Mat\u00e9riel:<\/b> Plomb<\/li>\n<\/ul>\n<p>Les plombs sont fabriqu\u00e9s en plomb et sont livr\u00e9s dans un emballage de 500 unit\u00e9s. Avec leur calibre de 4,5 mm, <a href=\"https:\/\/jjcustomworks.se\/fr\/magasin\/\">ces plombs<\/a> conviennent \u00e0 la plupart des armes \u00e0 air comprim\u00e9. La conception a\u00e9rodynamique contribue \u00e0 une pr\u00e9cision et une port\u00e9e accrues, ce qui les rend adapt\u00e9s au tir sur cible et \u00e0 la chasse. Pour plus d'informations sur <a href=\"https:\/\/jjcustomworks.se\/fr\/categorie-de-produit\/autres_produits\/test\/airgun-ammo\/\">nos produits de munitions<\/a>, visitez notre site web. Ces plombs de <a href=\"https:\/\/jjcustomworks.se\/fr\/\">Crosman<\/a> garantissent une qualit\u00e9 et des performances \u00e9lev\u00e9es \u00e0 chaque tir.<\/p>","protected":false},"excerpt":{"rendered":"<p>Crosman Domed 4,5 mm Plombs &#8211; 500 Unit\u00e9s Pour le Tir Longue Distance et la Chasse Les Crosman Domed 4,5 mm (500 unit\u00e9s) sont id\u00e9ales pour ceux qui ont besoin de munitions pour le tir longue distance et la chasse. Ces plombs sont en forme de d\u00f4me, ce qui signifie qu&#8217;ils ont un nez arrondi [&#8230;]\n","protected":false},"featured_media":76122,"template":"","meta":[],"product_brand":[],"product_cat":[7462],"product_tag":[],"class_list":{"0":"post-76123","1":"product","2":"type-product","3":"status-publish","4":"has-post-thumbnail","6":"product_cat-airgun-ammo","8":"first","9":"outofstock","10":"taxable","11":"shipping-taxable","12":"purchasable","13":"product-type-simple"},"_links":{"self":[{"href":"https:\/\/jjcustomworks.se\/fr\/wp-json\/wp\/v2\/product\/76123","targetHints":{"allow":["GET"]}}],"collection":[{"href":"https:\/\/jjcustomworks.se\/fr\/wp-json\/wp\/v2\/product"}],"about":[{"href":"https:\/\/jjcustomworks.se\/fr\/wp-json\/wp\/v2\/types\/product"}],"wp:featuredmedia":[{"embeddable":true,"href":"https:\/\/jjcustomworks.se\/fr\/wp-json\/wp\/v2\/media\/76122"}],"wp:attachment":[{"href":"https:\/\/jjcustomworks.se\/fr\/wp-json\/wp\/v2\/media?parent=76123"}],"wp:term":[{"taxonomy":"product_brand","embeddable":true,"href":"https:\/\/jjcustomworks.se\/fr\/wp-json\/wp\/v2\/product_brand?post=76123"},{"taxonomy":"product_cat","embeddable":true,"href":"https:\/\/jjcustomworks.se\/fr\/wp-json\/wp\/v2\/product_cat?post=76123"},{"taxonomy":"product_tag","embeddable":true,"href":"https:\/\/jjcustomworks.se\/fr\/wp-json\/wp\/v2\/product_tag?post=76123"}],"curies":[{"name":"wp","href":"https:\/\/api.w.org\/{rel}","templated":true}]}}