{"id":76067,"date":"2025-10-13T17:31:41","date_gmt":"2025-10-13T15:31:41","guid":{"rendered":"https:\/\/jjcustomworks.se\/product\/perfect-point-2-pack-throwing-knives-7\/"},"modified":"2026-01-23T15:58:07","modified_gmt":"2026-01-23T14:58:07","slug":"perfect-point-couteaux-de-lancer-lot-de-10","status":"publish","type":"product","link":"https:\/\/jjcustomworks.se\/fr\/produit\/perfect-point-couteaux-de-lancer-lot-de-10\/","title":{"rendered":"Perfect Point Couteaux de Lancer Lot de 2 | Haute Qualit\u00e9"},"content":{"rendered":"<h1>PERFECT POINT - LOT DE 2 COUTEAUX \u00c0 LANCER<\/h1>\n<h2><span class=\"ez-toc-section\" id=\"Couteaux_de_lancer_de_haute_qualite_pour_le_sport_et_les_loisirs\"><\/span>Couteaux de lancer de haute qualit\u00e9 pour le sport et les loisirs<span class=\"ez-toc-section-end\"><\/span><\/h2>\n<p>Ce lot de 2 couteaux de lancer de Perfect Point est id\u00e9al pour les d\u00e9butants et les lanceurs exp\u00e9riment\u00e9s. Avec une longueur totale de 5,25 pouces et une lame en acier inoxydable de 2,5 mm d'\u00e9paisseur, ces couteaux offrent un excellent \u00e9quilibre et une grande pr\u00e9cision. La lame satin\u00e9e et le manche en acier inoxydable offrent un look \u00e9l\u00e9gant et une construction robuste. Un \u00e9tui en nylon avec une sangle d'avant-bras est inclus pour un rangement et un transport s\u00fbrs.<\/p>\n\n<h3><span class=\"ez-toc-section\" id=\"Specifications\"><\/span>Caract\u00e9ristiques:<span class=\"ez-toc-section-end\"><\/span><\/h3>\n<ul>\n  <li>Marque : PERFECT POINT<\/li>\n  <li>Longueur totale: 5,25 pouces<\/li>\n  <li>\u00c9paisseur de la lame: 2,5 mm<\/li>\n  <li>Mat\u00e9riau de la lame: Acier inoxydable<\/li>\n  <li>Finition de la lame: Satin\u00e9e<\/li>\n  <li>Mat\u00e9riau du manche: Acier inoxydable<\/li>\n  <li>\u00c9tui: \u00c9tui en nylon avec sangle d'avant-bras<\/li>\n<\/ul>\n\n<h3><span class=\"ez-toc-section\" id=\"Securite_et_utilisation\"><\/span>S\u00e9curit\u00e9 et utilisation:<span class=\"ez-toc-section-end\"><\/span><\/h3>\n<p>Le lancer de couteau est un sport traditionnel et une activit\u00e9 divertissante pour toute la famille. Ces couteaux de lancer sont relativement faciles \u00e0 apprendre \u00e0 utiliser, mais n\u00e9cessitent de la patience et de la prudence. Notez qu'il ne s'agit pas de jouets et qu'ils doivent \u00eatre manipul\u00e9s sous la surveillance d'un adulte. Une limite d'\u00e2ge de 18 ans s'applique \u00e0 l'achat. Ne jamais lancer en direction de personnes ou d'animaux et s'assurer qu'aucun objet fragile ne se trouve \u00e0 proximit\u00e9 de la cible.<\/p>\n\n<p>Ces couteaux de lancer sont uniquement destin\u00e9s \u00e0 \u00eatre utilis\u00e9s contre des cibles appropri\u00e9es. Les petits couteaux de lancer de moins de 10 pouces peuvent \u00eatre lanc\u00e9s sur des cibles de fl\u00e9chettes ordinaires. Pour les couteaux plus grands et plus lourds, une cible en bois est recommand\u00e9e. Plusieurs couches de carton peuvent \u00e9galement \u00eatre utilis\u00e9es comme cible. Gardez \u00e0 l'esprit que l'acier peut rebondir sur des surfaces dures.<\/p>\n\n<p>D\u00e9couvrez notre gamme de<a href=\"https:\/\/jjcustomworks.se\/fr\/magasin\/\">autres couteaux de lancer de haute qualit\u00e9<\/a> pour trouver les couteaux parfaits pour vos besoins. Visitez notre <a href=\"https:\/\/jjcustomworks.se\/fr\/categorie-de-produit\/fait-a-la-main\/couteaux-faits-a-la-main\/\">cat\u00e9gorie de couteau<\/a> pour voir notre s\u00e9lection compl\u00e8te. Pour plus d'informations sur nos produits, visitez <a href=\"https:\/\/jjcustomworks.se\/fr\/\">notre site Web<\/a>.<\/p>","protected":false},"excerpt":{"rendered":"<p>K\u00f6p dina 2-pack kastknivar fr\u00e5n Perfect Point f\u00f6r perfekt precision och tr\u00e4ffs\u00e4kerhet. Perfekt f\u00f6r b\u00e5de nyb\u00f6rjare och erfarna kastknivs-entusiaster. Best\u00e4ll idag f\u00f6r snabb leverans och njut av enast\u00e5ende kvalitet och prestanda.<\/p>","protected":false},"featured_media":76066,"template":"","meta":[],"product_brand":[],"product_cat":[908],"product_tag":[],"class_list":{"0":"post-76067","1":"product","2":"type-product","3":"status-publish","4":"has-post-thumbnail","6":"product_cat-kastkniv","8":"first","9":"instock","10":"sale","11":"taxable","12":"shipping-taxable","13":"purchasable","14":"product-type-simple"},"_links":{"self":[{"href":"https:\/\/jjcustomworks.se\/fr\/wp-json\/wp\/v2\/product\/76067","targetHints":{"allow":["GET"]}}],"collection":[{"href":"https:\/\/jjcustomworks.se\/fr\/wp-json\/wp\/v2\/product"}],"about":[{"href":"https:\/\/jjcustomworks.se\/fr\/wp-json\/wp\/v2\/types\/product"}],"wp:featuredmedia":[{"embeddable":true,"href":"https:\/\/jjcustomworks.se\/fr\/wp-json\/wp\/v2\/media\/76066"}],"wp:attachment":[{"href":"https:\/\/jjcustomworks.se\/fr\/wp-json\/wp\/v2\/media?parent=76067"}],"wp:term":[{"taxonomy":"product_brand","embeddable":true,"href":"https:\/\/jjcustomworks.se\/fr\/wp-json\/wp\/v2\/product_brand?post=76067"},{"taxonomy":"product_cat","embeddable":true,"href":"https:\/\/jjcustomworks.se\/fr\/wp-json\/wp\/v2\/product_cat?post=76067"},{"taxonomy":"product_tag","embeddable":true,"href":"https:\/\/jjcustomworks.se\/fr\/wp-json\/wp\/v2\/product_tag?post=76067"}],"curies":[{"name":"wp","href":"https:\/\/api.w.org\/{rel}","templated":true}]}}