{"id":76065,"date":"2025-10-13T17:31:36","date_gmt":"2025-10-13T15:31:36","guid":{"rendered":"https:\/\/jjcustomworks.se\/product\/z-hunter-089-3-set-of-3-throwing-knives\/"},"modified":"2026-04-29T14:21:35","modified_gmt":"2026-04-29T12:21:35","slug":"z-hunter-jeu-de-3-couteaux-de-lancer","status":"publish","type":"product","link":"https:\/\/jjcustomworks.se\/fr\/produit\/z-hunter-jeu-de-3-couteaux-de-lancer\/","title":{"rendered":"Z-Hunter Jeu de 3 Couteaux de Lancer | Z-Hunter"},"content":{"rendered":"<h1>Z-HUNTER - Jeu de 3 Couteaux de Lancer<\/h1>\n<h2><span class=\"ez-toc-section\" id=\"Precision_et_Plaisir_dans_un_Seul_Ensemble\"><\/span>Pr\u00e9cision et Plaisir dans un Seul Ensemble<span class=\"ez-toc-section-end\"><\/span><\/h2>\n<p>Ce jeu de Z-HUNTER comprend trois couteaux de lancer, parfaits pour les d\u00e9butants et les lanceurs exp\u00e9riment\u00e9s. Avec une longueur totale de 6,5 pouces et une lame en acier inoxydable de 3,2 mm d'\u00e9paisseur, ces couteaux offrent un \u00e9quilibre et une durabilit\u00e9 optimaux. La lame noire avec des d\u00e9tails vert zombie donne aux couteaux un design unique et accrocheur.<\/p>\n<h3><span class=\"ez-toc-section\" id=\"Caracteristiques_et_avantages\"><\/span>Caract\u00e9ristiques et avantages<span class=\"ez-toc-section-end\"><\/span><\/h3>\n<ul>\n <li><strong>Acier inoxydable:<\/strong> Lame de 3,2 mm d'\u00e9paisseur pour une utilisation durable.<\/li>\n <li><strong>Manche Enroul\u00e9 de Corde :<\/strong> Le manche vert enroul\u00e9 de corde offre une prise en main s\u00fbre et confortable.<\/li>\n <li><strong>\u00c9tui en nylon inclus :<\/strong> Un \u00e9tui en nylon pratique est inclus pour un stockage et un transport en toute s\u00e9curit\u00e9.<\/li>\n <li><strong>Conception unique :<\/strong> Lame noire avec des d\u00e9tails vert zombie qui se d\u00e9marquent.<\/li>\n<\/ul>\n<p>Le lancer de couteau est un art qui peut \u00eatre pratiqu\u00e9 par toute la famille. Il est relativement facile \u00e0 apprendre avec un peu de patience. Ces couteaux de lancer ne sont pas des jouets et doivent \u00eatre manipul\u00e9s sous la surveillance d'un adulte. N'oubliez pas de ne lancer que sur une cible appropri\u00e9e, comme une cible de fl\u00e9chettes pour les petits couteaux ou une cible en bois pour les couteaux plus grands et plus lourds. Utilisez un <a href=\"https:\/\/jjcustomworks.se\/fr\/magasin\/\">\u00e9quipement de protection<\/a> pour \u00e9viter les blessures.<\/p>\n<p><strong>Important:<\/strong> Le vendeur n'est pas responsable des dommages r\u00e9sultant d'une utilisation inappropri\u00e9e. Soyez prudent et suivez les consignes de s\u00e9curit\u00e9. \u00c2ge minimum de 18 ans pour l'achat. Ne jamais lancer en direction de personnes ou d'animaux, et assurez-vous qu'il n'y a pas d'objets fragiles \u00e0 proximit\u00e9 de la cible. Visitez notre <a href=\"https:\/\/jjcustomworks.se\/fr\/categorie-de-produit\/fait-a-la-main\/couteaux-faits-a-la-main\/\">categorie de couteaux<\/a> pour plus d&#039;options.<\/p>\n<p>Ces couteaux de lancer sont uniquement destin\u00e9s \u00e0 \u00eatre lanc\u00e9s sur une cible appropri\u00e9e. Les petits couteaux de lancer de moins de 10 pouces qui ne p\u00e8sent pas beaucoup peuvent \u00eatre lanc\u00e9s sur des cibles de fl\u00e9chettes ordinaires. Pour les couteaux de comp\u00e9tition plus grands\/lourds, nous recommandons une vraie cible en bois. Plusieurs couches de carton peuvent \u00e9galement servir de bonne cible. Gardez \u00e0 l'esprit que l'acier rebondit sur l'acier et autres surfaces dures. D\u00e9couvrez notre gamme de <a href=\"https:\/\/jjcustomworks.se\/fr\/\">couteaux et accessoires<\/a> \u00e0 partir d&#039;aujourd&#039;hui !<\/p>","protected":false},"excerpt":{"rendered":"<p>K\u00f6p Z-HUNTER 089-3 Set med 3 kastknivar online &#8211; Perfekt f\u00f6r j\u00e4gare och \u00f6verlevnadsexperter. H\u00f6gkvalitativa kastknivar f\u00f6r precision och h\u00e5llbarhet. Best\u00e4ll nu och f\u00e5 snabb leverans!<\/p>","protected":false},"featured_media":76064,"template":"","meta":[],"product_brand":[],"product_cat":[908],"product_tag":[],"class_list":{"0":"post-76065","1":"product","2":"type-product","3":"status-publish","4":"has-post-thumbnail","6":"product_cat-kastkniv","8":"first","9":"instock","10":"sale","11":"taxable","12":"shipping-taxable","13":"purchasable","14":"product-type-simple"},"_links":{"self":[{"href":"https:\/\/jjcustomworks.se\/fr\/wp-json\/wp\/v2\/product\/76065","targetHints":{"allow":["GET"]}}],"collection":[{"href":"https:\/\/jjcustomworks.se\/fr\/wp-json\/wp\/v2\/product"}],"about":[{"href":"https:\/\/jjcustomworks.se\/fr\/wp-json\/wp\/v2\/types\/product"}],"wp:featuredmedia":[{"embeddable":true,"href":"https:\/\/jjcustomworks.se\/fr\/wp-json\/wp\/v2\/media\/76064"}],"wp:attachment":[{"href":"https:\/\/jjcustomworks.se\/fr\/wp-json\/wp\/v2\/media?parent=76065"}],"wp:term":[{"taxonomy":"product_brand","embeddable":true,"href":"https:\/\/jjcustomworks.se\/fr\/wp-json\/wp\/v2\/product_brand?post=76065"},{"taxonomy":"product_cat","embeddable":true,"href":"https:\/\/jjcustomworks.se\/fr\/wp-json\/wp\/v2\/product_cat?post=76065"},{"taxonomy":"product_tag","embeddable":true,"href":"https:\/\/jjcustomworks.se\/fr\/wp-json\/wp\/v2\/product_tag?post=76065"}],"curies":[{"name":"wp","href":"https:\/\/api.w.org\/{rel}","templated":true}]}}