{"id":76063,"date":"2025-10-13T17:25:51","date_gmt":"2025-10-13T15:25:51","guid":{"rendered":"https:\/\/jjcustomworks.se\/product\/perfect-point-6-pack-throwing-knives-4\/"},"modified":"2026-04-17T13:39:35","modified_gmt":"2026-04-17T11:39:35","slug":"perfect-point-couteaux-de-lancer-lot-de-11","status":"publish","type":"product","link":"https:\/\/jjcustomworks.se\/fr\/produit\/perfect-point-couteaux-de-lancer-lot-de-11\/","title":{"rendered":"Perfect Point Couteaux de Lancer - Lot de 6"},"content":{"rendered":"<h1>PERFECT POINT - LOT DE 6 COUTEAUX DE LANCER<\/h1>\n<h2><span class=\"ez-toc-section\" id=\"Lancez_des_couteaux_comme_un_pro_avec_cet_ensemble\"><\/span>Lancez des couteaux comme un pro avec cet ensemble !<span class=\"ez-toc-section-end\"><\/span><\/h2>\n<p>Ce lot de 6 couteaux de lancer de Perfect Point est parfait pour les d\u00e9butants comme pour les lanceurs exp\u00e9riment\u00e9s. Avec une longueur totale de 6,5 pouces et une lame de 3 mm d'\u00e9paisseur en acier inoxydable, ces couteaux offrent un \u00e9quilibre et une durabilit\u00e9 optimaux. La lame noire avec des d\u00e9tails color\u00e9s offre un style unique, tandis que le manche envelopp\u00e9 de cordon de couleurs assorties offre une prise en main confortable et s\u00fbre.<\/p>\n<h3><span class=\"ez-toc-section\" id=\"Caracteristiques\"><\/span>Caract\u00e9ristiques:<span class=\"ez-toc-section-end\"><\/span><\/h3>\n<ul>\n <li>Longueur totale de 6,5 pouces<\/li>\n <li>Lame en acier inoxydable de 3 mm d'\u00e9paisseur<\/li>\n <li>Lame noire avec d\u00e9tails color\u00e9s<\/li>\n <li>Manche envelopp\u00e9 de cordon de couleurs assorties<\/li>\n <li>Comprend un \u00e9tui en nylon<\/li>\n<\/ul>\n<p>Le lancer de couteau est un art et un sport traditionnel qui peut \u00eatre un passe-temps amusant pour toute la famille. Il est relativement facile \u00e0 apprendre avec un peu de patience. Ces couteaux de lancer ne sont pas des jouets et doivent \u00eatre manipul\u00e9s sous la surveillance d'un adulte. N'oubliez pas qu'une limite d'\u00e2ge de 18 ans s'applique \u00e0 l'achat. Ne jamais lancer en direction de personnes ou d'animaux et s'assurer qu'aucun objet fragile ne se trouve \u00e0 proximit\u00e9 de la cible.<\/p>\n<p>Ces couteaux sont destin\u00e9s uniquement \u00e0 \u00eatre lanc\u00e9s sur des cibles appropri\u00e9es. Les petits couteaux de lancer de moins de 10 pouces qui ne p\u00e8sent pas beaucoup peuvent \u00eatre lanc\u00e9s avec succ\u00e8s sur des cibles de fl\u00e9chettes ordinaires. Pour les couteaux de comp\u00e9tition plus grands et plus lourds, il est recommand\u00e9 d'utiliser une cible en bois. Plusieurs couches de carton peuvent \u00e9galement servir de bonne cible. Soyez prudent car l'acier rebondit sur l'acier et d'autres surfaces dures.<\/p>\n<p>D\u00e9couvrez notre large gamme d'<a href=\"https:\/\/jjcustomworks.se\/fr\/magasin\/\">autres couteaux de lancer<\/a> pour trouver l'ensemble parfait pour vous. Pour plus d'informations sur le lancer de couteau et la s\u00e9curit\u00e9, visitez notre <a href=\"https:\/\/jjcustomworks.se\/fr\/categorie-de-produit\/fait-a-la-main\/couteaux-faits-a-la-main\/\">page de cat\u00e9gorie des couteaux de lancer<\/a>. Ne manquez pas l'occasion de d\u00e9couvrir toute notre gamme de produits sur notre <a href=\"https:\/\/jjcustomworks.se\/fr\/\">page d&#039;accueil<\/a>.<\/p>","protected":false},"excerpt":{"rendered":"<p>K\u00f6p 6-pack kastknivar fr\u00e5n Perfect Point &#8211; Perfekta kastknivar f\u00f6r tr\u00e4ning och precision. Perfekt f\u00f6r b\u00e5de nyb\u00f6rjare och erfarna kastknivs-entusiaster. Best\u00e4ll idag f\u00f6r snabb leverans!<\/p>","protected":false},"featured_media":76062,"template":"","meta":[],"product_brand":[],"product_cat":[908],"product_tag":[],"class_list":{"0":"post-76063","1":"product","2":"type-product","3":"status-publish","4":"has-post-thumbnail","6":"product_cat-kastkniv","8":"first","9":"instock","10":"sale","11":"taxable","12":"shipping-taxable","13":"purchasable","14":"product-type-simple"},"_links":{"self":[{"href":"https:\/\/jjcustomworks.se\/fr\/wp-json\/wp\/v2\/product\/76063","targetHints":{"allow":["GET"]}}],"collection":[{"href":"https:\/\/jjcustomworks.se\/fr\/wp-json\/wp\/v2\/product"}],"about":[{"href":"https:\/\/jjcustomworks.se\/fr\/wp-json\/wp\/v2\/types\/product"}],"wp:featuredmedia":[{"embeddable":true,"href":"https:\/\/jjcustomworks.se\/fr\/wp-json\/wp\/v2\/media\/76062"}],"wp:attachment":[{"href":"https:\/\/jjcustomworks.se\/fr\/wp-json\/wp\/v2\/media?parent=76063"}],"wp:term":[{"taxonomy":"product_brand","embeddable":true,"href":"https:\/\/jjcustomworks.se\/fr\/wp-json\/wp\/v2\/product_brand?post=76063"},{"taxonomy":"product_cat","embeddable":true,"href":"https:\/\/jjcustomworks.se\/fr\/wp-json\/wp\/v2\/product_cat?post=76063"},{"taxonomy":"product_tag","embeddable":true,"href":"https:\/\/jjcustomworks.se\/fr\/wp-json\/wp\/v2\/product_tag?post=76063"}],"curies":[{"name":"wp","href":"https:\/\/api.w.org\/{rel}","templated":true}]}}