{"id":75838,"date":"2025-10-07T07:38:36","date_gmt":"2025-10-07T05:38:36","guid":{"rendered":"https:\/\/jjcustomworks.se\/product\/cold-steel-pro-flight-sport\/"},"modified":"2026-03-21T12:03:38","modified_gmt":"2026-03-21T11:03:38","slug":"couteau-de-lancer-cold-steel-pro-flight-sport","status":"publish","type":"product","link":"https:\/\/jjcustomworks.se\/fr\/produit\/couteau-de-lancer-cold-steel-pro-flight-sport\/","title":{"rendered":"Couteau de lancer Cold Steel Pro Flight Sport"},"content":{"rendered":"<h1><span class=\"ez-toc-section\" id=\"Couteau_de_lancer_Cold_Steel_Pro_Flight_Sport\"><\/span>Couteau de lancer Cold Steel Pro Flight Sport<span class=\"ez-toc-section-end\"><\/span><\/h1>\n<h2><span class=\"ez-toc-section\" id=\"Couteau_de_lancer_professionnel_pour_le_sport_et_la_competition\"><\/span>Couteau de lancer professionnel pour le sport et la comp\u00e9tition<span class=\"ez-toc-section-end\"><\/span><\/h2>\n<p>Le Cold Steel Pro Flight Sport est un excellent couteau de lancer adapt\u00e9 aux d\u00e9butants comme aux lanceurs exp\u00e9riment\u00e9s. Inspir\u00e9 des couteaux de lancer haut de gamme de Cold Steel, ce mod\u00e8le offre les m\u00eames normes \u00e9lev\u00e9es et le m\u00eame revenu de ressort, mais dans une conception l\u00e9g\u00e8rement plus fine et plus l\u00e9g\u00e8re. Cela le rend plus abordable et accessible \u00e0 un public plus large, sans compromettre la durabilit\u00e9 et l'\u00e9quilibre.<\/p>\n<h3><span class=\"ez-toc-section\" id=\"Avantages_du_Cold_Steel_Pro_Flight_Sport\"><\/span>Avantages du Cold Steel Pro Flight Sport :<span class=\"ez-toc-section-end\"><\/span><\/h3>\n<ul>\n <li><strong>Haute qualit\u00e9 :<\/strong> Fabriqu\u00e9 selon les m\u00eames normes \u00e9lev\u00e9es que les mod\u00e8les avanc\u00e9s de Cold Steel.<\/li>\n <li><strong>Abordable:<\/strong> Nettement moins cher que les mod\u00e8les professionnels d'origine.<\/li>\n <li><strong>Convient \u00e0 tous les niveaux :<\/strong> Parfait pour les d\u00e9butants et les lanceurs exp\u00e9riment\u00e9s.<\/li>\n <li><strong>Durable et \u00e9quilibr\u00e9 :<\/strong> Con\u00e7u pour une utilisation durable et des performances de lancer optimales.<\/li>\n<\/ul>\n<h3><span class=\"ez-toc-section\" id=\"Specifications\"><\/span>Caract\u00e9ristiques:<span class=\"ez-toc-section-end\"><\/span><\/h3>\n<ul>\n <li>Poids : 310 g<\/li>\n <li>\u00c9paisseur de la lame : 3,5 mm<\/li>\n <li>Mat\u00e9riau : Acier au carbone 1055<\/li>\n <li>Longueur totale : 35,6 cm<\/li>\n<\/ul>\n<p>Le lancer de couteau est une activit\u00e9 amusante et enrichissante qui peut \u00eatre pratiqu\u00e9e par toute la famille. Avec le Cold Steel Pro Flight Sport, vous pouvez facilement commencer et d\u00e9velopper vos comp\u00e9tences de lancer. N'oubliez pas de toujours manipuler les couteaux de lancer avec pr\u00e9caution et sous la surveillance d'un adulte. Ne lancez jamais en direction de personnes ou d'animaux et assurez-vous d'avoir une cible s\u00fbre. Ce couteau de lancer est destin\u00e9 \u00e0 \u00eatre utilis\u00e9 sur des cibles appropri\u00e9es. Pour les petits couteaux de lancer, les cibles de fl\u00e9chettes sont recommand\u00e9es, tandis que les couteaux plus grands et plus lourds n\u00e9cessitent une cible en bois ou plusieurs couches de carton. Gardez \u00e0 l'esprit que l'acier peut rebondir sur des surfaces dures.<\/p>\n<p>D\u00e9couvrez notre gamme de<a href=\"https:\/\/jjcustomworks.se\/fr\/magasin\/\">autres couteaux de lancer<\/a> pour trouver le mod\u00e8le parfait pour vous. Explorez \u00e9galement notre <a href=\"https:\/\/jjcustomworks.se\/fr\/categorie-de-produit\/fait-a-la-main\/couteaux-faits-a-la-main\/\">cat\u00e9gorie plein air<\/a> pour trouver d'autres produits passionnants. Visitez notre <a href=\"https:\/\/jjcustomworks.se\/fr\/\">page d&#039;accueil<\/a> pour voir toute notre gamme.<\/p>","protected":false},"excerpt":{"rendered":"<p>COLD STEEL Pro Flight Sport &#8211; Discover the Ultimate Sporting Experience<\/p>","protected":false},"featured_media":75837,"template":"","meta":[],"product_brand":[],"product_cat":[908],"product_tag":[],"class_list":{"0":"post-75838","1":"product","2":"type-product","3":"status-publish","4":"has-post-thumbnail","6":"product_cat-kastkniv","8":"first","9":"outofstock","10":"sale","11":"taxable","12":"shipping-taxable","13":"purchasable","14":"product-type-simple"},"_links":{"self":[{"href":"https:\/\/jjcustomworks.se\/fr\/wp-json\/wp\/v2\/product\/75838","targetHints":{"allow":["GET"]}}],"collection":[{"href":"https:\/\/jjcustomworks.se\/fr\/wp-json\/wp\/v2\/product"}],"about":[{"href":"https:\/\/jjcustomworks.se\/fr\/wp-json\/wp\/v2\/types\/product"}],"wp:featuredmedia":[{"embeddable":true,"href":"https:\/\/jjcustomworks.se\/fr\/wp-json\/wp\/v2\/media\/75837"}],"wp:attachment":[{"href":"https:\/\/jjcustomworks.se\/fr\/wp-json\/wp\/v2\/media?parent=75838"}],"wp:term":[{"taxonomy":"product_brand","embeddable":true,"href":"https:\/\/jjcustomworks.se\/fr\/wp-json\/wp\/v2\/product_brand?post=75838"},{"taxonomy":"product_cat","embeddable":true,"href":"https:\/\/jjcustomworks.se\/fr\/wp-json\/wp\/v2\/product_cat?post=75838"},{"taxonomy":"product_tag","embeddable":true,"href":"https:\/\/jjcustomworks.se\/fr\/wp-json\/wp\/v2\/product_tag?post=75838"}],"curies":[{"name":"wp","href":"https:\/\/api.w.org\/{rel}","templated":true}]}}