{"id":63187,"date":"2025-06-26T09:38:00","date_gmt":"2025-06-26T07:38:00","guid":{"rendered":"https:\/\/jjcustomworks.se\/product\/perfect-point-2-pack-throwing-knifes-2\/"},"modified":"2025-10-16T22:41:55","modified_gmt":"2025-10-16T20:41:55","slug":"perfect-point-2-couteaux-de-lancer","status":"publish","type":"product","link":"https:\/\/jjcustomworks.se\/fr\/produit\/perfect-point-2-couteaux-de-lancer\/","title":{"rendered":"PERFECT POINT - 2 Couteaux de Lancer | Design Dragon"},"content":{"rendered":"<h1>PERFECT POINT - 2 COUTEAUX \u00c0 LANCER<\/h1>\n<h2><span class=\"ez-toc-section\" id=\"Couteaux_de_lancer_avec_design_dragon\"><\/span>Couteaux de lancer avec design dragon<span class=\"ez-toc-section-end\"><\/span><\/h2>\n<p>Ce lot de 2 couteaux de lancer de PERFECT POINT est parfait pour les d\u00e9butants comme pour les lanceurs exp\u00e9riment\u00e9s. L'ensemble comprend deux couteaux de lancer d'une longueur totale de 6,5 pouces. Chaque couteau est d\u00e9cor\u00e9 d'un motif de dragon d\u00e9taill\u00e9, ce qui leur conf\u00e8re un aspect unique et accrocheur. Un \u00e9tui en nylon est \u00e9galement inclus pour un stockage et un transport s\u00fbrs.<\/p>\n<h3><span class=\"ez-toc-section\" id=\"Caracteristiques\"><\/span>Caract\u00e9ristiques:<span class=\"ez-toc-section-end\"><\/span><\/h3>\n<ul>\n <li>Ensemble de 2 couteaux de lancer de PERFECT POINT<\/li>\n <li>Longueur totale : 6,5 pouces<\/li>\n <li>Motif d\u00e9coratif de dragon<\/li>\n <li>Comprend un \u00e9tui en nylon<\/li>\n<\/ul>\n<p>Le lancer de couteau est un art traditionnel et un sport amusant pour toute la famille. Il est relativement facile \u00e0 apprendre avec un peu de patience. Ces couteaux de lancer ne sont pas des jouets et doivent \u00eatre manipul\u00e9s avec pr\u00e9caution sous la surveillance d'un adulte. Une limite d'\u00e2ge de 18 ans s'applique \u00e0 l'achat.<\/p>\n<p>Soyez prudent et ne lancez jamais en direction de personnes ou d'animaux, et assurez-vous qu'il n'y a pas d'objets fragiles \u00e0 proximit\u00e9 de la cible.<\/p>\n<p>Les couteaux sont uniquement destin\u00e9s \u00e0 \u00eatre jet\u00e9s sur des cibles appropri\u00e9es. Les petits couteaux de lancer de moins de 10 pouces peuvent \u00eatre lanc\u00e9s sur des cibles de fl\u00e9chettes ordinaires, tandis que les couteaux plus grands et plus lourds n\u00e9cessitent une cible en bois. Plusieurs couches de carton peuvent \u00e9galement \u00eatre utilis\u00e9es comme cible. N'oubliez pas que l'acier peut rebondir sur les surfaces dures.<\/p>\n<p>D\u00e9couvrez notre gamme de<a href=\"https:\/\/jjcustomworks.se\/fr\/magasin\/\">autres couteaux de lancer<\/a> pour trouver l&#039;ensemble parfait pour vous. Visitez notre <a href=\"https:\/\/jjcustomworks.se\/fr\/categorie-de-produit\/fait-a-la-main\/couteaux-faits-a-la-main\/\">cat\u00e9gorie d'\u00e9quipement de plein air<\/a> pour voir plus de notre gamme. Ne manquez pas non plus nos autres produits sur la <a href=\"https:\/\/jjcustomworks.se\/fr\/\">page d&#039;accueil<\/a>.<\/p>","protected":false},"excerpt":{"rendered":"<p>PERFECT POINT &#8211; 2 COUTEAUX DE LANCER Couteaux de lancer avec design dragon Ce lot de 2 couteaux de lancer de PERFECT POINT est parfait pour les d\u00e9butants comme pour les lanceurs exp\u00e9riment\u00e9s. L&#8217;ensemble comprend deux couteaux de lancer d&#8217;une longueur totale de 6,5 pouces. Chaque couteau est d\u00e9cor\u00e9 d&#8217;un motif de dragon d\u00e9taill\u00e9, ce [&#8230;]\n","protected":false},"featured_media":63186,"template":"","meta":[],"product_brand":[],"product_cat":[908],"product_tag":[],"class_list":{"0":"post-63187","1":"product","2":"type-product","3":"status-publish","4":"has-post-thumbnail","6":"product_cat-kastkniv","8":"first","9":"onbackorder","10":"sale","11":"taxable","12":"shipping-taxable","13":"purchasable","14":"product-type-simple"},"_links":{"self":[{"href":"https:\/\/jjcustomworks.se\/fr\/wp-json\/wp\/v2\/product\/63187","targetHints":{"allow":["GET"]}}],"collection":[{"href":"https:\/\/jjcustomworks.se\/fr\/wp-json\/wp\/v2\/product"}],"about":[{"href":"https:\/\/jjcustomworks.se\/fr\/wp-json\/wp\/v2\/types\/product"}],"wp:featuredmedia":[{"embeddable":true,"href":"https:\/\/jjcustomworks.se\/fr\/wp-json\/wp\/v2\/media\/63186"}],"wp:attachment":[{"href":"https:\/\/jjcustomworks.se\/fr\/wp-json\/wp\/v2\/media?parent=63187"}],"wp:term":[{"taxonomy":"product_brand","embeddable":true,"href":"https:\/\/jjcustomworks.se\/fr\/wp-json\/wp\/v2\/product_brand?post=63187"},{"taxonomy":"product_cat","embeddable":true,"href":"https:\/\/jjcustomworks.se\/fr\/wp-json\/wp\/v2\/product_cat?post=63187"},{"taxonomy":"product_tag","embeddable":true,"href":"https:\/\/jjcustomworks.se\/fr\/wp-json\/wp\/v2\/product_tag?post=63187"}],"curies":[{"name":"wp","href":"https:\/\/api.w.org\/{rel}","templated":true}]}}