{"id":61946,"date":"2025-03-27T05:41:48","date_gmt":"2025-03-27T04:41:48","guid":{"rendered":"https:\/\/jjcustomworks.se\/product\/gasoline-oil-lighter-gentelo-horse-5\/"},"modified":"2026-04-07T08:30:39","modified_gmt":"2026-04-07T06:30:39","slug":"briquet-a-essence-gentelo-motif-cheval","status":"publish","type":"product","link":"https:\/\/jjcustomworks.se\/fr\/produit\/briquet-a-essence-gentelo-motif-cheval\/","title":{"rendered":"Briquet \u00e0 Essence Gentelo - Motif Cheval"},"content":{"rendered":"<h1><span class=\"ez-toc-section\" id=\"Briquet_a_Essence_Gentelo_avec_Motif_Cheval\"><\/span>Briquet \u00e0 essence Gentelo avec motif cheval<span class=\"ez-toc-section-end\"><\/span><\/h1>\n\n<h2><span class=\"ez-toc-section\" id=\"Briquet_a_Essence_Classique_de_Gentelo\"><\/span>Briquet \u00e0 Essence Classique de Gentelo<span class=\"ez-toc-section-end\"><\/span><\/h2>\n\n<p>Ce <strong>Briquet \u00e0 essence Gentelo<\/strong> combine fonctionnalit\u00e9 et style. Un briquet abordable, parfait pour une utilisation quotidienne ou comme cadeau pour les passionn\u00e9s de chevaux. Le design pr\u00e9sente un \u00e9l\u00e9gant motif de cheval, ce qui en fait un accessoire unique.<\/p>\n\n<h3><span class=\"ez-toc-section\" id=\"Compatible_avec_les_Accessoires_Standard\"><\/span>Compatible avec les accessoires standard<span class=\"ez-toc-section-end\"><\/span><\/h3>\n\n<p>Le briquet est con\u00e7u pour \u00eatre compatible avec tous les accessoires standard du march\u00e9. Cela vous donne la libert\u00e9 de personnaliser et d'entretenir votre briquet selon vos besoins. Conservez votre <a href=\"https:\/\/jjcustomworks.se\/fr\/magasin\/\">nouveau briquet<\/a> en parfait \u00e9tat en rempla\u00e7ant facilement les pi\u00e8ces usag\u00e9es.<\/p>\n\n<ul>\n    <li><strong>Compatible :<\/strong> Utilise des accessoires standard.<\/li>\n    <li><strong>Abordable:<\/strong> Bonne qualit\u00e9 \u00e0 un prix abordable.<\/li>\n    <li><strong>Conception :<\/strong> \u00c9l\u00e9gant motif de cheval.<\/li>\n<\/ul>\n\n<h3><span class=\"ez-toc-section\" id=\"Livre_Pret_a_lemploi\"><\/span>Livr\u00e9 Pr\u00eat \u00e0 l&#8217;emploi<span class=\"ez-toc-section-end\"><\/span><\/h3>\n\n<p>Le briquet est livr\u00e9 pr\u00eat \u00e0 l'emploi d\u00e8s sa sortie de l'emballage, \u00e0 l'exception du carburant. Remplissez-le simplement avec de l'<a href=\"https:\/\/jjcustomworks.se\/fr\/categorie-de-produit\/briquets-a-gaz-et-a-essence\/\">essence<\/a>, et vous \u00eates pr\u00eat \u00e0 utiliser votre nouveau briquet. Parfait pour les activit\u00e9s de plein air, le camping ou comme d\u00e9tail \u00e9l\u00e9gant dans la vie de tous les jours. Pour plus d'informations, visitez notre <a href=\"https:\/\/jjcustomworks.se\/fr\/\">site web<\/a>.<\/p>","protected":false},"excerpt":{"rendered":"<p>Briquet \u00e0 Essence Gentelo avec Motif Cheval Briquet \u00e0 Essence Classique de Gentelo Ce briquet \u00e0 essence de Gentelo combine fonctionnalit\u00e9 et style. Un briquet abordable, parfait pour une utilisation quotidienne ou comme cadeau pour les passionn\u00e9s de chevaux. Le design pr\u00e9sente un \u00e9l\u00e9gant motif de cheval, ce qui en fait un accessoire unique. Compatible [&#8230;]\n","protected":false},"featured_media":61943,"template":"","meta":[],"product_brand":[],"product_cat":[877],"product_tag":[],"class_list":{"0":"post-61946","1":"product","2":"type-product","3":"status-publish","4":"has-post-thumbnail","6":"product_cat-bensintandare","8":"first","9":"instock","10":"sale","11":"taxable","12":"shipping-taxable","13":"purchasable","14":"product-type-simple"},"_links":{"self":[{"href":"https:\/\/jjcustomworks.se\/fr\/wp-json\/wp\/v2\/product\/61946","targetHints":{"allow":["GET"]}}],"collection":[{"href":"https:\/\/jjcustomworks.se\/fr\/wp-json\/wp\/v2\/product"}],"about":[{"href":"https:\/\/jjcustomworks.se\/fr\/wp-json\/wp\/v2\/types\/product"}],"wp:featuredmedia":[{"embeddable":true,"href":"https:\/\/jjcustomworks.se\/fr\/wp-json\/wp\/v2\/media\/61943"}],"wp:attachment":[{"href":"https:\/\/jjcustomworks.se\/fr\/wp-json\/wp\/v2\/media?parent=61946"}],"wp:term":[{"taxonomy":"product_brand","embeddable":true,"href":"https:\/\/jjcustomworks.se\/fr\/wp-json\/wp\/v2\/product_brand?post=61946"},{"taxonomy":"product_cat","embeddable":true,"href":"https:\/\/jjcustomworks.se\/fr\/wp-json\/wp\/v2\/product_cat?post=61946"},{"taxonomy":"product_tag","embeddable":true,"href":"https:\/\/jjcustomworks.se\/fr\/wp-json\/wp\/v2\/product_tag?post=61946"}],"curies":[{"name":"wp","href":"https:\/\/api.w.org\/{rel}","templated":true}]}}