{"id":61072,"date":"2025-03-14T15:07:19","date_gmt":"2025-03-14T14:07:19","guid":{"rendered":"https:\/\/jjcustomworks.se\/product\/jj-custom-works-sheath-handmade-in-sweden-frontier-hawk-90fh-10\/"},"modified":"2025-10-16T18:27:01","modified_gmt":"2025-10-16T16:27:01","slug":"etui-hache-fait-main-cold-steel-frontier-hawk","status":"publish","type":"product","link":"https:\/\/jjcustomworks.se\/fr\/produit\/etui-hache-fait-main-cold-steel-frontier-hawk\/","title":{"rendered":"\u00c9tui Hache Fait Main Cold Steel Frontier Hawk | JJ Custom"},"content":{"rendered":"<h1><span class=\"ez-toc-section\" id=\"Etui_de_Hache_Fait_Main_pour_Cold_Steel_Frontier_Spike_Hawk\"><\/span>\u00c9tui de Hache Fait Main pour Cold Steel Frontier &#038; Spike Hawk<span class=\"ez-toc-section-end\"><\/span><\/h1>\n<h2><span class=\"ez-toc-section\" id=\"Protegez_Votre_Hache_avec_un_Etui_Fait_Main\"><\/span>Prot\u00e9gez Votre Hache avec un \u00c9tui Fait Main<span class=\"ez-toc-section-end\"><\/span><\/h2>\n<p>Cet \u00e9tui de hache fait main est sp\u00e9cialement con\u00e7u pour s'adapter aux Cold Steel Frontier Hawk 90FH et Spike Hawk 90SH. Fabriqu\u00e9 en Su\u00e8de \u00e0 partir de cuir de qualit\u00e9 tann\u00e9 v\u00e9g\u00e9talement de T\u00e4rnsj\u00f6, cet \u00e9tui garantit \u00e0 la fois qualit\u00e9 et durabilit\u00e9. Prot\u00e9gez votre pr\u00e9cieuse hache de la salet\u00e9 et des intemp\u00e9ries, tout en augmentant la s\u00e9curit\u00e9 pendant le transport. En investissant dans cet \u00e9tui, vous prolongez la dur\u00e9e de vie de votre hache et la maintenez dans un \u00e9tat optimal.<\/p>\n<ul>\n <li><strong>Convient aux Cold Steel Frontier Hawk 90FH et Spike Hawk 90SH<\/strong><\/li>\n <li>Fabriqu\u00e9 \u00e0 partir de cuir de qualit\u00e9 tann\u00e9 v\u00e9g\u00e9talement de T\u00e4rnsj\u00f6<\/li>\n <li>Fabriqu\u00e9 \u00e0 la main en Su\u00e8de<\/li>\n <li>Prot\u00e8ge contre la salet\u00e9 et les intemp\u00e9ries<\/li>\n <li>Augmente la s\u00e9curit\u00e9 pendant le transport<\/li>\n<\/ul>\n<h3><span class=\"ez-toc-section\" id=\"Prolongez_la_Duree_de_Vie_avec_un_Entretien_Approprie\"><\/span>Prolongez la Dur\u00e9e de Vie avec un Entretien Appropri\u00e9<span class=\"ez-toc-section-end\"><\/span><\/h3>\n<p>Avec un peu de soin, cet \u00e9tui durera de nombreuses ann\u00e9es. Lubrifiez le cuir de temps en temps avec un produit d'entretien du cuir appropri\u00e9 pour pr\u00e9server sa qualit\u00e9 et sa souplesse. Le cuir tann\u00e9 v\u00e9g\u00e9talement est un choix \u00e9cologique et naturel, contrairement au cuir tann\u00e9 au chrome, ce qui fait de cet \u00e9tui une option durable.<\/p>\n<p>Comme le cuir est un mat\u00e9riau naturel, de l\u00e9g\u00e8res variations par rapport \u00e0 l'image peuvent se produire. Ces diff\u00e9rences naturelles contribuent \u00e0 rendre chaque \u00e9tui totalement unique. Investissez dans un \u00e9tui qui non seulement prot\u00e8ge votre hache, mais repr\u00e9sente \u00e9galement un savoir-faire artisanal de la plus haute qualit\u00e9. Explorez notre gamme d'<a href=\"https:\/\/jjcustomworks.se\/fr\/magasin\/\">autres produits en cuir faits main<\/a> pour compl\u00e9ter votre \u00e9quipement. Visite <a href=\"https:\/\/jjcustomworks.se\/fr\/categorie-de-produit\/fait-a-la-main\/ceinture-faite-a-la-main\/\">notre cat\u00e9gorie de haches et accessoires<\/a> pour trouver d'autres produits adapt\u00e9s \u00e0 vos besoins, ou consultez <a href=\"https:\/\/jjcustomworks.se\/fr\/\">notre page d&#039;accueil<\/a> pour d\u00e9couvrir toute notre gamme.<\/p>","protected":false},"excerpt":{"rendered":"<p>\u00c9tui de Hache Fait Main pour Cold Steel Frontier &#038; Spike Hawk Prot\u00e9gez Votre Hache avec un \u00c9tui Fait Main Cet \u00e9tui de hache fait main est sp\u00e9cialement con\u00e7u pour s&#8217;adapter aux Cold Steel Frontier Hawk 90FH et Spike Hawk 90SH. Fabriqu\u00e9 en Su\u00e8de \u00e0 partir de cuir de qualit\u00e9 tann\u00e9 v\u00e9g\u00e9talement de T\u00e4rnsj\u00f6, cet [&#8230;]\n","protected":false},"featured_media":61064,"template":"","meta":[],"product_brand":[],"product_cat":[8205,6423],"product_tag":[],"class_list":{"0":"post-61072","1":"product","2":"type-product","3":"status-publish","4":"has-post-thumbnail","6":"product_cat-sheats","7":"product_cat-axe-accessories","9":"first","10":"instock","11":"taxable","12":"shipping-taxable","13":"purchasable","14":"product-type-simple"},"_links":{"self":[{"href":"https:\/\/jjcustomworks.se\/fr\/wp-json\/wp\/v2\/product\/61072","targetHints":{"allow":["GET"]}}],"collection":[{"href":"https:\/\/jjcustomworks.se\/fr\/wp-json\/wp\/v2\/product"}],"about":[{"href":"https:\/\/jjcustomworks.se\/fr\/wp-json\/wp\/v2\/types\/product"}],"wp:featuredmedia":[{"embeddable":true,"href":"https:\/\/jjcustomworks.se\/fr\/wp-json\/wp\/v2\/media\/61064"}],"wp:attachment":[{"href":"https:\/\/jjcustomworks.se\/fr\/wp-json\/wp\/v2\/media?parent=61072"}],"wp:term":[{"taxonomy":"product_brand","embeddable":true,"href":"https:\/\/jjcustomworks.se\/fr\/wp-json\/wp\/v2\/product_brand?post=61072"},{"taxonomy":"product_cat","embeddable":true,"href":"https:\/\/jjcustomworks.se\/fr\/wp-json\/wp\/v2\/product_cat?post=61072"},{"taxonomy":"product_tag","embeddable":true,"href":"https:\/\/jjcustomworks.se\/fr\/wp-json\/wp\/v2\/product_tag?post=61072"}],"curies":[{"name":"wp","href":"https:\/\/api.w.org\/{rel}","templated":true}]}}