{"id":61046,"date":"2025-03-14T15:07:05","date_gmt":"2025-03-14T14:07:05","guid":{"rendered":"https:\/\/jjcustomworks.se\/product\/jj-custom-works-sheath-handmade-in-sweden-frontier-hawk-90fh-7\/"},"modified":"2025-10-16T18:28:43","modified_gmt":"2025-10-16T16:28:43","slug":"protege-lame-de-hache-fait-main-cold-steel-frontier-hawk","status":"publish","type":"product","link":"https:\/\/jjcustomworks.se\/fr\/produit\/protege-lame-de-hache-fait-main-cold-steel-frontier-hawk\/","title":{"rendered":"Prot\u00e8ge-Lame de Hache Fait Main Cold Steel Frontier Hawk | JJ Custom Works"},"content":{"rendered":"<h1><span class=\"ez-toc-section\" id=\"Protege-Lame_de_Hache_Fait_Main_Cold_Steel_Frontier_Hawk\"><\/span>Prot\u00e8ge-Lame de Hache Fait Main Cold Steel Frontier Hawk<span class=\"ez-toc-section-end\"><\/span><\/h1>\n<h2><span class=\"ez-toc-section\" id=\"Protegez_votre_hache_avec_style\"><\/span>Prot\u00e9gez votre hache avec style<span class=\"ez-toc-section-end\"><\/span><\/h2>\n<p>Ce prot\u00e8ge-lame de hache fait main est sp\u00e9cialement con\u00e7u pour les Cold Steel Frontier Hawk 90FH et Spike Hawk 90SH. Fabriqu\u00e9 en Su\u00e8de \u00e0 partir de cuir de qualit\u00e9 \u00e0 tannage v\u00e9g\u00e9tal de T\u00e4rnsj\u00f6, ce prot\u00e8ge-lame garantit \u00e0 la fois qualit\u00e9 et durabilit\u00e9. Prot\u00e9gez votre investissement et prolongez la dur\u00e9e de vie de votre hache!<\/p>\n<ul>\n <li><strong>Ajustement parfait:<\/strong> Con\u00e7u pour Cold Steel Frontier Hawk 90FH et Spike Hawk 90SH.<\/li>\n <li><strong>Fabriqu\u00e9 en Su\u00e8de :<\/strong> Fabriqu\u00e9 en Su\u00e8de avec un accent sur la qualit\u00e9.<\/li>\n <li><strong>Cuir \u00e0 tannage v\u00e9g\u00e9tal:<\/strong> Mat\u00e9riau \u00e9cologique et naturel.<\/li>\n<\/ul>\n<h3><span class=\"ez-toc-section\" id=\"Avantages_du_cuir_a_tannage_vegetal\"><\/span>Avantages du cuir tann\u00e9 v\u00e9g\u00e9tal<span class=\"ez-toc-section-end\"><\/span><\/h3>\n<p>Le cuir \u00e0 tannage v\u00e9g\u00e9tal est un excellent choix pour ceux qui se soucient de l'environnement. Contrairement au cuir tann\u00e9 au chrome, il est enti\u00e8rement naturel et \u00e9cologique. De plus, le cuir \u00e0 tannage v\u00e9g\u00e9tal vieillit magnifiquement et d\u00e9veloppe une patine unique au fil du temps. D\u00e9couvrez notre gamme d'<a href=\"https:\/\/jjcustomworks.se\/fr\/magasin\/\">autres produits en cuir faits \u00e0 la main<\/a> pour compl\u00e9ter votre \u00e9quipement.<\/p>\n<h3><span class=\"ez-toc-section\" id=\"Conseils_dentretien\"><\/span>Conseils d&#8217;entretien<span class=\"ez-toc-section-end\"><\/span><\/h3>\n<p>Pour vous assurer que votre prot\u00e8ge-lame de hache dure de nombreuses ann\u00e9es, il est important d'en prendre soin. Lubrifiez le cuir de temps en temps avec un produit d'entretien du cuir appropri\u00e9. Cela maintient le cuir souple et l'emp\u00eache de se dess\u00e9cher.<\/p>\n<h3><span class=\"ez-toc-section\" id=\"Gardez_votre_hache_propre_et_en_securite\"><\/span>Gardez votre hache propre et en s\u00e9curit\u00e9<span class=\"ez-toc-section-end\"><\/span><\/h3>\n<p>Avec ce prot\u00e8ge-lame de hache, vous gardez votre hache \u00e0 l'abri de la salet\u00e9 et des intemp\u00e9ries, tout en la prot\u00e9geant pendant le transport. Investissez dans la qualit\u00e9 et la s\u00e9curit\u00e9! Visitez notre <a href=\"https:\/\/jjcustomworks.se\/fr\/categorie-de-produit\/fait-a-la-main\/ceinture-faite-a-la-main\/\">cat\u00e9gorie pour les haches et accessoires<\/a> pour trouver tout ce dont vous avez besoin. N'oubliez pas de consulter <a href=\"https:\/\/jjcustomworks.se\/fr\/\">notre site Web<\/a> pour plus d&#039;offres !<\/p>\n<p>Veuillez noter que le cuir \u00e9tant un mat\u00e9riau naturel, de l\u00e9g\u00e8res diff\u00e9rences par rapport \u00e0 l'image peuvent survenir. Chaque produit est unique en raison de diff\u00e9rences naturelles.<\/p>","protected":false},"excerpt":{"rendered":"<p>Prot\u00e8ge-Lame de Hache Fait Main Cold Steel Frontier Hawk Prot\u00e9gez votre hache avec style Ce prot\u00e8ge-lame de hache fait main est sp\u00e9cialement con\u00e7u pour les Cold Steel Frontier Hawk 90FH et Spike Hawk 90SH. Fabriqu\u00e9 en Su\u00e8de \u00e0 partir de cuir de qualit\u00e9 \u00e0 tannage v\u00e9g\u00e9tal de T\u00e4rnsj\u00f6, ce prot\u00e8ge-lame garantit \u00e0 la fois qualit\u00e9 [&#8230;]\n","protected":false},"featured_media":61018,"template":"","meta":[],"product_brand":[],"product_cat":[8205,6423],"product_tag":[],"class_list":{"0":"post-61046","1":"product","2":"type-product","3":"status-publish","4":"has-post-thumbnail","6":"product_cat-sheats","7":"product_cat-axe-accessories","9":"first","10":"instock","11":"taxable","12":"shipping-taxable","13":"purchasable","14":"product-type-simple"},"_links":{"self":[{"href":"https:\/\/jjcustomworks.se\/fr\/wp-json\/wp\/v2\/product\/61046","targetHints":{"allow":["GET"]}}],"collection":[{"href":"https:\/\/jjcustomworks.se\/fr\/wp-json\/wp\/v2\/product"}],"about":[{"href":"https:\/\/jjcustomworks.se\/fr\/wp-json\/wp\/v2\/types\/product"}],"wp:featuredmedia":[{"embeddable":true,"href":"https:\/\/jjcustomworks.se\/fr\/wp-json\/wp\/v2\/media\/61018"}],"wp:attachment":[{"href":"https:\/\/jjcustomworks.se\/fr\/wp-json\/wp\/v2\/media?parent=61046"}],"wp:term":[{"taxonomy":"product_brand","embeddable":true,"href":"https:\/\/jjcustomworks.se\/fr\/wp-json\/wp\/v2\/product_brand?post=61046"},{"taxonomy":"product_cat","embeddable":true,"href":"https:\/\/jjcustomworks.se\/fr\/wp-json\/wp\/v2\/product_cat?post=61046"},{"taxonomy":"product_tag","embeddable":true,"href":"https:\/\/jjcustomworks.se\/fr\/wp-json\/wp\/v2\/product_tag?post=61046"}],"curies":[{"name":"wp","href":"https:\/\/api.w.org\/{rel}","templated":true}]}}