{"id":60981,"date":"2025-03-14T15:06:29","date_gmt":"2025-03-14T14:06:29","guid":{"rendered":"https:\/\/jjcustomworks.se\/product\/jj-custom-works-sheath-handmade-in-sweden-norse-hawk-90n-12\/"},"modified":"2025-10-16T18:20:52","modified_gmt":"2025-10-16T16:20:52","slug":"protege-lame-hache-fait-main-cold-steel-norse-hawk","status":"publish","type":"product","link":"https:\/\/jjcustomworks.se\/fr\/produit\/protege-lame-hache-fait-main-cold-steel-norse-hawk\/","title":{"rendered":"Prot\u00e8ge-Lame Hache Fait Main Cold Steel Norse Hawk | JJ Custom Works"},"content":{"rendered":"<h1><span class=\"ez-toc-section\" id=\"Protege-Lame_Fait_Main_pour_Hache_Cold_Steel_Norse_Hawk\"><\/span>Prot\u00e8ge-Lame Fait Main pour Hache Cold Steel Norse Hawk<span class=\"ez-toc-section-end\"><\/span><\/h1>\n<h2><span class=\"ez-toc-section\" id=\"Protegez_votre_hache_avec_un_protege-lame_fait_main\"><\/span>Prot\u00e9gez votre hache avec un prot\u00e8ge-lame fait main<span class=\"ez-toc-section-end\"><\/span><\/h2>\n<p>Ce prot\u00e8ge-lame fait main est sp\u00e9cialement con\u00e7u pour la Cold Steel Norse Hawk 90N et fabriqu\u00e9 en Su\u00e8de \u00e0 partir de cuir de qualit\u00e9 \u00e0 tannage v\u00e9g\u00e9tal de T\u00e4rnsj\u00f6. Prot\u00e9gez votre pr\u00e9cieuse hache de la salet\u00e9 et des intemp\u00e9ries, tout en augmentant la s\u00e9curit\u00e9 pendant le transport.<\/p>\n<h3><span class=\"ez-toc-section\" id=\"Avantages_de_notre_protege-lame\"><\/span>Avantages de notre prot\u00e8ge-lame :<span class=\"ez-toc-section-end\"><\/span><\/h3>\n<ul>\n <li><strong>Mat\u00e9riau de haute qualit\u00e9 :<\/strong> Fabriqu\u00e9 \u00e0 partir de cuir \u00e0 tannage v\u00e9g\u00e9tal de T\u00e4rnsj\u00f6, ce qui garantit une longue durabilit\u00e9 et un impact environnemental minimal.<\/li>\n <li><strong>Fabriqu\u00e9 \u00e0 la main en Su\u00e8de :<\/strong> Chaque prot\u00e8ge-lame est soigneusement fabriqu\u00e9 \u00e0 la main, ce qui lui conf\u00e8re une touche unique et personnelle.<\/li>\n <li><strong>Protection et s\u00e9curit\u00e9 :<\/strong> Prot\u00e8ge votre hache de la salet\u00e9, des intemp\u00e9ries et des dommages potentiels pendant le transport.<\/li>\n <li><strong>Longue vie :<\/strong> Avec un entretien appropri\u00e9, comme une lubrification r\u00e9guli\u00e8re avec un produit d&#039;entretien du cuir adapt\u00e9, ce prot\u00e8ge-lame durera de nombreuses ann\u00e9es.<\/li>\n<\/ul>\n<p>Le cuir \u00e0 tannage v\u00e9g\u00e9tal est une alternative \u00e9cologique au cuir tann\u00e9 au chrome, ce qui fait de ce prot\u00e8ge-lame un choix durable. Puisque le cuir est un mat\u00e9riau naturel, de l\u00e9g\u00e8res variations d'apparence peuvent survenir, ce qui rend chaque produit unique. Investissez dans un prot\u00e8ge-lame qui non seulement prot\u00e8ge votre hache, mais qui est \u00e9galement fabriqu\u00e9 avec soin pour l'environnement. Visitez <a href=\"https:\/\/jjcustomworks.se\/fr\/magasin\/\">notre boutique<\/a> pour trouver d'autres produits adapt\u00e9s \u00e0 votre hache. Consultez \u00e9galement notre gamme d'<a href=\"https:\/\/jjcustomworks.se\/fr\/categorie-de-produit\/fait-a-la-main\/etuis\/\">autres prot\u00e8ge-lames de hache<\/a>. Achetez en toute s\u00e9curit\u00e9 chez nous, et n'oubliez pas de consulter <a href=\"https:\/\/jjcustomworks.se\/fr\/\">notre site Web<\/a> pour plus d&#039;offres !<\/p>","protected":false},"excerpt":{"rendered":"<p>Prot\u00e8ge-Lame Fait Main pour Hache Cold Steel Norse Hawk Prot\u00e9gez votre hache avec un prot\u00e8ge-lame fait main Ce prot\u00e8ge-lame fait main est sp\u00e9cialement con\u00e7u pour la Cold Steel Norse Hawk 90N et fabriqu\u00e9 en Su\u00e8de \u00e0 partir de cuir de qualit\u00e9 \u00e0 tannage v\u00e9g\u00e9tal de T\u00e4rnsj\u00f6. Prot\u00e9gez votre pr\u00e9cieuse hache de la salet\u00e9 et des [&#8230;]\n","protected":false},"featured_media":60969,"template":"","meta":[],"product_brand":[],"product_cat":[8205,6423],"product_tag":[],"class_list":{"0":"post-60981","1":"product","2":"type-product","3":"status-publish","4":"has-post-thumbnail","6":"product_cat-sheats","7":"product_cat-axe-accessories","9":"first","10":"instock","11":"sale","12":"taxable","13":"shipping-taxable","14":"purchasable","15":"product-type-simple"},"_links":{"self":[{"href":"https:\/\/jjcustomworks.se\/fr\/wp-json\/wp\/v2\/product\/60981","targetHints":{"allow":["GET"]}}],"collection":[{"href":"https:\/\/jjcustomworks.se\/fr\/wp-json\/wp\/v2\/product"}],"about":[{"href":"https:\/\/jjcustomworks.se\/fr\/wp-json\/wp\/v2\/types\/product"}],"wp:featuredmedia":[{"embeddable":true,"href":"https:\/\/jjcustomworks.se\/fr\/wp-json\/wp\/v2\/media\/60969"}],"wp:attachment":[{"href":"https:\/\/jjcustomworks.se\/fr\/wp-json\/wp\/v2\/media?parent=60981"}],"wp:term":[{"taxonomy":"product_brand","embeddable":true,"href":"https:\/\/jjcustomworks.se\/fr\/wp-json\/wp\/v2\/product_brand?post=60981"},{"taxonomy":"product_cat","embeddable":true,"href":"https:\/\/jjcustomworks.se\/fr\/wp-json\/wp\/v2\/product_cat?post=60981"},{"taxonomy":"product_tag","embeddable":true,"href":"https:\/\/jjcustomworks.se\/fr\/wp-json\/wp\/v2\/product_tag?post=60981"}],"curies":[{"name":"wp","href":"https:\/\/api.w.org\/{rel}","templated":true}]}}