{"id":60974,"date":"2025-03-14T15:06:27","date_gmt":"2025-03-14T14:06:27","guid":{"rendered":"https:\/\/jjcustomworks.se\/product\/jj-custom-works-sheath-handmade-in-sweden-norse-hawk-90n-11\/"},"modified":"2025-10-16T18:19:46","modified_gmt":"2025-10-16T16:19:46","slug":"protege-lame-de-hache-fait-main-cold-steel-norse-hawk","status":"publish","type":"product","link":"https:\/\/jjcustomworks.se\/fr\/produit\/protege-lame-de-hache-fait-main-cold-steel-norse-hawk\/","title":{"rendered":"Prot\u00e8ge-Lame de Hache Fait Main Cold Steel Norse Hawk | JJ Custom"},"content":{"rendered":"<h1><span class=\"ez-toc-section\" id=\"Protege-Lame_de_Hache_Fait_Main_pour_Cold_Steel_Norse_Hawk\"><\/span>Prot\u00e8ge-Lame de Hache Fait Main pour Cold Steel Norse Hawk<span class=\"ez-toc-section-end\"><\/span><\/h1>\n<h2><span class=\"ez-toc-section\" id=\"Protegez_votre_hache_avec_style_et_qualite\"><\/span>Prot\u00e9gez votre hache avec style et qualit\u00e9<span class=\"ez-toc-section-end\"><\/span><\/h2>\n<p>Ce prot\u00e8ge-lame de hache fait main est sp\u00e9cialement con\u00e7u pour s'adapter \u00e0 la hache Cold Steel Norse Hawk 90N. Fabriqu\u00e9 en Su\u00e8de \u00e0 partir de cuir de qualit\u00e9 \u00e0 tannage v\u00e9g\u00e9tal de T\u00e4rnsj\u00f6, il garantit \u00e0 la fois durabilit\u00e9 et respect de l'environnement.<\/p>\n<h3><span class=\"ez-toc-section\" id=\"Avantages_de_notre_protege-lame_de_hache\"><\/span>Avantages de notre prot\u00e8ge-lame de hache :<span class=\"ez-toc-section-end\"><\/span><\/h3>\n<ul>\n <li><strong>Protection contre les intemp\u00e9ries et la salet\u00e9 :<\/strong> Garde votre hache propre et prot\u00e9g\u00e9e.<\/li>\n <li><strong>Transport s\u00e9curis\u00e9 :<\/strong> Prot\u00e8ge le tranchant pendant le transport et le stockage.<\/li>\n <li><strong>Longue dur\u00e9e de vie :<\/strong> Fabriqu\u00e9 en cuir de haute qualit\u00e9 pour une utilisation durable.<\/li>\n <li><strong>\u00c9cologique:<\/strong> Le cuir \u00e0 tannage v\u00e9g\u00e9tal est une alternative naturelle et respectueuse de l'environnement.<\/li>\n<\/ul>\n<p>Avec un entretien appropri\u00e9, ce prot\u00e8ge-lame de hache durera de nombreuses ann\u00e9es. Graissez le cuir de temps en temps avec un produit d'entretien du cuir appropri\u00e9 pour pr\u00e9server sa qualit\u00e9 et prolonger sa dur\u00e9e de vie. N'oubliez pas que le cuir est un mat\u00e9riau naturel, ce qui signifie que de l\u00e9g\u00e8res variations d'apparence peuvent se produire, ce qui rend chaque produit unique.<\/p>\n<p>D\u00e9couvrez les autres  <a href=\"https:\/\/jjcustomworks.se\/fr\/magasin\/\">accessoires faits main<\/a> qui compl\u00e8tent votre \u00e9quipement. Explorez notre large gamme de <a href=\"https:\/\/jjcustomworks.se\/fr\/categorie-de-produit\/fait-a-la-main\/etuis\/\">prot\u00e8ge-lames de hache<\/a> et trouvez la protection parfaite pour vos besoins. Visitez <a href=\"https:\/\/jjcustomworks.se\/fr\/\">notre site Web<\/a> pour voir notre gamme compl\u00e8te de produits de qualit\u00e9.<\/p>","protected":false},"excerpt":{"rendered":"<p>Prot\u00e8ge-Lame de Hache Fait Main pour Cold Steel Norse Hawk Prot\u00e9gez votre hache avec style et qualit\u00e9 Ce prot\u00e8ge-lame de hache fait main est sp\u00e9cialement con\u00e7u pour s&#8217;adapter \u00e0 la hache Cold Steel Norse Hawk 90N. Fabriqu\u00e9 en Su\u00e8de \u00e0 partir de cuir de qualit\u00e9 \u00e0 tannage v\u00e9g\u00e9tal de T\u00e4rnsj\u00f6, il garantit \u00e0 la fois [&#8230;]\n","protected":false},"featured_media":60955,"template":"","meta":[],"product_brand":[],"product_cat":[8205,6423],"product_tag":[],"class_list":{"0":"post-60974","1":"product","2":"type-product","3":"status-publish","4":"has-post-thumbnail","6":"product_cat-sheats","7":"product_cat-axe-accessories","9":"first","10":"instock","11":"sale","12":"taxable","13":"shipping-taxable","14":"purchasable","15":"product-type-simple"},"_links":{"self":[{"href":"https:\/\/jjcustomworks.se\/fr\/wp-json\/wp\/v2\/product\/60974","targetHints":{"allow":["GET"]}}],"collection":[{"href":"https:\/\/jjcustomworks.se\/fr\/wp-json\/wp\/v2\/product"}],"about":[{"href":"https:\/\/jjcustomworks.se\/fr\/wp-json\/wp\/v2\/types\/product"}],"wp:featuredmedia":[{"embeddable":true,"href":"https:\/\/jjcustomworks.se\/fr\/wp-json\/wp\/v2\/media\/60955"}],"wp:attachment":[{"href":"https:\/\/jjcustomworks.se\/fr\/wp-json\/wp\/v2\/media?parent=60974"}],"wp:term":[{"taxonomy":"product_brand","embeddable":true,"href":"https:\/\/jjcustomworks.se\/fr\/wp-json\/wp\/v2\/product_brand?post=60974"},{"taxonomy":"product_cat","embeddable":true,"href":"https:\/\/jjcustomworks.se\/fr\/wp-json\/wp\/v2\/product_cat?post=60974"},{"taxonomy":"product_tag","embeddable":true,"href":"https:\/\/jjcustomworks.se\/fr\/wp-json\/wp\/v2\/product_tag?post=60974"}],"curies":[{"name":"wp","href":"https:\/\/api.w.org\/{rel}","templated":true}]}}