{"id":60966,"date":"2025-03-14T15:06:22","date_gmt":"2025-03-14T14:06:22","guid":{"rendered":"https:\/\/jjcustomworks.se\/product\/jj-custom-works-sheath-handmade-in-sweden-norse-hawk-90n-10\/"},"modified":"2025-10-16T18:19:50","modified_gmt":"2025-10-16T16:19:50","slug":"etui-de-hache-fait-main-cold-steel-norse-hawk-3","status":"publish","type":"product","link":"https:\/\/jjcustomworks.se\/fr\/produit\/etui-de-hache-fait-main-cold-steel-norse-hawk-3\/","title":{"rendered":"\u00c9tui de Hache Fait Main Cold Steel Norse Hawk | JJ"},"content":{"rendered":"<h1><span class=\"ez-toc-section\" id=\"Etui_de_Hache_Fait_Main_pour_Cold_Steel_Norse_Hawk\"><\/span>\u00c9tui de hache fait main pour Cold Steel Norse Hawk<span class=\"ez-toc-section-end\"><\/span><\/h1>\n<h2><span class=\"ez-toc-section\" id=\"Protegez_Votre_Hache_avec_Style_et_Soin\"><\/span>Prot\u00e9gez Votre Hache avec Style et Soin<span class=\"ez-toc-section-end\"><\/span><\/h2>\n<p>Cet \u00e9tui de hache fait main est sp\u00e9cialement con\u00e7u pour la Cold Steel Norse Hawk 90N et fabriqu\u00e9 en Su\u00e8de \u00e0 partir de cuir de qualit\u00e9 \u00e0 tannage v\u00e9g\u00e9tal de T\u00e4rnsj\u00f6. Il prot\u00e8ge efficacement votre hache contre la salet\u00e9 et les intemp\u00e9ries, tout en s\u00e9curisant le transport.<\/p>\n<h3><span class=\"ez-toc-section\" id=\"Durabilite_et_Qualite_Unique\"><\/span>Durabilit\u00e9 et Qualit\u00e9 Unique<span class=\"ez-toc-section-end\"><\/span><\/h3>\n<p>Nos \u00e9tuis de hache sont con\u00e7us pour durer de nombreuses ann\u00e9es avec un entretien appropri\u00e9. En lubrifiant r\u00e9guli\u00e8rement le cuir avec un produit adapt\u00e9, vous vous assurez que la protection conserve sa qualit\u00e9 et sa fonction dans le temps.<\/p>\n<ul>\n <li><b>Cuir tann\u00e9 v\u00e9g\u00e9tal :<\/b> Une alternative \u00e9cologique et naturelle au cuir tann\u00e9 au chrome.<\/li>\n <li><b>Fabriqu\u00e9 \u00e0 la main en Su\u00e8de :<\/b> Chaque \u00e9tui de hache est fabriqu\u00e9 de mani\u00e8re unique avec soin et pr\u00e9cision.<\/li>\n <li><b>Protection contre les intemp\u00e9ries et la salet\u00e9 :<\/b> Garde votre hache en parfait \u00e9tat quelles que soient les conditions.<\/li>\n <li><b>Acide de transport :<\/b> R\u00e9duit le risque de dommages pendant le transport.<\/li>\n<\/ul>\n<h3><span class=\"ez-toc-section\" id=\"Variation_Naturelle\"><\/span>Variation Naturelle<span class=\"ez-toc-section-end\"><\/span><\/h3>\n<p>Le cuir \u00e9tant un mat\u00e9riau naturel, de l\u00e9g\u00e8res variations par rapport \u00e0 l'image peuvent se produire. Ces diff\u00e9rences naturelles ne font que rendre chaque produit absolument unique. Investissez dans un \u00e9tui de hache qui non seulement prot\u00e8ge votre hache, mais raconte aussi sa propre histoire.<\/p>\n<p>D\u00e9couvrez les autres <a href=\"https:\/\/jjcustomworks.se\/fr\/magasin\/\">produits en cuir faits \u00e0 la main<\/a> qui compl\u00e8tent votre \u00e9quipement. Explorez notre gamme d'<a href=\"https:\/\/jjcustomworks.se\/fr\/categorie-de-produit\/fait-a-la-main\/etuis\/\">accessoires de hache<\/a> pour trouver ce dont vous avez besoin. Visitez <a href=\"https:\/\/jjcustomworks.se\/fr\/\">Travaux personnalis\u00e9s JJ<\/a> pour voir toute notre gamme de produits artisanaux uniques.<\/p>","protected":false},"excerpt":{"rendered":"<p>\u00c9tui de Hache Fait Main pour Cold Steel Norse Hawk Prot\u00e9gez Votre Hache avec Style et Soin Cet \u00e9tui de hache fait main est sp\u00e9cialement con\u00e7u pour la Cold Steel Norse Hawk 90N et fabriqu\u00e9 en Su\u00e8de \u00e0 partir de cuir de qualit\u00e9 \u00e0 tannage v\u00e9g\u00e9tal de T\u00e4rnsj\u00f6. Il prot\u00e8ge efficacement votre hache contre la [&#8230;]\n","protected":false},"featured_media":60937,"template":"","meta":[],"product_brand":[],"product_cat":[8205,6423],"product_tag":[],"class_list":{"0":"post-60966","1":"product","2":"type-product","3":"status-publish","4":"has-post-thumbnail","6":"product_cat-sheats","7":"product_cat-axe-accessories","9":"first","10":"instock","11":"sale","12":"taxable","13":"shipping-taxable","14":"purchasable","15":"product-type-simple"},"_links":{"self":[{"href":"https:\/\/jjcustomworks.se\/fr\/wp-json\/wp\/v2\/product\/60966","targetHints":{"allow":["GET"]}}],"collection":[{"href":"https:\/\/jjcustomworks.se\/fr\/wp-json\/wp\/v2\/product"}],"about":[{"href":"https:\/\/jjcustomworks.se\/fr\/wp-json\/wp\/v2\/types\/product"}],"wp:featuredmedia":[{"embeddable":true,"href":"https:\/\/jjcustomworks.se\/fr\/wp-json\/wp\/v2\/media\/60937"}],"wp:attachment":[{"href":"https:\/\/jjcustomworks.se\/fr\/wp-json\/wp\/v2\/media?parent=60966"}],"wp:term":[{"taxonomy":"product_brand","embeddable":true,"href":"https:\/\/jjcustomworks.se\/fr\/wp-json\/wp\/v2\/product_brand?post=60966"},{"taxonomy":"product_cat","embeddable":true,"href":"https:\/\/jjcustomworks.se\/fr\/wp-json\/wp\/v2\/product_cat?post=60966"},{"taxonomy":"product_tag","embeddable":true,"href":"https:\/\/jjcustomworks.se\/fr\/wp-json\/wp\/v2\/product_tag?post=60966"}],"curies":[{"name":"wp","href":"https:\/\/api.w.org\/{rel}","templated":true}]}}