{"id":60965,"date":"2025-03-14T15:06:20","date_gmt":"2025-03-14T14:06:20","guid":{"rendered":"https:\/\/jjcustomworks.se\/product\/jj-custom-works-sheath-handmade-in-sweden-norse-hawk-90n-9\/"},"modified":"2025-10-16T18:20:12","modified_gmt":"2025-10-16T16:20:12","slug":"etui-hache-fait-main-cold-steel-norse-hawk","status":"publish","type":"product","link":"https:\/\/jjcustomworks.se\/fr\/produit\/etui-hache-fait-main-cold-steel-norse-hawk\/","title":{"rendered":"\u00c9tui Hache Fait Main Norse Hawk | JJ Custom Works"},"content":{"rendered":"<h1><span class=\"ez-toc-section\" id=\"Etui_de_Hache_Fait_Main_pour_Cold_Steel_Norse_Hawk\"><\/span>\u00c9tui de hache fait main pour Cold Steel Norse Hawk<span class=\"ez-toc-section-end\"><\/span><\/h1>\n<h2><span class=\"ez-toc-section\" id=\"Protegez_Votre_Hache_avec_Style_et_Qualite\"><\/span>Prot\u00e9gez votre hache avec style et qualit\u00e9<span class=\"ez-toc-section-end\"><\/span><\/h2>\n<p>Cet \u00e9tui de hache fait main est sp\u00e9cialement con\u00e7u pour le Cold Steel Norse Hawk 90N et fabriqu\u00e9 \u00e0 partir de cuir de qualit\u00e9 \u00e0 tannage v\u00e9g\u00e9tal de T\u00e4rnsj\u00f6. Prot\u00e9gez votre pr\u00e9cieuse hache de la salet\u00e9, des intemp\u00e9ries et du vent tout en assurant un transport s\u00fbr. Avec un entretien appropri\u00e9, cet \u00e9tui de hache durera de nombreuses ann\u00e9es.<\/p>\n<h3><span class=\"ez-toc-section\" id=\"Caracteristiques_et_Avantages\"><\/span>Caract\u00e9ristiques et avantages :<span class=\"ez-toc-section-end\"><\/span><\/h3>\n<ul>\n <li><b>Fabriqu\u00e9 \u00e0 la main en Su\u00e8de :<\/b> Chaque \u00e9tui \u00e0 hache est fabriqu\u00e9 avec soin et pr\u00e9cision en Su\u00e8de.<\/li>\n <li><b>Cuir tann\u00e9 v\u00e9g\u00e9tal :<\/b> Naturel et \u00e9cologique, contrairement au cuir tann\u00e9 au chrome.<\/li>\n <li><b>Prot\u00e8ge contre la salet\u00e9 et les intemp\u00e9ries :<\/b> Maintient votre hache en parfait \u00e9tat quelles que soient les conditions.<\/li>\n <li><b>Transport s\u00e9curitaire :<\/b> Pr\u00e9vient les dommages et les accidents pendant le transport.<\/li>\n <li><b>Longue Dur\u00e9e de Vie :<\/b> Avec une lubrification r\u00e9guli\u00e8re, le cuir reste souple et r\u00e9sistant.<\/li>\n<\/ul>\n<p>Le cuir est un mat\u00e9riau vivant, ce qui signifie que de l\u00e9g\u00e8res variations de couleur et de texture peuvent survenir. Cela ne fait que contribuer \u00e0 rendre chaque \u00e9tui de hache unique. N'oubliez pas de lubrifier le cuir de temps en temps avec un produit d'entretien du cuir appropri\u00e9 pour prolonger sa dur\u00e9e de vie. D\u00e9couvrez notre s\u00e9lection d'autres <a href=\"https:\/\/jjcustomworks.se\/fr\/magasin\/\">produits en cuir faits \u00e0 la main<\/a> qui compl\u00e8tent votre \u00e9quipement. Visitez notre cat\u00e9gorie <a href=\"https:\/\/jjcustomworks.se\/fr\/categorie-de-produit\/fait-a-la-main\/etuis\/\">accessoires d&#039;outils<\/a> pour plus d'options ou consultez la <a href=\"https:\/\/jjcustomworks.se\/fr\/\">page d&#039;accueil<\/a> pour voir toute notre gamme.<\/p>","protected":false},"excerpt":{"rendered":"<p>\u00c9tui de Hache Fait Main pour Cold Steel Norse Hawk Prot\u00e9gez Votre Hache avec Style et Qualit\u00e9 Cet \u00e9tui de hache fait main est sp\u00e9cialement con\u00e7u pour le Cold Steel Norse Hawk 90N et fabriqu\u00e9 \u00e0 partir de cuir de qualit\u00e9 \u00e0 tannage v\u00e9g\u00e9tal de T\u00e4rnsj\u00f6. Prot\u00e9gez votre pr\u00e9cieuse hache de la salet\u00e9, des intemp\u00e9ries [&#8230;]\n","protected":false},"featured_media":60942,"template":"","meta":[],"product_brand":[],"product_cat":[8205,6423],"product_tag":[],"class_list":{"0":"post-60965","1":"product","2":"type-product","3":"status-publish","4":"has-post-thumbnail","6":"product_cat-sheats","7":"product_cat-axe-accessories","9":"first","10":"instock","11":"sale","12":"taxable","13":"shipping-taxable","14":"purchasable","15":"product-type-simple"},"_links":{"self":[{"href":"https:\/\/jjcustomworks.se\/fr\/wp-json\/wp\/v2\/product\/60965","targetHints":{"allow":["GET"]}}],"collection":[{"href":"https:\/\/jjcustomworks.se\/fr\/wp-json\/wp\/v2\/product"}],"about":[{"href":"https:\/\/jjcustomworks.se\/fr\/wp-json\/wp\/v2\/types\/product"}],"wp:featuredmedia":[{"embeddable":true,"href":"https:\/\/jjcustomworks.se\/fr\/wp-json\/wp\/v2\/media\/60942"}],"wp:attachment":[{"href":"https:\/\/jjcustomworks.se\/fr\/wp-json\/wp\/v2\/media?parent=60965"}],"wp:term":[{"taxonomy":"product_brand","embeddable":true,"href":"https:\/\/jjcustomworks.se\/fr\/wp-json\/wp\/v2\/product_brand?post=60965"},{"taxonomy":"product_cat","embeddable":true,"href":"https:\/\/jjcustomworks.se\/fr\/wp-json\/wp\/v2\/product_cat?post=60965"},{"taxonomy":"product_tag","embeddable":true,"href":"https:\/\/jjcustomworks.se\/fr\/wp-json\/wp\/v2\/product_tag?post=60965"}],"curies":[{"name":"wp","href":"https:\/\/api.w.org\/{rel}","templated":true}]}}