{"id":60948,"date":"2025-03-14T15:06:11","date_gmt":"2025-03-14T14:06:11","guid":{"rendered":"https:\/\/jjcustomworks.se\/product\/jj-custom-works-sheath-handmade-in-sweden-norse-hawk-90n-6\/"},"modified":"2025-10-16T18:19:58","modified_gmt":"2025-10-16T16:19:58","slug":"etui-de-hache-fait-main-norse-hawk","status":"publish","type":"product","link":"https:\/\/jjcustomworks.se\/fr\/produit\/etui-de-hache-fait-main-norse-hawk\/","title":{"rendered":"\u00c9tui de Hache Fait Main Norse Hawk | JJ Custom Works"},"content":{"rendered":"<h1><span class=\"ez-toc-section\" id=\"Etui_de_Hache_Fait_Main_pour_Cold_Steel_Norse_Hawk\"><\/span>\u00c9tui de hache fait main pour Cold Steel Norse Hawk<span class=\"ez-toc-section-end\"><\/span><\/h1>\n<h2><span class=\"ez-toc-section\" id=\"Protegez_votre_hache_avec_un_etui_fait_main\"><\/span>Prot\u00e9gez votre hache avec un \u00e9tui fait main<span class=\"ez-toc-section-end\"><\/span><\/h2>\n<p>Cet \u00e9tui de hache fait main est sp\u00e9cialement con\u00e7u pour la Cold Steel Norse Hawk 90N et fabriqu\u00e9 en Su\u00e8de \u00e0 partir de cuir de qualit\u00e9 \u00e0 tannage v\u00e9g\u00e9tal de T\u00e4rnsj\u00f6. Prot\u00e9gez votre pr\u00e9cieuse hache de la salet\u00e9 et des intemp\u00e9ries, et s\u00e9curisez le transport avec cet \u00e9tui durable. En utilisant de <a href=\"https:\/\/jjcustomworks.se\/fr\/magasin\/\">la graisse pour cuir de haute qualit\u00e9<\/a> de temps en temps, vous prolongez consid\u00e9rablement la dur\u00e9e de vie de votre \u00e9tui.<\/p>\n<h3><span class=\"ez-toc-section\" id=\"Avantages_du_cuir_a_tannage_vegetal\"><\/span>Avantages du cuir tann\u00e9 v\u00e9g\u00e9tal<span class=\"ez-toc-section-end\"><\/span><\/h3>\n<p>Nos produits en cuir \u00e0 tannage v\u00e9g\u00e9tal sont un choix \u00e9cologique par rapport au cuir tann\u00e9 au chrome. Le cuir est un mat\u00e9riau naturel, ce qui signifie que de l\u00e9g\u00e8res variations d'apparence peuvent survenir. Ces variations naturelles contribuent \u00e0 rendre chaque \u00e9tui unique. Investissez dans un <a href=\"https:\/\/jjcustomworks.se\/fr\/categorie-de-produit\/fait-a-la-main\/etuis\/\">\u00e9tui de hache durable<\/a> qui non seulement prot\u00e8ge votre hache, mais aussi l'environnement. Visitez <a href=\"https:\/\/jjcustomworks.se\/fr\/\">notre site Web<\/a> pour d\u00e9couvrir toute notre gamme de produits en cuir faits main.<\/p>\n<ul>\n <li>Fabriqu\u00e9 \u00e0 la main en Su\u00e8de \u00e0 partir de cuir \u00e0 tannage v\u00e9g\u00e9tal de T\u00e4rnsj\u00f6<\/li>\n <li>Prot\u00e8ge contre la salet\u00e9 et les intemp\u00e9ries<\/li>\n <li>Transport plus s\u00fbr de votre hache<\/li>\n <li>Alternative \u00e9cologique au cuir tann\u00e9 au chrome<\/li>\n <li>Chaque produit est unique en raison des variations naturelles du cuir<\/li>\n<\/ul>","protected":false},"excerpt":{"rendered":"<p>\u00c9tui de Hache Fait Main pour Cold Steel Norse Hawk Prot\u00e9gez votre hache avec un \u00e9tui fait main Cet \u00e9tui de hache fait main est sp\u00e9cialement con\u00e7u pour la Cold Steel Norse Hawk 90N et fabriqu\u00e9 en Su\u00e8de \u00e0 partir de cuir de qualit\u00e9 \u00e0 tannage v\u00e9g\u00e9tal de T\u00e4rnsj\u00f6. Prot\u00e9gez votre pr\u00e9cieuse hache de la [&#8230;]\n","protected":false},"featured_media":60936,"template":"","meta":[],"product_brand":[],"product_cat":[8205,6423],"product_tag":[],"class_list":{"0":"post-60948","1":"product","2":"type-product","3":"status-publish","4":"has-post-thumbnail","6":"product_cat-sheats","7":"product_cat-axe-accessories","9":"first","10":"instock","11":"sale","12":"taxable","13":"shipping-taxable","14":"purchasable","15":"product-type-simple"},"_links":{"self":[{"href":"https:\/\/jjcustomworks.se\/fr\/wp-json\/wp\/v2\/product\/60948","targetHints":{"allow":["GET"]}}],"collection":[{"href":"https:\/\/jjcustomworks.se\/fr\/wp-json\/wp\/v2\/product"}],"about":[{"href":"https:\/\/jjcustomworks.se\/fr\/wp-json\/wp\/v2\/types\/product"}],"wp:featuredmedia":[{"embeddable":true,"href":"https:\/\/jjcustomworks.se\/fr\/wp-json\/wp\/v2\/media\/60936"}],"wp:attachment":[{"href":"https:\/\/jjcustomworks.se\/fr\/wp-json\/wp\/v2\/media?parent=60948"}],"wp:term":[{"taxonomy":"product_brand","embeddable":true,"href":"https:\/\/jjcustomworks.se\/fr\/wp-json\/wp\/v2\/product_brand?post=60948"},{"taxonomy":"product_cat","embeddable":true,"href":"https:\/\/jjcustomworks.se\/fr\/wp-json\/wp\/v2\/product_cat?post=60948"},{"taxonomy":"product_tag","embeddable":true,"href":"https:\/\/jjcustomworks.se\/fr\/wp-json\/wp\/v2\/product_tag?post=60948"}],"curies":[{"name":"wp","href":"https:\/\/api.w.org\/{rel}","templated":true}]}}