{"id":60927,"date":"2025-03-14T15:05:56","date_gmt":"2025-03-14T14:05:56","guid":{"rendered":"https:\/\/jjcustomworks.se\/product\/jj-custom-works-colt-45-peacemaker-holster-right-4-75-pink-plain-nickel-studs\/"},"modified":"2025-10-16T15:56:47","modified_gmt":"2025-10-16T13:56:47","slug":"jj-custom-works-etui-colt-45-peacemaker-gauche","status":"publish","type":"product","link":"https:\/\/jjcustomworks.se\/fr\/produit\/jj-custom-works-etui-colt-45-peacemaker-gauche\/","title":{"rendered":"JJ Custom Works \u00c9tui Colt .45 Peacemaker - Gauche"},"content":{"rendered":"<h1>JJ Custom Works - \u00c9tui Colt .45 Peacemaker - Gauche - 12\" - Rose - Uni<\/h1>\n<h2><span class=\"ez-toc-section\" id=\"Etui_Fait_Main_pour_Colt_45_Peacemaker\"><\/span>\u00c9tui Fait Main pour Colt .45 Peacemaker<span class=\"ez-toc-section-end\"><\/span><\/h2>\n<p>Cet \u00e9tui fait main est con\u00e7u pour les revolvers Colt .45 Peacemaker et les mod\u00e8les similaires. Fabriqu\u00e9 enti\u00e8rement \u00e0 la main en Su\u00e8de avec du cuir su\u00e9dois tann\u00e9 v\u00e9g\u00e9talement de T\u00e4rnsj\u00f6, cet \u00e9tui garantit la plus haute qualit\u00e9 et durabilit\u00e9. Avec un entretien appropri\u00e9, cet \u00e9tui durera des g\u00e9n\u00e9rations.<\/p>\n<h3><span class=\"ez-toc-section\" id=\"Artisanat_Suedois_dArboga\"><\/span>Artisanat Su\u00e9dois d&#8217;Arboga<span class=\"ez-toc-section-end\"><\/span><\/h3>\n<p>Nos \u00e9tuis sont fabriqu\u00e9s \u00e0 Arboga et peuvent \u00eatre personnalis\u00e9s selon vos pr\u00e9f\u00e9rences. Choisissez parmi des milliers de variations diff\u00e9rentes, de 2,25 pouces \u00e0 12 pouces de longueur de canon, des mod\u00e8les pour droitier ou gaucher, et treize couleurs diff\u00e9rentes ou plus. Vous pouvez \u00e9galement choisir parmi diff\u00e9rents types de motifs ou un aspect \u00e9l\u00e9gant et simple. Nous sommes convaincus que nous avons un \u00e9tui qui vous convient parfaitement ! Les \u00e9tuis sont connus pour leur haute qualit\u00e9 et leur superbe ajustement. <a href=\"https:\/\/jjcustomworks.se\/fr\/magasin\/\">D\u00e9couvrez nos autres \u00e9tuis<\/a>.<\/p>\n<h3><span class=\"ez-toc-section\" id=\"La_Qualite_a_Bas_Prix\"><\/span>La Qualit\u00e9 \u00e0 Bas Prix<span class=\"ez-toc-section-end\"><\/span><\/h3>\n<p>Nous sommes fiers d'offrir un produit de si haute qualit\u00e9 \u00e0 un prix abordable, avec autant d'options de personnalisation. Veuillez noter qu'il s'agit de cuir tann\u00e9 v\u00e9g\u00e9talement, ce qui signifie qu'il ne contient pas de substances tann\u00e9es au chrome et dangereuses pour l'environnement. Cet \u00e9tui repr\u00e9sente un choix respectueux de l'environnement. Lubrifiez <a href=\"https:\/\/jjcustomworks.se\/fr\/categorie-de-produit\/fait-a-la-main\/ceinture-faite-a-la-main\/\">votre \u00e9tui<\/a> r\u00e9guli\u00e8rement avec de la graisse pour cuir afin de pr\u00e9server son \u00e9tat et sa long\u00e9vit\u00e9. De plus, nos \u00e9tuis sont con\u00e7us pour \u00eatre faciles \u00e0 r\u00e9parer en cas d'accident, ce qui facilite le remplacement des points de suture et des rivets.<\/p>\n<h3><span class=\"ez-toc-section\" id=\"Durabilite_et_Environnement\"><\/span>Durabilit\u00e9 et environnement<span class=\"ez-toc-section-end\"><\/span><\/h3>\n<p>Fabriqu\u00e9 \u00e0 partir de cuir su\u00e9dois de la tannerie T\u00e4rnsj\u00f6, cet \u00e9tui est un choix durable et respectueux de l'environnement. Le cuir tann\u00e9 v\u00e9g\u00e9talement signifie qu'aucun produit chimique dangereux n'est utilis\u00e9, contrairement aux produits tann\u00e9s au chrome. En choisissant cet \u00e9tui, vous soutenez un produit fabriqu\u00e9 localement avec un transport minimal et du cuir provenant de vaches su\u00e9doises, connues pour leur excellent bien-\u00eatre animal. Visitez <a href=\"https:\/\/jjcustomworks.se\/fr\/\">notre site Web<\/a> pour en savoir plus sur notre travail.<\/p>","protected":false},"excerpt":{"rendered":"<p>\u00c9tui de qualit\u00e9 fabriqu\u00e9 \u00e0 la main en Su\u00e8de \u00e0 partir de cuir su\u00e9dois tann\u00e9 v\u00e9g\u00e9tal de qualit\u00e9, adapt\u00e9 \u00e0 tous les revolvers Colt 45 Peacemaker<\/p>","protected":false},"featured_media":60980,"template":"","meta":[],"product_brand":[],"product_cat":[9493],"product_tag":[],"class_list":{"0":"post-60927","1":"product","2":"type-product","3":"status-publish","4":"has-post-thumbnail","6":"product_cat-handgjorda-balten","8":"first","9":"instock","10":"taxable","11":"shipping-taxable","12":"purchasable","13":"product-type-variable"},"_links":{"self":[{"href":"https:\/\/jjcustomworks.se\/fr\/wp-json\/wp\/v2\/product\/60927","targetHints":{"allow":["GET"]}}],"collection":[{"href":"https:\/\/jjcustomworks.se\/fr\/wp-json\/wp\/v2\/product"}],"about":[{"href":"https:\/\/jjcustomworks.se\/fr\/wp-json\/wp\/v2\/types\/product"}],"wp:featuredmedia":[{"embeddable":true,"href":"https:\/\/jjcustomworks.se\/fr\/wp-json\/wp\/v2\/media\/60980"}],"wp:attachment":[{"href":"https:\/\/jjcustomworks.se\/fr\/wp-json\/wp\/v2\/media?parent=60927"}],"wp:term":[{"taxonomy":"product_brand","embeddable":true,"href":"https:\/\/jjcustomworks.se\/fr\/wp-json\/wp\/v2\/product_brand?post=60927"},{"taxonomy":"product_cat","embeddable":true,"href":"https:\/\/jjcustomworks.se\/fr\/wp-json\/wp\/v2\/product_cat?post=60927"},{"taxonomy":"product_tag","embeddable":true,"href":"https:\/\/jjcustomworks.se\/fr\/wp-json\/wp\/v2\/product_tag?post=60927"}],"curies":[{"name":"wp","href":"https:\/\/api.w.org\/{rel}","templated":true}]}}