{"id":60918,"date":"2025-03-14T15:05:53","date_gmt":"2025-03-14T14:05:53","guid":{"rendered":"https:\/\/jjcustomworks.se\/product\/jj-custom-works-sheath-handmade-in-sweden-norse-hawk-90n-2\/"},"modified":"2025-10-16T18:19:37","modified_gmt":"2025-10-16T16:19:37","slug":"etui-de-hache-fait-main-norse-hawk-2","status":"publish","type":"product","link":"https:\/\/jjcustomworks.se\/fr\/produit\/etui-de-hache-fait-main-norse-hawk-2\/","title":{"rendered":"\u00c9tui de Hache Fait Main Norse Hawk | JJ Custom Works"},"content":{"rendered":"<h1><span class=\"ez-toc-section\" id=\"Etui_de_Hache_Fait_Main_pour_Cold_Steel_Norse_Hawk\"><\/span>\u00c9tui de hache fait main pour Cold Steel Norse Hawk<span class=\"ez-toc-section-end\"><\/span><\/h1>\n<h2><span class=\"ez-toc-section\" id=\"Protegez_votre_hache_avec_style_et_qualite\"><\/span>Prot\u00e9gez votre hache avec style et qualit\u00e9<span class=\"ez-toc-section-end\"><\/span><\/h2>\n<p>Cet \u00e9tui de hache fait main est sp\u00e9cialement con\u00e7u pour la hache Cold Steel Norse Hawk 90N. Fabriqu\u00e9 en Su\u00e8de \u00e0 partir de cuir de qualit\u00e9 \u00e0 tannage v\u00e9g\u00e9tal de T\u00e4rnsj\u00f6, cet \u00e9tui de hache garantit \u00e0 la fois durabilit\u00e9 et respect de l'environnement. Prot\u00e9gez votre pr\u00e9cieuse hache de la salet\u00e9, des intemp\u00e9ries et des dommages pendant le transport avec un \u00e9tui de hache aussi robuste que la hache elle-m\u00eame. Un entretien r\u00e9gulier prolonge la dur\u00e9e de vie et pr\u00e9serve la qualit\u00e9 du cuir, <a href=\"https:\/\/jjcustomworks.se\/fr\/magasin\/\">d\u00e9couvrez nos produits d'entretien du cuir<\/a> pour maintenir votre \u00e9tui de hache en parfait \u00e9tat.<\/p>\n<h3><span class=\"ez-toc-section\" id=\"Avantages_du_cuir_a_tannage_vegetal\"><\/span>Avantages du cuir tann\u00e9 v\u00e9g\u00e9tal<span class=\"ez-toc-section-end\"><\/span><\/h3>\n<ul>\n <li><b>Respectueux de l&#039;environnement :<\/b> Enti\u00e8rement naturel et sans tannage au chrome.<\/li>\n <li><b>Durable:<\/b> Con\u00e7u pour durer de nombreuses ann\u00e9es avec un entretien appropri\u00e9.<\/li>\n <li><b>Unique :<\/b> Chaque \u00e9tui de hache pr\u00e9sente des variations naturelles qui le rendent unique.<\/li>\n<\/ul>\n<h3><span class=\"ez-toc-section\" id=\"Conseils_dentretien\"><\/span>Conseils d&#8217;entretien<span class=\"ez-toc-section-end\"><\/span><\/h3>\n<p>Pour maximiser la dur\u00e9e de vie de votre \u00e9tui de hache, nous vous recommandons de graisser r\u00e9guli\u00e8rement le cuir avec un produit d'entretien du cuir appropri\u00e9. Cela aide \u00e0 pr\u00e9server les huiles naturelles du cuir et l'emp\u00eache de se dess\u00e9cher. Visitez notre page pour <a href=\"https:\/\/jjcustomworks.se\/fr\/categorie-de-produit\/fait-a-la-main\/etuis\/\">l'art du fourreau et accessoires<\/a> afin de trouver les produits adapt\u00e9s \u00e0 votre routine d'entretien.<\/p>\n<p>Veuillez noter que le cuir est un mat\u00e9riau naturel et que de l\u00e9g\u00e8res diff\u00e9rences par rapport \u00e0 l'image peuvent survenir. Ces diff\u00e9rences naturelles contribuent \u00e0 rendre chaque produit absolument unique. Investissez dans un \u00e9tui de hache qui non seulement prot\u00e8ge votre hache, mais refl\u00e8te \u00e9galement l'artisanat et la qualit\u00e9. Visitez <a href=\"https:\/\/jjcustomworks.se\/fr\/\">notre site Web<\/a> pour d\u00e9couvrir toute notre gamme de produits en cuir faits main.<\/p>","protected":false},"excerpt":{"rendered":"<p>\u00c9tui de Hache Fait Main pour Cold Steel Norse Hawk Prot\u00e9gez votre hache avec style et qualit\u00e9 Cet \u00e9tui de hache fait main est sp\u00e9cialement con\u00e7u pour la hache Cold Steel Norse Hawk 90N. Fabriqu\u00e9 en Su\u00e8de \u00e0 partir de cuir de qualit\u00e9 \u00e0 tannage v\u00e9g\u00e9tal de T\u00e4rnsj\u00f6, cet \u00e9tui de hache garantit \u00e0 la [&#8230;]\n","protected":false},"featured_media":60899,"template":"","meta":[],"product_brand":[],"product_cat":[8205,6423],"product_tag":[],"class_list":{"0":"post-60918","1":"product","2":"type-product","3":"status-publish","4":"has-post-thumbnail","6":"product_cat-sheats","7":"product_cat-axe-accessories","9":"first","10":"instock","11":"sale","12":"taxable","13":"shipping-taxable","14":"purchasable","15":"product-type-simple"},"_links":{"self":[{"href":"https:\/\/jjcustomworks.se\/fr\/wp-json\/wp\/v2\/product\/60918","targetHints":{"allow":["GET"]}}],"collection":[{"href":"https:\/\/jjcustomworks.se\/fr\/wp-json\/wp\/v2\/product"}],"about":[{"href":"https:\/\/jjcustomworks.se\/fr\/wp-json\/wp\/v2\/types\/product"}],"wp:featuredmedia":[{"embeddable":true,"href":"https:\/\/jjcustomworks.se\/fr\/wp-json\/wp\/v2\/media\/60899"}],"wp:attachment":[{"href":"https:\/\/jjcustomworks.se\/fr\/wp-json\/wp\/v2\/media?parent=60918"}],"wp:term":[{"taxonomy":"product_brand","embeddable":true,"href":"https:\/\/jjcustomworks.se\/fr\/wp-json\/wp\/v2\/product_brand?post=60918"},{"taxonomy":"product_cat","embeddable":true,"href":"https:\/\/jjcustomworks.se\/fr\/wp-json\/wp\/v2\/product_cat?post=60918"},{"taxonomy":"product_tag","embeddable":true,"href":"https:\/\/jjcustomworks.se\/fr\/wp-json\/wp\/v2\/product_tag?post=60918"}],"curies":[{"name":"wp","href":"https:\/\/api.w.org\/{rel}","templated":true}]}}