{"id":60894,"date":"2025-03-14T15:05:42","date_gmt":"2025-03-14T14:05:42","guid":{"rendered":"https:\/\/jjcustomworks.se\/product\/jj-custom-works-colt-45-peacemaker-holster-right-4-75-brown-plain-nickel-studs\/"},"modified":"2026-02-14T07:17:39","modified_gmt":"2026-02-14T06:17:39","slug":"jj-custom-works-etui-colt-45-droit-12-marron-uni","status":"publish","type":"product","link":"https:\/\/jjcustomworks.se\/fr\/produit\/jj-custom-works-etui-colt-45-droit-12-marron-uni\/","title":{"rendered":"JJ Custom Works \u00c9tui Colt .45 Droit 12\" Marron Uni"},"content":{"rendered":"<h1>JJ Custom Works - \u00c9tui Colt .45 Peacemaker - Droit - 12\" - Marron - Uni<\/h1>\n<h2><span class=\"ez-toc-section\" id=\"Etui_fait_main_en_cuir_suedois\"><\/span>\u00c9tui fait main en cuir su\u00e9dois<span class=\"ez-toc-section-end\"><\/span><\/h2>\n<p>Cet \u00e9tui fait main est sp\u00e9cialement con\u00e7u pour les revolvers Colt .45 Peacemaker et mod\u00e8les similaires. Fabriqu\u00e9 enti\u00e8rement \u00e0 la main en Su\u00e8de avec du cuir tann\u00e9 v\u00e9g\u00e9tal de T\u00e4rnsj\u00f6, cet \u00e9tui garantit la plus haute qualit\u00e9 et une durabilit\u00e9 \u00e0 long terme. Avec un entretien appropri\u00e9, cet \u00e9tui durera toute une vie.<\/p>\n<p><strong>Caract\u00e9ristiques:<\/strong><\/p>\n<ul>\n <li><strong>Fabriqu\u00e9 \u00e0 la main en Su\u00e8de :<\/strong> Chaque \u00e9tui est fabriqu\u00e9 \u00e0 la main \u00e0 Arboga.<\/li>\n <li><strong>Cuir su\u00e9dois T\u00e4rnsj\u00f6:<\/strong> Cuir tann\u00e9 v\u00e9g\u00e9tal de la plus haute qualit\u00e9 qui ne fait qu'embellir avec l'\u00e2ge.<\/li>\n <li><strong>Personnalisable:<\/strong> Disponible en longueurs de 2,25 pouces \u00e0 canon de 12 pouces, conception pour droitier ou gaucher, et en treize couleurs diff\u00e9rentes ou plus.<\/li>\n <li><strong>Motifs:<\/strong> Choisissez entre diff\u00e9rents types de motifs ou un design \u00e9l\u00e9gant et simple.<\/li>\n <li><strong>Haute qualit\u00e9 et ajustement:<\/strong> Superbe ajustement pour votre revolver Colt .45 Peacemaker.<\/li>\n <li><strong>\u00c9cologique:<\/strong> Cuir tann\u00e9 v\u00e9g\u00e9tal sans chrome ni autres substances nocives pour l'environnement.<\/li>\n<\/ul>\n<h3><span class=\"ez-toc-section\" id=\"Durable_et_reparable\"><\/span>Durable et r\u00e9parable<span class=\"ez-toc-section-end\"><\/span><\/h3>\n<p>L'\u00e9tui est fabriqu\u00e9 en cuir tann\u00e9 v\u00e9g\u00e9tal, ce qui en fait un choix \u00e9cologique sans produits chimiques nocifs. Il est facile \u00e0 r\u00e9parer en cas d'accident \u2013 les points de suture et les rivets peuvent \u00eatre facilement remplac\u00e9s. Lubrifiez r\u00e9guli\u00e8rement l'\u00e9tui avec de la graisse pour cuir afin de maintenir sa qualit\u00e9 et sa long\u00e9vit\u00e9.<\/p>\n<h3><span class=\"ez-toc-section\" id=\"Cuir_et_production_suedoise\"><\/span>Cuir et production su\u00e9doise<span class=\"ez-toc-section-end\"><\/span><\/h3>\n<p>Fabriqu\u00e9 \u00e0 partir de cuir de vaches su\u00e9doises b\u00e9n\u00e9ficiant d'un bon bien-\u00eatre animal et d'un transport minimal. En choisissant cet \u00e9tui, vous soutenez la production locale et la durabilit\u00e9. <a href=\"https:\/\/jjcustomworks.se\/fr\/\">Visitez notre site Web<\/a> pour voir notre gamme compl\u00e8te de produits en cuir faits \u00e0 la main. D\u00e9couvrez notre s\u00e9lection d'<a href=\"https:\/\/jjcustomworks.se\/fr\/categorie-de-produit\/fait-a-la-main\/ceinture-faite-a-la-main\/\">accessoires d&#039;armes \u00e0 feu<\/a> pour trouver le compl\u00e9ment parfait \u00e0 votre nouvel \u00e9tui. Nous proposons \u00e9galement d'autres <a href=\"https:\/\/jjcustomworks.se\/fr\/magasin\/\">\u00e9tuis similaires<\/a>.<\/p>","protected":false},"excerpt":{"rendered":"<p>Handgjort H\u00f6lster f\u00f6r Western revolver colt 45 peacemaker gjort av svenskt t\u00e4rnsj\u00f6l\u00e4der av h\u00f6g kvalitet<\/p>","protected":false},"featured_media":60958,"template":"","meta":[],"product_brand":[],"product_cat":[9493],"product_tag":[],"class_list":{"0":"post-60894","1":"product","2":"type-product","3":"status-publish","4":"has-post-thumbnail","6":"product_cat-handgjorda-balten","8":"first","9":"instock","10":"taxable","11":"shipping-taxable","12":"purchasable","13":"product-type-variable"},"_links":{"self":[{"href":"https:\/\/jjcustomworks.se\/fr\/wp-json\/wp\/v2\/product\/60894","targetHints":{"allow":["GET"]}}],"collection":[{"href":"https:\/\/jjcustomworks.se\/fr\/wp-json\/wp\/v2\/product"}],"about":[{"href":"https:\/\/jjcustomworks.se\/fr\/wp-json\/wp\/v2\/types\/product"}],"wp:featuredmedia":[{"embeddable":true,"href":"https:\/\/jjcustomworks.se\/fr\/wp-json\/wp\/v2\/media\/60958"}],"wp:attachment":[{"href":"https:\/\/jjcustomworks.se\/fr\/wp-json\/wp\/v2\/media?parent=60894"}],"wp:term":[{"taxonomy":"product_brand","embeddable":true,"href":"https:\/\/jjcustomworks.se\/fr\/wp-json\/wp\/v2\/product_brand?post=60894"},{"taxonomy":"product_cat","embeddable":true,"href":"https:\/\/jjcustomworks.se\/fr\/wp-json\/wp\/v2\/product_cat?post=60894"},{"taxonomy":"product_tag","embeddable":true,"href":"https:\/\/jjcustomworks.se\/fr\/wp-json\/wp\/v2\/product_tag?post=60894"}],"curies":[{"name":"wp","href":"https:\/\/api.w.org\/{rel}","templated":true}]}}