{"id":60822,"date":"2025-03-14T15:04:54","date_gmt":"2025-03-14T14:04:54","guid":{"rendered":"https:\/\/jjcustomworks.se\/product\/handmade-pendant-with-celtic-cross-made-of-swedish-leather\/"},"modified":"2025-11-22T21:00:37","modified_gmt":"2025-11-22T20:00:37","slug":"pendentif-cuir-croix-celtique-fait-main","status":"publish","type":"product","link":"https:\/\/jjcustomworks.se\/fr\/produit\/pendentif-cuir-croix-celtique-fait-main\/","title":{"rendered":"Pendentif Cuir Croix Celtique Fait Main | JJ Custom Works"},"content":{"rendered":"<h1><span class=\"ez-toc-section\" id=\"Pendentif_Fait_Main_en_Cuir_Suedois_avec_Croix_Celtique\"><\/span>Pendentif en cuir su\u00e9dois fait main avec croix celtique<span class=\"ez-toc-section-end\"><\/span><\/h1>\n<h2><span class=\"ez-toc-section\" id=\"Elegant_Pendentif_en_Cuir_Suedois\"><\/span>\u00c9l\u00e9gant Pendentif en Cuir Su\u00e9dois<span class=\"ez-toc-section-end\"><\/span><\/h2>\n<p>Ce pendentif fait main combine un hexagone avec une croix celtique et des os crois\u00e9s, cr\u00e9ant une expression \u00e9l\u00e9gante et styl\u00e9e. Le pendentif est fabriqu\u00e9 en cuir su\u00e9dois de T\u00e4rnsj\u00f6 avec des embellissements estamp\u00e9s, ce qui lui conf\u00e8re une sensation unique et exclusive. Utilisez-le sur un collier, un bracelet, un sac ou un porte-cl\u00e9s \u2013 les possibilit\u00e9s sont infinies. D\u00e9couvrez d'autres <a href=\"https:\/\/jjcustomworks.se\/fr\/magasin\/\">pendentifs en cuir faits main<\/a> dans notre collection.<\/p>\n\n<h3><span class=\"ez-toc-section\" id=\"Choix_Ecologique_et_Respectueux_des_Animaux\"><\/span>Choix \u00e9cologique et respectueux des animaux<span class=\"ez-toc-section-end\"><\/span><\/h3>\n<p>Le pendentif est fabriqu\u00e9 en cuir de T\u00e4rnsj\u00f6 tann\u00e9 v\u00e9g\u00e9talement provenant de fermes su\u00e9doises avec un \u00e9levage de classe mondiale. Cela signifie qu'aucun produit chimique dangereux n'a \u00e9t\u00e9 utilis\u00e9 dans le processus de fabrication. En choisissant ce pendentif, vous faites non seulement un choix \u00e9l\u00e9gant, mais aussi un choix \u00e9cologique et respectueux des animaux. Consultez notre gamme de <a href=\"https:\/\/jjcustomworks.se\/fr\/categorie-de-produit\/fait-a-la-main\/etuis\/\">bijoux durables<\/a> pour plus d&#039;options. Visitez notre <a href=\"https:\/\/jjcustomworks.se\/fr\/\">page d&#039;accueil<\/a> pour en savoir plus sur notre engagement en mati\u00e8re de d\u00e9veloppement durable.<\/p>\n\n<h3><span class=\"ez-toc-section\" id=\"Specifications_du_Produit\"><\/span>Sp\u00e9cifications du produit<span class=\"ez-toc-section-end\"><\/span><\/h3>\n<ul>\n <li><strong>Mat\u00e9riel:<\/strong> Cuir su\u00e9dois de T\u00e4rnsj\u00f6<\/li>\n <li><strong>Bronzage:<\/strong> Tannage V\u00e9g\u00e9tal<\/li>\n <li><strong>Diam\u00e8tre:<\/strong> environ 3,5 cm<\/li>\n <li><strong>\u00c9paisseur:<\/strong> environ 3 mm<\/li>\n <li><strong>Conception :<\/strong> Hexagone avec Croix Celtique et Os Crois\u00e9s<\/li>\n<\/ul>\n\n<p>Ce pendentif simple et \u00e9l\u00e9gant convient \u00e0 tout le monde et est un cadeau parfait pour quelqu'un qui a d\u00e9j\u00e0 tout. Offrez un pendentif qui n'est pas seulement beau, mais aussi fabriqu\u00e9 avec consid\u00e9ration pour l'environnement et les animaux.<\/p>","protected":false},"excerpt":{"rendered":"<p>Pendentif de qualit\u00e9 fabriqu\u00e9 \u00e0 la main en Su\u00e8de \u00e0 partir de cuir su\u00e9dois tann\u00e9 v\u00e9g\u00e9tal<\/p>","protected":false},"featured_media":60821,"template":"","meta":[],"product_brand":[],"product_cat":[9499],"product_tag":[],"class_list":{"0":"post-60822","1":"product","2":"type-product","3":"status-publish","4":"has-post-thumbnail","6":"product_cat-handgjorda-smycken","8":"first","9":"instock","10":"sale","11":"taxable","12":"shipping-taxable","13":"purchasable","14":"product-type-simple"},"_links":{"self":[{"href":"https:\/\/jjcustomworks.se\/fr\/wp-json\/wp\/v2\/product\/60822","targetHints":{"allow":["GET"]}}],"collection":[{"href":"https:\/\/jjcustomworks.se\/fr\/wp-json\/wp\/v2\/product"}],"about":[{"href":"https:\/\/jjcustomworks.se\/fr\/wp-json\/wp\/v2\/types\/product"}],"wp:featuredmedia":[{"embeddable":true,"href":"https:\/\/jjcustomworks.se\/fr\/wp-json\/wp\/v2\/media\/60821"}],"wp:attachment":[{"href":"https:\/\/jjcustomworks.se\/fr\/wp-json\/wp\/v2\/media?parent=60822"}],"wp:term":[{"taxonomy":"product_brand","embeddable":true,"href":"https:\/\/jjcustomworks.se\/fr\/wp-json\/wp\/v2\/product_brand?post=60822"},{"taxonomy":"product_cat","embeddable":true,"href":"https:\/\/jjcustomworks.se\/fr\/wp-json\/wp\/v2\/product_cat?post=60822"},{"taxonomy":"product_tag","embeddable":true,"href":"https:\/\/jjcustomworks.se\/fr\/wp-json\/wp\/v2\/product_tag?post=60822"}],"curies":[{"name":"wp","href":"https:\/\/api.w.org\/{rel}","templated":true}]}}