{"id":60809,"date":"2025-03-14T15:04:44","date_gmt":"2025-03-14T14:04:44","guid":{"rendered":"https:\/\/jjcustomworks.se\/product\/handmade-pendant-with-nordic-rune-made-of-swedish-leather-16\/"},"modified":"2026-04-10T23:47:34","modified_gmt":"2026-04-10T21:47:34","slug":"pendentif-rune-en-cuir-fait-main","status":"publish","type":"product","link":"https:\/\/jjcustomworks.se\/fr\/produit\/pendentif-rune-en-cuir-fait-main\/","title":{"rendered":"Pendentif Rune en Cuir Fait Main | JJ Custom Works"},"content":{"rendered":"<h1><span class=\"ez-toc-section\" id=\"Pendentif_Fait_Main_en_Cuir_Suedois_avec_Rune\"><\/span>Pendentif en cuir su\u00e9dois fait main avec rune<span class=\"ez-toc-section-end\"><\/span><\/h1>\n<h2><span class=\"ez-toc-section\" id=\"Pendentif_Elegant_en_Cuir_Suedois\"><\/span>Pendentif \u00c9l\u00e9gant en Cuir Su\u00e9dois<span class=\"ez-toc-section-end\"><\/span><\/h2>\n<p>Reid Runa est un pendentif \u00e9l\u00e9gant fabriqu\u00e9 en cuir su\u00e9dois T\u00e4rnsj\u00f6 avec une rune nordique estampill\u00e9e. Ce pendentif unique est parfait pour \u00eatre plac\u00e9 sur un collier ou un bracelet. Vous pouvez \u00e9galement l'attacher \u00e0 votre sac ou \u00e0 votre porte-cl\u00e9s, ou laisser libre cours \u00e0 votre imagination et trouver vos propres utilisations. Un accessoire polyvalent qui s'accorde avec tout !<\/p>\n<p>Le pendentif est fabriqu\u00e9 en cuir T\u00e4rnsj\u00f6 tann\u00e9 v\u00e9g\u00e9talement provenant de fermes su\u00e9doises avec un \u00e9levage de classe mondiale, ce qui en fait un choix \u00e9cologique et respectueux des animaux. Cela signifie que le cuir est trait\u00e9 sans produits chimiques nocifs, ce qui est bon pour vous et pour l'environnement. Faites un choix conscient avec cet accessoire \u00e9l\u00e9gant.<\/p>\n<h3><span class=\"ez-toc-section\" id=\"Informations_sur_le_produit\"><\/span>Informations sur le produit<span class=\"ez-toc-section-end\"><\/span><\/h3>\n<ul>\n <li>Diam\u00e8tre : environ 2,5 cm<\/li>\n <li>\u00c9paisseur : environ 3 mm<\/li>\n <li>Mati\u00e8re : cuir su\u00e9dois T\u00e4rnsj\u00f6<\/li>\n <li>Tannage : V\u00e9g\u00e9tal<\/li>\n<\/ul>\n<p>Ce pendentif simple et \u00e9l\u00e9gant s'adapte \u00e0 tout et \u00e0 tous, ce qui en fait le cadeau id\u00e9al pour ceux qui ont d\u00e9j\u00e0 tout. Offrez un bijou \u00e0 la fois beau et durable. D\u00e9couvrez d'autres produits en cuir uniques dans notre <a href=\"https:\/\/jjcustomworks.se\/fr\/categorie-de-produit\/fait-a-la-main\/etuis\/\">collection de cuir<\/a> et trouvez l'accord parfait pour votre nouveau pendentif. Visitez <a href=\"https:\/\/jjcustomworks.se\/fr\/\">notre site Web<\/a> pour voir toute notre gamme de produits faits main. Nous proposons \u00e9galement des <a href=\"https:\/\/jjcustomworks.se\/fr\/magasin\/\">colliers<\/a> assortis qui s'adaptent parfaitement au pendentif.<\/p>","protected":false},"excerpt":{"rendered":"<p>Handgjort h\u00e4ngsmycke av svenskt t\u00e4rnsj\u00f6l\u00e4der som passar alla tillf\u00e4llen<\/p>","protected":false},"featured_media":60801,"template":"","meta":[],"product_brand":[],"product_cat":[9499],"product_tag":[],"class_list":{"0":"post-60809","1":"product","2":"type-product","3":"status-publish","4":"has-post-thumbnail","6":"product_cat-handgjorda-smycken","8":"first","9":"instock","10":"sale","11":"taxable","12":"shipping-taxable","13":"purchasable","14":"product-type-simple"},"_links":{"self":[{"href":"https:\/\/jjcustomworks.se\/fr\/wp-json\/wp\/v2\/product\/60809","targetHints":{"allow":["GET"]}}],"collection":[{"href":"https:\/\/jjcustomworks.se\/fr\/wp-json\/wp\/v2\/product"}],"about":[{"href":"https:\/\/jjcustomworks.se\/fr\/wp-json\/wp\/v2\/types\/product"}],"wp:featuredmedia":[{"embeddable":true,"href":"https:\/\/jjcustomworks.se\/fr\/wp-json\/wp\/v2\/media\/60801"}],"wp:attachment":[{"href":"https:\/\/jjcustomworks.se\/fr\/wp-json\/wp\/v2\/media?parent=60809"}],"wp:term":[{"taxonomy":"product_brand","embeddable":true,"href":"https:\/\/jjcustomworks.se\/fr\/wp-json\/wp\/v2\/product_brand?post=60809"},{"taxonomy":"product_cat","embeddable":true,"href":"https:\/\/jjcustomworks.se\/fr\/wp-json\/wp\/v2\/product_cat?post=60809"},{"taxonomy":"product_tag","embeddable":true,"href":"https:\/\/jjcustomworks.se\/fr\/wp-json\/wp\/v2\/product_tag?post=60809"}],"curies":[{"name":"wp","href":"https:\/\/api.w.org\/{rel}","templated":true}]}}