{"id":60805,"date":"2025-03-14T15:04:43","date_gmt":"2025-03-14T14:04:43","guid":{"rendered":"https:\/\/jjcustomworks.se\/product\/handmade-pendant-with-nordic-rune-made-of-swedish-leather-14\/"},"modified":"2025-11-22T21:54:37","modified_gmt":"2025-11-22T20:54:37","slug":"pendentif-en-cuir-fait-main-avec-rune-3","status":"publish","type":"product","link":"https:\/\/jjcustomworks.se\/fr\/produit\/pendentif-en-cuir-fait-main-avec-rune-3\/","title":{"rendered":"Pendentif en Cuir Fait Main avec Rune | JJ Custom Works"},"content":{"rendered":"<h1><span class=\"ez-toc-section\" id=\"Pendentif_en_Cuir_Fait_Main_avec_Rune\"><\/span>Pendentif en cuir fait main avec rune<span class=\"ez-toc-section-end\"><\/span><\/h1>\n<h2><span class=\"ez-toc-section\" id=\"Elegant_pendentif_en_cuir_suedois\"><\/span>\u00c9l\u00e9gant pendentif en cuir su\u00e9dois<span class=\"ez-toc-section-end\"><\/span><\/h2>\n<p>Iss Rune - Un pendentif \u00e9l\u00e9gant et styl\u00e9 en cuir su\u00e9dois de T\u00e4rnsj\u00f6 avec une rune nordique estampill\u00e9e. Ce pendentif en cuir fait main est parfait pour \u00eatre fix\u00e9 \u00e0 un collier, un bracelet, un sac ou un porte-cl\u00e9s, ou partout o\u00f9 vous souhaitez ajouter une touche personnelle. Un accessoire polyvalent qui allie style et tradition.<\/p>\n\n<h3><span class=\"ez-toc-section\" id=\"Cuir_suedois_de_Tarnsjo_de_haute_qualite\"><\/span>Cuir su\u00e9dois de T\u00e4rnsj\u00f6 de haute qualit\u00e9<span class=\"ez-toc-section-end\"><\/span><\/h3>\n<p>Le pendentif est fabriqu\u00e9 en cuir su\u00e9dois de T\u00e4rnsj\u00f6, ce qui garantit une qualit\u00e9 et une durabilit\u00e9 \u00e9lev\u00e9es. Le cuir est tann\u00e9 v\u00e9g\u00e9talement, ce qui signifie qu'aucun produit chimique nocif n'a \u00e9t\u00e9 utilis\u00e9 dans le processus. Cela fait du pendentif un choix \u00e9cologique. Le cuir provient exclusivement de fermes su\u00e9doises pratiquant un \u00e9levage de classe mondiale, garantissant ainsi le bien-\u00eatre des animaux.<\/p>\n\n<h3><span class=\"ez-toc-section\" id=\"Choix_Ecologique_et_Respectueux_des_Animaux\"><\/span>Choix \u00e9cologique et respectueux des animaux<span class=\"ez-toc-section-end\"><\/span><\/h3>\n<p>Avec ce pendentif, vous obtenez non seulement un accessoire \u00e9l\u00e9gant, mais aussi un choix \u00e9cologique et respectueux des animaux. En choisissant ce pendentif, vous contribuez \u00e0 une production plus durable et soutenez les fermes su\u00e9doises avec des normes \u00e9lev\u00e9es de bien-\u00eatre animal.<\/p>\n\n<h3><span class=\"ez-toc-section\" id=\"Informations_sur_le_produit\"><\/span>Informations sur le produit<span class=\"ez-toc-section-end\"><\/span><\/h3>\n<ul>\n  <li>Diam\u00e8tre : environ 1 pouce<\/li>\n  <li>\u00c9paisseur : environ 3 mm<\/li>\n  <li>Mat\u00e9riau : Cuir su\u00e9dois de T\u00e4rnsj\u00f6<\/li>\n  <li>Tannage : V\u00e9g\u00e9tal<\/li>\n<\/ul>\n\n<p>Le design simple et \u00e9l\u00e9gant rend le pendentif adapt\u00e9 \u00e0 tout le monde et \u00e0 tout. C'est aussi le cadeau parfait pour quelqu'un qui a d\u00e9j\u00e0 tout. D\u00e9couvrez notre s\u00e9lection d'<a href=\"https:\/\/jjcustomworks.se\/fr\/magasin\/\">autres produits en cuir faits main<\/a> et trouvez quelque chose qui vous convient. N'oubliez pas de consulter notre <a href=\"https:\/\/jjcustomworks.se\/fr\/categorie-de-produit\/fait-a-la-main\/etuis\/\">cat\u00e9gorie accessoires<\/a> pour plus de produits similaires. Pour voir toute notre gamme, visitez notre <a href=\"https:\/\/jjcustomworks.se\/fr\/\">page d&#039;accueil<\/a>.<\/p>","protected":false},"excerpt":{"rendered":"<p>Pendentif de qualit\u00e9 fabriqu\u00e9 \u00e0 la main en Su\u00e8de \u00e0 partir de cuir su\u00e9dois tann\u00e9 v\u00e9g\u00e9tal<\/p>","protected":false},"featured_media":60802,"template":"","meta":[],"product_brand":[],"product_cat":[9499],"product_tag":[],"class_list":{"0":"post-60805","1":"product","2":"type-product","3":"status-publish","4":"has-post-thumbnail","6":"product_cat-handgjorda-smycken","8":"first","9":"instock","10":"sale","11":"taxable","12":"shipping-taxable","13":"purchasable","14":"product-type-simple"},"_links":{"self":[{"href":"https:\/\/jjcustomworks.se\/fr\/wp-json\/wp\/v2\/product\/60805","targetHints":{"allow":["GET"]}}],"collection":[{"href":"https:\/\/jjcustomworks.se\/fr\/wp-json\/wp\/v2\/product"}],"about":[{"href":"https:\/\/jjcustomworks.se\/fr\/wp-json\/wp\/v2\/types\/product"}],"wp:featuredmedia":[{"embeddable":true,"href":"https:\/\/jjcustomworks.se\/fr\/wp-json\/wp\/v2\/media\/60802"}],"wp:attachment":[{"href":"https:\/\/jjcustomworks.se\/fr\/wp-json\/wp\/v2\/media?parent=60805"}],"wp:term":[{"taxonomy":"product_brand","embeddable":true,"href":"https:\/\/jjcustomworks.se\/fr\/wp-json\/wp\/v2\/product_brand?post=60805"},{"taxonomy":"product_cat","embeddable":true,"href":"https:\/\/jjcustomworks.se\/fr\/wp-json\/wp\/v2\/product_cat?post=60805"},{"taxonomy":"product_tag","embeddable":true,"href":"https:\/\/jjcustomworks.se\/fr\/wp-json\/wp\/v2\/product_tag?post=60805"}],"curies":[{"name":"wp","href":"https:\/\/api.w.org\/{rel}","templated":true}]}}