{"id":60799,"date":"2025-03-14T15:04:36","date_gmt":"2025-03-14T14:04:36","guid":{"rendered":"https:\/\/jjcustomworks.se\/product\/handmade-pendant-with-nordic-rune-made-of-swedish-leather-15\/"},"modified":"2025-11-22T21:04:33","modified_gmt":"2025-11-22T20:04:33","slug":"pendentif-en-cuir-fait-main-avec-rune-4","status":"publish","type":"product","link":"https:\/\/jjcustomworks.se\/fr\/produit\/pendentif-en-cuir-fait-main-avec-rune-4\/","title":{"rendered":"Pendentif en Cuir Fait Main avec Rune | JJ Custom Works"},"content":{"rendered":"<h1><span class=\"ez-toc-section\" id=\"Pendentif_en_Cuir_Fait_Main_avec_Rune\"><\/span>Pendentif en cuir fait main avec rune<span class=\"ez-toc-section-end\"><\/span><\/h1>\n<h2><span class=\"ez-toc-section\" id=\"Elegant_Pendentif_en_Cuir_avec_Rune_Nordique\"><\/span>Pendentif en cuir \u00e9l\u00e9gant avec rune nordique<span class=\"ez-toc-section-end\"><\/span><\/h2>\n<p>Ce pendentif fait main, Jara Runa, est un accessoire \u00e9l\u00e9gant fabriqu\u00e9 \u00e0 partir de cuir su\u00e9dois de T\u00e4rnsj\u00f6 avec une rune nordique estampill\u00e9e. Le cuir est tann\u00e9 v\u00e9g\u00e9talement, ce qui signifie qu'aucun produit chimique nocif n'a \u00e9t\u00e9 utilis\u00e9 dans le processus de fabrication. Cela fait du pendentif un choix \u00e9cologique et respectueux des animaux, car le cuir provient de fermes su\u00e9doises avec un bien-\u00eatre animal de classe mondiale. <a href=\"https:\/\/jjcustomworks.se\/fr\/\">Travaux personnalis\u00e9s JJ<\/a> propose des bijoux uniques ax\u00e9s sur la durabilit\u00e9.<\/p>\n<h3><span class=\"ez-toc-section\" id=\"Utilisation_Polyvalente\"><\/span>Utilisation polyvalente<span class=\"ez-toc-section-end\"><\/span><\/h3>\n<p>Le pendentif peut \u00eatre attach\u00e9 \u00e0 un collier, un bracelet, un sac ou un porte-cl\u00e9s \u2013 ou pourquoi ne pas laisser libre cours \u00e0 votre imagination ? Le design simple et \u00e9l\u00e9gant le rend adapt\u00e9 \u00e0 tout et \u00e0 tous, et sa taille compacte le rend facile \u00e0 transporter. D\u00e9couvrez d'autres <a href=\"https:\/\/jjcustomworks.se\/fr\/categorie-de-produit\/fait-a-la-main\/etuis\/\">maroquinerie<\/a> uniques comme celui-ci.<\/p>\n<h3><span class=\"ez-toc-section\" id=\"Informations_sur_le_Produit\"><\/span>Informations sur le produit<span class=\"ez-toc-section-end\"><\/span><\/h3>\n<ul>\n<li>Fabriqu\u00e9 \u00e0 partir de cuir su\u00e9dois de T\u00e4rnsj\u00f6<\/li>\n<li>Tannage v\u00e9g\u00e9tal<\/li>\n<li>Diam\u00e8tre : environ 2,5 cm<\/li>\n<li>\u00c9paisseur : environ 3 mm<\/li>\n<li>Rune estampill\u00e9e<\/li>\n<\/ul>\n<p>Ce pendentif n'est pas seulement un accessoire \u00e9l\u00e9gant, mais aussi un choix conscient pour l'environnement et les animaux. C'est \u00e9galement un cadeau parfait pour quelqu'un qui a d\u00e9j\u00e0 tout. Explorez notre gamme de <a href=\"https:\/\/jjcustomworks.se\/fr\/magasin\/\">bijoux faits \u00e0 la main<\/a> pour trouver des cadeaux plus personnels.<\/p>","protected":false},"excerpt":{"rendered":"<p>Pendentif de qualit\u00e9 fabriqu\u00e9 \u00e0 la main en Su\u00e8de \u00e0 partir de cuir su\u00e9dois tann\u00e9 v\u00e9g\u00e9tal<\/p>","protected":false},"featured_media":60783,"template":"","meta":[],"product_brand":[],"product_cat":[9499],"product_tag":[],"class_list":{"0":"post-60799","1":"product","2":"type-product","3":"status-publish","4":"has-post-thumbnail","6":"product_cat-handgjorda-smycken","8":"first","9":"instock","10":"sale","11":"taxable","12":"shipping-taxable","13":"purchasable","14":"product-type-simple"},"_links":{"self":[{"href":"https:\/\/jjcustomworks.se\/fr\/wp-json\/wp\/v2\/product\/60799","targetHints":{"allow":["GET"]}}],"collection":[{"href":"https:\/\/jjcustomworks.se\/fr\/wp-json\/wp\/v2\/product"}],"about":[{"href":"https:\/\/jjcustomworks.se\/fr\/wp-json\/wp\/v2\/types\/product"}],"wp:featuredmedia":[{"embeddable":true,"href":"https:\/\/jjcustomworks.se\/fr\/wp-json\/wp\/v2\/media\/60783"}],"wp:attachment":[{"href":"https:\/\/jjcustomworks.se\/fr\/wp-json\/wp\/v2\/media?parent=60799"}],"wp:term":[{"taxonomy":"product_brand","embeddable":true,"href":"https:\/\/jjcustomworks.se\/fr\/wp-json\/wp\/v2\/product_brand?post=60799"},{"taxonomy":"product_cat","embeddable":true,"href":"https:\/\/jjcustomworks.se\/fr\/wp-json\/wp\/v2\/product_cat?post=60799"},{"taxonomy":"product_tag","embeddable":true,"href":"https:\/\/jjcustomworks.se\/fr\/wp-json\/wp\/v2\/product_tag?post=60799"}],"curies":[{"name":"wp","href":"https:\/\/api.w.org\/{rel}","templated":true}]}}