{"id":60789,"date":"2025-03-14T15:04:33","date_gmt":"2025-03-14T14:04:33","guid":{"rendered":"https:\/\/jjcustomworks.se\/product\/handmade-pendant-with-nordic-rune-made-of-swedish-leather-12\/"},"modified":"2025-11-22T21:02:34","modified_gmt":"2025-11-22T20:02:34","slug":"pendentif-en-cuir-fait-main-avec-rune-5","status":"publish","type":"product","link":"https:\/\/jjcustomworks.se\/fr\/produit\/pendentif-en-cuir-fait-main-avec-rune-5\/","title":{"rendered":"Pendentif en Cuir Fait Main avec Rune | JJ Custom Works"},"content":{"rendered":"<h1><span class=\"ez-toc-section\" id=\"Pendentif_en_Cuir_Fait_Main_avec_Rune\"><\/span>Pendentif en cuir fait main avec rune<span class=\"ez-toc-section-end\"><\/span><\/h1>\n<h2><span class=\"ez-toc-section\" id=\"Elegant_pendentif_avec_rune_nordique\"><\/span>Pendentif \u00e9l\u00e9gant avec rune nordique<span class=\"ez-toc-section-end\"><\/span><\/h2>\n<p>Rune solaire Sunna - Pendentif \u00e9l\u00e9gant en cuir su\u00e9dois de T\u00e4rnsj\u00f6 avec une rune nordique estampill\u00e9e. Ce pendentif fait main en cuir su\u00e9dois est bien plus qu'un simple accessoire ; c'est une d\u00e9claration. Fabriqu\u00e9 \u00e0 partir de cuir de T\u00e4rnsj\u00f6 tann\u00e9 v\u00e9g\u00e9talement provenant de fermes su\u00e9doises, le pendentif repr\u00e9sente \u00e0 la fois le style et la durabilit\u00e9. Attachez-le \u00e0 un <a href=\"https:\/\/jjcustomworks.se\/fr\/magasin\/\">collier<\/a>, un bracelet, un sac ou m\u00eame \u00e0 votre porte-cl\u00e9s - les possibilit\u00e9s sont infinies. D\u00e9couvrez d'autres <a href=\"https:\/\/jjcustomworks.se\/fr\/categorie-de-produit\/fait-a-la-main\/etuis\/\">maroquinerie<\/a> dans notre gamme.<\/p>\n<h3><span class=\"ez-toc-section\" id=\"Choix_ecologique_et_respectueux_des_animaux\"><\/span>Choix \u00e9cologique et respectueux des animaux<span class=\"ez-toc-section-end\"><\/span><\/h3>\n<ul>\n <li><strong>Cuir su\u00e9dois de T\u00e4rnsj\u00f6:<\/strong> Fabriqu\u00e9 \u00e0 partir de cuir tann\u00e9 v\u00e9g\u00e9talement de haute qualit\u00e9 provenant de fermes su\u00e9doises pratiquant l'\u00e9levage d'animaux de classe mondiale.<\/li>\n <li><strong>\u00c9cologique:<\/strong> Le tannage v\u00e9g\u00e9tal signifie qu'aucun produit chimique dangereux n'est utilis\u00e9 dans le processus de fabrication.<\/li>\n <li><strong>Respectueux des animaux:<\/strong> Le cuir provient de fermes su\u00e9doises qui privil\u00e9gient le bien-\u00eatre animal.<\/li>\n<\/ul>\n<p>Ce pendentif n'est pas seulement un accessoire \u00e9l\u00e9gant, mais aussi un choix \u00e9cologique et respectueux des animaux. Avec un diam\u00e8tre d'environ 1 pouce et une \u00e9paisseur d'environ 3 mm, le pendentif est simple et \u00e9l\u00e9gant, ce qui le rend adapt\u00e9 \u00e0 tout et \u00e0 tous. Vous recherchez le cadeau parfait pour quelqu'un qui a d\u00e9j\u00e0 tout ? Ce <a href=\"https:\/\/jjcustomworks.se\/fr\/magasin\/\">pendentif en cuir<\/a> est un excellent choix. Visitez <a href=\"https:\/\/jjcustomworks.se\/fr\/\">notre site Web<\/a> pour plus d&#039;informations.<\/p>","protected":false},"excerpt":{"rendered":"<p>Pendentif de qualit\u00e9 fabriqu\u00e9 \u00e0 la main en Su\u00e8de \u00e0 partir de cuir su\u00e9dois tann\u00e9 v\u00e9g\u00e9tal<\/p>","protected":false},"featured_media":60781,"template":"","meta":[],"product_brand":[],"product_cat":[9499],"product_tag":[],"class_list":{"0":"post-60789","1":"product","2":"type-product","3":"status-publish","4":"has-post-thumbnail","6":"product_cat-handgjorda-smycken","8":"first","9":"instock","10":"sale","11":"taxable","12":"shipping-taxable","13":"purchasable","14":"product-type-simple"},"_links":{"self":[{"href":"https:\/\/jjcustomworks.se\/fr\/wp-json\/wp\/v2\/product\/60789","targetHints":{"allow":["GET"]}}],"collection":[{"href":"https:\/\/jjcustomworks.se\/fr\/wp-json\/wp\/v2\/product"}],"about":[{"href":"https:\/\/jjcustomworks.se\/fr\/wp-json\/wp\/v2\/types\/product"}],"wp:featuredmedia":[{"embeddable":true,"href":"https:\/\/jjcustomworks.se\/fr\/wp-json\/wp\/v2\/media\/60781"}],"wp:attachment":[{"href":"https:\/\/jjcustomworks.se\/fr\/wp-json\/wp\/v2\/media?parent=60789"}],"wp:term":[{"taxonomy":"product_brand","embeddable":true,"href":"https:\/\/jjcustomworks.se\/fr\/wp-json\/wp\/v2\/product_brand?post=60789"},{"taxonomy":"product_cat","embeddable":true,"href":"https:\/\/jjcustomworks.se\/fr\/wp-json\/wp\/v2\/product_cat?post=60789"},{"taxonomy":"product_tag","embeddable":true,"href":"https:\/\/jjcustomworks.se\/fr\/wp-json\/wp\/v2\/product_tag?post=60789"}],"curies":[{"name":"wp","href":"https:\/\/api.w.org\/{rel}","templated":true}]}}