{"id":60773,"date":"2025-03-14T15:04:30","date_gmt":"2025-03-14T14:04:30","guid":{"rendered":"https:\/\/jjcustomworks.se\/product\/handmade-pendant-with-nordic-rune-made-of-swedish-leather-7\/"},"modified":"2025-11-22T21:05:37","modified_gmt":"2025-11-22T20:05:37","slug":"pendentif-en-cuir-fait-main-avec-rune","status":"publish","type":"product","link":"https:\/\/jjcustomworks.se\/fr\/produit\/pendentif-en-cuir-fait-main-avec-rune\/","title":{"rendered":"Pendentif en Cuir Fait Main avec Rune | JJ Custom Works"},"content":{"rendered":"<h1><span class=\"ez-toc-section\" id=\"Pendentif_en_Cuir_Fait_Main_avec_Rune\"><\/span>Pendentif en cuir fait main avec rune<span class=\"ez-toc-section-end\"><\/span><\/h1>\n<h2><span class=\"ez-toc-section\" id=\"Elegant_pendentif_en_cuir_suedois\"><\/span>\u00c9l\u00e9gant pendentif en cuir su\u00e9dois<span class=\"ez-toc-section-end\"><\/span><\/h2>\n<p>Ce pendentif fait main avec une rune est fabriqu\u00e9 \u00e0 partir de cuir T\u00e4rnsj\u00f6 su\u00e9dois et estampill\u00e9 d'une rune nordique \u00e9l\u00e9gante, ce qui lui conf\u00e8re une touche unique et personnelle. Le pendentif est parfait pour un collier, un bracelet, un sac ou un porte-cl\u00e9s \u2013 la seule limite est votre imagination. <a href=\"https:\/\/jjcustomworks.se\/fr\/magasin\/\">D\u00e9couvrez notre s\u00e9lection de bijoux faits main<\/a> pour trouver d'autres accessoires uniques qui compl\u00e8tent votre style.<\/p>\n\n<h3><span class=\"ez-toc-section\" id=\"Cuir_suedois_Tarnsjo\"><\/span>Cuir su\u00e9dois T\u00e4rnsj\u00f6<span class=\"ez-toc-section-end\"><\/span><\/h3>\n<p>Le pendentif est fabriqu\u00e9 \u00e0 partir de cuir T\u00e4rnsj\u00f6 tann\u00e9 v\u00e9g\u00e9talement provenant de fermes su\u00e9doises avec un \u00e9levage de classe mondiale. Cela signifie que le cuir est exempt de produits chimiques nocifs, ce qui fait du pendentif un choix respectueux de l'environnement et des animaux. En choisissant ce pendentif, vous contribuez \u00e0 une consommation plus durable. Visitez notre <a href=\"https:\/\/jjcustomworks.se\/fr\/categorie-de-produit\/fait-a-la-main\/etuis\/\">cat\u00e9gorie accessoires<\/a> pour voir plus de produits fabriqu\u00e9s avec des mat\u00e9riaux respectueux de l'environnement.<\/p>\n\n<h3><span class=\"ez-toc-section\" id=\"Cadeau_parfait\"><\/span>Cadeau parfait<span class=\"ez-toc-section-end\"><\/span><\/h3>\n<p>Avec un diam\u00e8tre d'environ 1 pouce et une \u00e9paisseur d'environ 3 mm, ce pendentif simple et \u00e9l\u00e9gant est un cadeau id\u00e9al pour quelqu'un qui a d\u00e9j\u00e0 tout. Il convient \u00e0 tous les styles et \u00e0 toutes les occasions. De plus, c'est un choix conscient qui t\u00e9moigne du souci de l'environnement et des animaux. <a href=\"https:\/\/jjcustomworks.se\/fr\/\">Voir toute notre gamme<\/a> et trouver le cadeau parfait aujourd'hui.<\/p>\n\n<ul>\n <li>Fabriqu\u00e9 en cuir su\u00e9dois T\u00e4rnsj\u00f6<\/li>\n <li>Tannage v\u00e9g\u00e9tal (sans produits chimiques nocifs)<\/li>\n <li>Le cuir provient de fermes su\u00e9doises avec un \u00e9levage de classe mondiale<\/li>\n <li>Choix \u00e9cologique et respectueux des animaux<\/li>\n <li>Environ 1 pouce de diam\u00e8tre et environ 3 mm d&#039;\u00e9paisseur<\/li>\n <li>Rune estampill\u00e9e<\/li>\n<\/ul>","protected":false},"excerpt":{"rendered":"<p>Pendentif de qualit\u00e9 fabriqu\u00e9 \u00e0 la main en Su\u00e8de \u00e0 partir de cuir su\u00e9dois tann\u00e9 v\u00e9g\u00e9tal<\/p>","protected":false},"featured_media":60766,"template":"","meta":[],"product_brand":[],"product_cat":[9499],"product_tag":[],"class_list":{"0":"post-60773","1":"product","2":"type-product","3":"status-publish","4":"has-post-thumbnail","6":"product_cat-handgjorda-smycken","8":"first","9":"instock","10":"sale","11":"taxable","12":"shipping-taxable","13":"purchasable","14":"product-type-simple"},"_links":{"self":[{"href":"https:\/\/jjcustomworks.se\/fr\/wp-json\/wp\/v2\/product\/60773","targetHints":{"allow":["GET"]}}],"collection":[{"href":"https:\/\/jjcustomworks.se\/fr\/wp-json\/wp\/v2\/product"}],"about":[{"href":"https:\/\/jjcustomworks.se\/fr\/wp-json\/wp\/v2\/types\/product"}],"wp:featuredmedia":[{"embeddable":true,"href":"https:\/\/jjcustomworks.se\/fr\/wp-json\/wp\/v2\/media\/60766"}],"wp:attachment":[{"href":"https:\/\/jjcustomworks.se\/fr\/wp-json\/wp\/v2\/media?parent=60773"}],"wp:term":[{"taxonomy":"product_brand","embeddable":true,"href":"https:\/\/jjcustomworks.se\/fr\/wp-json\/wp\/v2\/product_brand?post=60773"},{"taxonomy":"product_cat","embeddable":true,"href":"https:\/\/jjcustomworks.se\/fr\/wp-json\/wp\/v2\/product_cat?post=60773"},{"taxonomy":"product_tag","embeddable":true,"href":"https:\/\/jjcustomworks.se\/fr\/wp-json\/wp\/v2\/product_tag?post=60773"}],"curies":[{"name":"wp","href":"https:\/\/api.w.org\/{rel}","templated":true}]}}