{"id":60760,"date":"2025-03-14T15:04:21","date_gmt":"2025-03-14T14:04:21","guid":{"rendered":"https:\/\/jjcustomworks.se\/product\/jj-custom-works-sheath-handmade-in-sweden-frontier-hawk-90fh\/"},"modified":"2025-10-16T18:26:45","modified_gmt":"2025-10-16T16:26:45","slug":"protege-tranchant-fait-main-cold-steel-frontier-hawk","status":"publish","type":"product","link":"https:\/\/jjcustomworks.se\/fr\/produit\/protege-tranchant-fait-main-cold-steel-frontier-hawk\/","title":{"rendered":"Prot\u00e8ge-tranchant Fait Main Cold Steel Frontier Hawk | JJ Custom Works"},"content":{"rendered":"<h1><span class=\"ez-toc-section\" id=\"Protege-tranchant_Fait_Main_pour_Cold_Steel_Frontier_Hawk\"><\/span>Prot\u00e8ge-lame fait main pour Cold Steel Frontier Hawk<span class=\"ez-toc-section-end\"><\/span><\/h1>\n<h2><span class=\"ez-toc-section\" id=\"Protegez_votre_hache_avec_style_et_qualite\"><\/span>Prot\u00e9gez votre hache avec style et qualit\u00e9<span class=\"ez-toc-section-end\"><\/span><\/h2>\n<p>Ce prot\u00e8ge-tranchant fait main est sp\u00e9cialement con\u00e7u pour la Cold Steel Frontier Hawk 90FH et fabriqu\u00e9 en Su\u00e8de \u00e0 partir de cuir de qualit\u00e9 \u00e0 tannage v\u00e9g\u00e9tal de T\u00e4rnsj\u00f6. Prot\u00e9gez votre pr\u00e9cieuse hache de la salet\u00e9 et des intemp\u00e9ries, et s\u00e9curisez son transport. Commandez votre prot\u00e8ge-tranchant d\u00e8s aujourd'hui chez <a href=\"https:\/\/jjcustomworks.se\/fr\/magasin\/\">Travaux personnalis\u00e9s JJ<\/a> !<\/p>\n\n<h3><span class=\"ez-toc-section\" id=\"Caracteristiques_et_avantages\"><\/span>Caract\u00e9ristiques et avantages<span class=\"ez-toc-section-end\"><\/span><\/h3>\n<ul>\n <li><strong>Fabriqu\u00e9 \u00e0 la main en Su\u00e8de :<\/strong> Chaque prot\u00e8ge-tranchant est soigneusement fabriqu\u00e9 \u00e0 la main.<\/li>\n <li><strong>Cuir tann\u00e9 v\u00e9g\u00e9tal :<\/strong> Mat\u00e9riau \u00e9cologique et naturel de T\u00e4rnsj\u00f6.<\/li>\n <li><strong>Protection contre la salet\u00e9 et les intemp\u00e9ries :<\/strong> Gardez votre hache en parfait \u00e9tat.<\/li>\n <li><strong>Acide de transport :<\/strong> Emp\u00eache les dommages pendant le transport.<\/li>\n <li><strong>Longue vie :<\/strong> Avec un <a href=\"https:\/\/jjcustomworks.se\/fr\/categorie-de-produit\/fait-a-la-main\/feuilles\/\">entretien du cuir<\/a> appropri\u00e9, la protection dure de nombreuses ann\u00e9es. Lubrifiez le cuir avec un produit adapt\u00e9 pour prolonger sa dur\u00e9e de vie.<\/li>\n <li><strong>Produit unique :<\/strong> De l\u00e9g\u00e8res variations peuvent survenir, rendant chaque protection unique.<\/li>\n<\/ul>\n\n<p>Les produits en cuir \u00e0 tannage v\u00e9g\u00e9tal sont une alternative naturelle et \u00e9cologique au cuir \u00e0 tannage au chrome. Chez <a href=\"https:\/\/jjcustomworks.se\/fr\/\">Travaux personnalis\u00e9s JJ<\/a>, nous nous soucions de l'environnement et de la qualit\u00e9 de nos produits. Ce prot\u00e8ge-tranchant n'est pas seulement un accessoire pratique, mais aussi une d\u00e9claration de durabilit\u00e9 et de savoir-faire.<\/p>","protected":false},"excerpt":{"rendered":"<p>t\u00f4le de haute qualit\u00e9 fabriqu\u00e9e \u00e0 la main en Su\u00e8de pour Cold Steel Frontier Hawk<\/p>","protected":false},"featured_media":60724,"template":"","meta":[],"product_brand":[],"product_cat":[8205,6423],"product_tag":[],"class_list":{"0":"post-60760","1":"product","2":"type-product","3":"status-publish","4":"has-post-thumbnail","6":"product_cat-sheats","7":"product_cat-axe-accessories","9":"first","10":"instock","11":"featured","12":"taxable","13":"shipping-taxable","14":"purchasable","15":"product-type-simple"},"_links":{"self":[{"href":"https:\/\/jjcustomworks.se\/fr\/wp-json\/wp\/v2\/product\/60760","targetHints":{"allow":["GET"]}}],"collection":[{"href":"https:\/\/jjcustomworks.se\/fr\/wp-json\/wp\/v2\/product"}],"about":[{"href":"https:\/\/jjcustomworks.se\/fr\/wp-json\/wp\/v2\/types\/product"}],"wp:featuredmedia":[{"embeddable":true,"href":"https:\/\/jjcustomworks.se\/fr\/wp-json\/wp\/v2\/media\/60724"}],"wp:attachment":[{"href":"https:\/\/jjcustomworks.se\/fr\/wp-json\/wp\/v2\/media?parent=60760"}],"wp:term":[{"taxonomy":"product_brand","embeddable":true,"href":"https:\/\/jjcustomworks.se\/fr\/wp-json\/wp\/v2\/product_brand?post=60760"},{"taxonomy":"product_cat","embeddable":true,"href":"https:\/\/jjcustomworks.se\/fr\/wp-json\/wp\/v2\/product_cat?post=60760"},{"taxonomy":"product_tag","embeddable":true,"href":"https:\/\/jjcustomworks.se\/fr\/wp-json\/wp\/v2\/product_tag?post=60760"}],"curies":[{"name":"wp","href":"https:\/\/api.w.org\/{rel}","templated":true}]}}