{"id":60735,"date":"2025-03-14T15:04:15","date_gmt":"2025-03-14T14:04:15","guid":{"rendered":"https:\/\/jjcustomworks.se\/product\/handmade-pendant-with-nordic-rune-made-of-swedish-leather\/"},"modified":"2025-11-22T20:51:38","modified_gmt":"2025-11-22T19:51:38","slug":"pendentif-rune-en-cuir-fait-main-3","status":"publish","type":"product","link":"https:\/\/jjcustomworks.se\/fr\/produit\/pendentif-rune-en-cuir-fait-main-3\/","title":{"rendered":"Pendentif Rune en Cuir Fait Main | JJ Custom Works"},"content":{"rendered":"<h1><span class=\"ez-toc-section\" id=\"Pendentif_Fait_Main_en_Cuir_Suedois_avec_Rune\"><\/span>Pendentif en cuir su\u00e9dois fait main avec rune<span class=\"ez-toc-section-end\"><\/span><\/h1>\n<h2><span class=\"ez-toc-section\" id=\"Pendentif_elegant_avec_rune_nordique\"><\/span>Pendentif \u00e9l\u00e9gant avec rune nordique<span class=\"ez-toc-section-end\"><\/span><\/h2>\n<p>Bjarka Runa - Un pendentif \u00e9l\u00e9gant fabriqu\u00e9 en cuir su\u00e9dois T\u00e4rnsj\u00f6 avec une rune nordique estampill\u00e9e. Ce pendentif fait main est plus qu'un simple accessoire\u00a0; c'est une d\u00e9claration. Parfait pour attacher \u00e0 un collier, un bracelet, un sac ou un porte-cl\u00e9s - laissez libre cours \u00e0 votre imagination. Le pendentif en cuir est un cadeau id\u00e9al pour quelqu'un qui a d\u00e9j\u00e0 tout.<\/p>\n\n<ul>\n <li><strong>Cuir su\u00e9dois T\u00e4rnsj\u00f6\u00a0:<\/strong> Fabriqu\u00e9 en cuir tann\u00e9 v\u00e9g\u00e9tal provenant de fermes su\u00e9doises.<\/li>\n <li><strong>Choix respectueux de l'environnement\u00a0:<\/strong> Aucun produit chimique dangereux n'est utilis\u00e9, ce qui en fait une option respectueuse de l'environnement.<\/li>\n <li><strong>Respectueux des animaux\u00a0:<\/strong> Le cuir provient de fermes su\u00e9doises dont l'\u00e9levage est de classe mondiale.<\/li>\n <li><strong>Utilisation polyvalente :<\/strong> Parfait pour les colliers, les bracelets, les sacs et les porte-cl\u00e9s.<\/li>\n<\/ul>\n\n<h3><span class=\"ez-toc-section\" id=\"Informations_sur_le_produit\"><\/span>Informations sur le produit<span class=\"ez-toc-section-end\"><\/span><\/h3>\n<p>Le pendentif mesure environ 1\u00a0pouce de diam\u00e8tre et environ 3\u00a0mm d'\u00e9paisseur, avec une rune magnifiquement estampill\u00e9e. Son design simple et \u00e9l\u00e9gant le rend adapt\u00e9 \u00e0 tout et \u00e0 tous. Un choix parfait pour ceux qui recherchent un d\u00e9tail unique et significatif.<\/p>\n\n<p>D\u00e9couvrez d'autres produits en cuir uniques dans notre <a href=\"https:\/\/jjcustomworks.se\/fr\/categorie-de-produit\/fait-a-la-main\/etuis\/\">collection d'artisanat du cuir<\/a>. Pour plus d'informations sur nos valeurs et notre artisanat, visitez <a href=\"https:\/\/jjcustomworks.se\/fr\/\">notre site Web<\/a>. Vous recherchez des accessoires assortis\u00a0? D\u00e9couvrez notre s\u00e9lection de <a href=\"https:\/\/jjcustomworks.se\/fr\/magasin\/\">colliers et bracelets<\/a> en mat\u00e9riau de haute qualit\u00e9.<\/p>","protected":false},"excerpt":{"rendered":"<p>Pendentif de qualit\u00e9 fabriqu\u00e9 \u00e0 la main en Su\u00e8de \u00e0 partir de cuir su\u00e9dois tann\u00e9 v\u00e9g\u00e9tal<\/p>","protected":false},"featured_media":60734,"template":"","meta":[],"product_brand":[],"product_cat":[9499],"product_tag":[],"class_list":{"0":"post-60735","1":"product","2":"type-product","3":"status-publish","4":"has-post-thumbnail","6":"product_cat-handgjorda-smycken","8":"first","9":"instock","10":"sale","11":"taxable","12":"shipping-taxable","13":"purchasable","14":"product-type-simple"},"_links":{"self":[{"href":"https:\/\/jjcustomworks.se\/fr\/wp-json\/wp\/v2\/product\/60735","targetHints":{"allow":["GET"]}}],"collection":[{"href":"https:\/\/jjcustomworks.se\/fr\/wp-json\/wp\/v2\/product"}],"about":[{"href":"https:\/\/jjcustomworks.se\/fr\/wp-json\/wp\/v2\/types\/product"}],"wp:featuredmedia":[{"embeddable":true,"href":"https:\/\/jjcustomworks.se\/fr\/wp-json\/wp\/v2\/media\/60734"}],"wp:attachment":[{"href":"https:\/\/jjcustomworks.se\/fr\/wp-json\/wp\/v2\/media?parent=60735"}],"wp:term":[{"taxonomy":"product_brand","embeddable":true,"href":"https:\/\/jjcustomworks.se\/fr\/wp-json\/wp\/v2\/product_brand?post=60735"},{"taxonomy":"product_cat","embeddable":true,"href":"https:\/\/jjcustomworks.se\/fr\/wp-json\/wp\/v2\/product_cat?post=60735"},{"taxonomy":"product_tag","embeddable":true,"href":"https:\/\/jjcustomworks.se\/fr\/wp-json\/wp\/v2\/product_tag?post=60735"}],"curies":[{"name":"wp","href":"https:\/\/api.w.org\/{rel}","templated":true}]}}