{"id":60731,"date":"2025-03-14T15:04:13","date_gmt":"2025-03-14T14:04:13","guid":{"rendered":"https:\/\/jjcustomworks.se\/product\/jj-custom-works-sheath-handmade-in-sweden-90awd\/"},"modified":"2025-10-16T18:35:34","modified_gmt":"2025-10-16T16:35:34","slug":"protege-lame-fait-main-cold-steel-spontoon-hawk","status":"publish","type":"product","link":"https:\/\/jjcustomworks.se\/fr\/produit\/protege-lame-fait-main-cold-steel-spontoon-hawk\/","title":{"rendered":"Prot\u00e8ge-Lame Fait Main Cold Steel Spontoon Hawk | JJ Custom Works"},"content":{"rendered":"<h1><span class=\"ez-toc-section\" id=\"Protege-Lame_Fait_Main_pour_Cold_Steel_Spontoon_Hawk\"><\/span>Prot\u00e8ge-lame fait main pour Cold Steel Spontoon Hawk<span class=\"ez-toc-section-end\"><\/span><\/h1>\n<h2><span class=\"ez-toc-section\" id=\"Protegez_votre_hache_avec_style_et_qualite\"><\/span>Prot\u00e9gez votre hache avec style et qualit\u00e9<span class=\"ez-toc-section-end\"><\/span><\/h2>\n<p>Ce prot\u00e8ge-lame fait main est sp\u00e9cialement con\u00e7u pour le Cold Steel Spontoon Hawk 90AWD et fabriqu\u00e9 en Su\u00e8de \u00e0 partir de cuir de qualit\u00e9 \u00e0 tannage v\u00e9g\u00e9tal de T\u00e4rnsj\u00f6. Prot\u00e9gez le <a href=\"https:\/\/jjcustomworks.se\/fr\/magasin\/\">tranchant de ta hache<\/a> contre la salet\u00e9 et les intemp\u00e9ries, tout en transportant votre hache en toute s\u00e9curit\u00e9. Un must pour tous les propri\u00e9taires de haches !<\/p>\n<h3><span class=\"ez-toc-section\" id=\"Durabilite_et_Respect_de_lEnvironnement\"><\/span>Durabilit\u00e9 et Respect de l&#8217;Environnement<span class=\"ez-toc-section-end\"><\/span><\/h3>\n<p>Nos prot\u00e8ge-lames sont con\u00e7us pour durer de nombreuses ann\u00e9es avec un entretien appropri\u00e9. Lubrifiez r\u00e9guli\u00e8rement le cuir avec un produit d'entretien du cuir appropri\u00e9 pour prolonger sa dur\u00e9e de vie. Le cuir \u00e0 tannage v\u00e9g\u00e9tal est une alternative \u00e9cologique et naturelle au cuir tann\u00e9 au chrome, ce qui en fait un choix durable pour l'utilisateur conscient. Visitez notre <a href=\"https:\/\/jjcustomworks.se\/fr\/categorie-de-produit\/fait-a-la-main\/etuis\/\">cat\u00e9gorie accessoires pour hache<\/a> pour en voir plus.<\/p>\n<h3><span class=\"ez-toc-section\" id=\"Design_Unique\"><\/span>Conception unique<span class=\"ez-toc-section-end\"><\/span><\/h3>\n<p>\u00c9tant donn\u00e9 que le cuir est un mat\u00e9riau naturel, de l\u00e9g\u00e8res variations par rapport \u00e0 l'image peuvent se produire. Ces diff\u00e9rences naturelles contribuent \u00e0 rendre chaque prot\u00e8ge-lame compl\u00e8tement unique. Vous obtenez une touche personnelle sur votre <a href=\"https:\/\/jjcustomworks.se\/fr\/\">\u00e9quipement<\/a> que personne d'autre n'a !<\/p>\n<ul>\n <li>Fabriqu\u00e9 \u00e0 la main en Su\u00e8de<\/li>\n <li>Fabriqu\u00e9 \u00e0 partir de cuir de qualit\u00e9 \u00e0 tannage v\u00e9g\u00e9tal de T\u00e4rnsj\u00f6<\/li>\n <li>Prot\u00e8ge contre la salet\u00e9 et les intemp\u00e9ries<\/li>\n <li>S\u00fbr pendant le transport<\/li>\n <li>S\u00e9lection de mat\u00e9riaux respectueux de l'environnement<\/li>\n<\/ul>","protected":false},"excerpt":{"rendered":"<p>Cette t\u00f4le de fixation pour amortisseur en acier froid 90awd est une t\u00f4le de cuir de haute qualit\u00e9 fabriqu\u00e9e \u00e0 partir de l&#039;un des meilleurs cuirs de T\u00e4rnsj\u00f6 en Su\u00e8de.<\/p>","protected":false},"featured_media":60723,"template":"","meta":[],"product_brand":[],"product_cat":[8205,6423],"product_tag":[],"class_list":{"0":"post-60731","1":"product","2":"type-product","3":"status-publish","4":"has-post-thumbnail","6":"product_cat-sheats","7":"product_cat-axe-accessories","9":"first","10":"instock","11":"taxable","12":"shipping-taxable","13":"purchasable","14":"product-type-simple"},"_links":{"self":[{"href":"https:\/\/jjcustomworks.se\/fr\/wp-json\/wp\/v2\/product\/60731","targetHints":{"allow":["GET"]}}],"collection":[{"href":"https:\/\/jjcustomworks.se\/fr\/wp-json\/wp\/v2\/product"}],"about":[{"href":"https:\/\/jjcustomworks.se\/fr\/wp-json\/wp\/v2\/types\/product"}],"wp:featuredmedia":[{"embeddable":true,"href":"https:\/\/jjcustomworks.se\/fr\/wp-json\/wp\/v2\/media\/60723"}],"wp:attachment":[{"href":"https:\/\/jjcustomworks.se\/fr\/wp-json\/wp\/v2\/media?parent=60731"}],"wp:term":[{"taxonomy":"product_brand","embeddable":true,"href":"https:\/\/jjcustomworks.se\/fr\/wp-json\/wp\/v2\/product_brand?post=60731"},{"taxonomy":"product_cat","embeddable":true,"href":"https:\/\/jjcustomworks.se\/fr\/wp-json\/wp\/v2\/product_cat?post=60731"},{"taxonomy":"product_tag","embeddable":true,"href":"https:\/\/jjcustomworks.se\/fr\/wp-json\/wp\/v2\/product_tag?post=60731"}],"curies":[{"name":"wp","href":"https:\/\/api.w.org\/{rel}","templated":true}]}}