{"id":60720,"date":"2025-03-14T15:04:07","date_gmt":"2025-03-14T14:04:07","guid":{"rendered":"https:\/\/jjcustomworks.se\/product\/jj-custom-works-sheath-handmade-in-sweden-90awa\/"},"modified":"2025-10-16T18:35:39","modified_gmt":"2025-10-16T16:35:39","slug":"protege-lame-fait-main-cold-steel-spontoon-hawk-2","status":"publish","type":"product","link":"https:\/\/jjcustomworks.se\/fr\/produit\/protege-lame-fait-main-cold-steel-spontoon-hawk-2\/","title":{"rendered":"Prot\u00e8ge-Lame Fait Main pour Cold Steel Spontoon Hawk | JJ Custom Works"},"content":{"rendered":"<h1><span class=\"ez-toc-section\" id=\"Protege-Lame_Fait_Main_pour_Cold_Steel_Spontoon_Hawk\"><\/span>Prot\u00e8ge-lame fait main pour Cold Steel Spontoon Hawk<span class=\"ez-toc-section-end\"><\/span><\/h1>\n<h2><span class=\"ez-toc-section\" id=\"Protegez_votre_hache_avec_style\"><\/span>Prot\u00e9gez votre hache avec style<span class=\"ez-toc-section-end\"><\/span><\/h2>\n<p>Ce prot\u00e8ge-lame fait main est sp\u00e9cialement con\u00e7u pour le Cold Steel Spontoon Hawk 90AWA et fabriqu\u00e9 en Su\u00e8de \u00e0 partir de cuir de qualit\u00e9 \u00e0 tannage v\u00e9g\u00e9tal de T\u00e4rnsj\u00f6. Prot\u00e9gez votre hache de la salet\u00e9 et des intemp\u00e9ries, et s\u00e9curisez le transport avec cette protection durable. Avec un entretien appropri\u00e9, ce prot\u00e8ge-lame durera de nombreuses ann\u00e9es. <a href=\"https:\/\/jjcustomworks.se\/fr\/magasin\/\">D\u00e9couvrez notre gamme d'autres accessoires faits main<\/a> pour vos haches et outils.<\/p>\n<h3><span class=\"ez-toc-section\" id=\"Caracteristiques_et_avantages\"><\/span>Caract\u00e9ristiques et avantages<span class=\"ez-toc-section-end\"><\/span><\/h3>\n<ul>\n<li><strong>Fabriqu\u00e9 \u00e0 la main en Su\u00e8de :<\/strong> Chaque prot\u00e8ge-lame est fabriqu\u00e9 avec soin et pr\u00e9cision.<\/li>\n<li><strong>Cuir tann\u00e9 v\u00e9g\u00e9tal :<\/strong> Mat\u00e9riau \u00e9cologique et naturel de T\u00e4rnsj\u00f6.<\/li>\n<li><strong>Protection et s\u00e9curit\u00e9 :<\/strong> Prot\u00e8ge votre hache de la salet\u00e9, des intemp\u00e9ries et des accidents pendant le transport.<\/li>\n<li><strong>Longue vie :<\/strong> Avec un entretien appropri\u00e9, la protection dure de nombreuses ann\u00e9es.<\/li>\n<\/ul>\n<h3><span class=\"ez-toc-section\" id=\"Conseils_dentretien\"><\/span>Conseils d&#8217;entretien<span class=\"ez-toc-section-end\"><\/span><\/h3>\n<p>Pour maximiser la dur\u00e9e de vie de votre prot\u00e8ge-lame, lubrifiez le cuir de temps en temps avec un produit d'entretien du cuir appropri\u00e9. Cela aide \u00e0 garder le cuir souple et doux, et le prot\u00e8ge du dess\u00e8chement et des craquelures. Visitez <a href=\"https:\/\/jjcustomworks.se\/fr\/\">notre site Web<\/a> pour plus de conseils sur l'entretien du cuir.<\/p>\n<h3><span class=\"ez-toc-section\" id=\"Produit_unique\"><\/span>Produit unique<span class=\"ez-toc-section-end\"><\/span><\/h3>\n<p>Comme le cuir est un mat\u00e9riau naturel, de l\u00e9g\u00e8res variations par rapport \u00e0 l'image peuvent se produire. Ces diff\u00e9rences naturelles contribuent \u00e0 rendre chaque produit totalement unique.  Consultez notre s\u00e9lection d'<a href=\"https:\/\/jjcustomworks.se\/fr\/categorie-de-produit\/fait-a-la-main\/etuis\/\">maroquinerie<\/a> pour trouver des produits uniques qui correspondent \u00e0 votre style.<\/p>","protected":false},"excerpt":{"rendered":"<p>Cette t\u00f4le de fixation pour \u00e9ponge en acier froid 90awa est une t\u00f4le de cuir de haute qualit\u00e9 fabriqu\u00e9e \u00e0 partir de l&#039;un des meilleurs cuirs de T\u00e4rnsj\u00f6 en Su\u00e8de.<\/p>","protected":false},"featured_media":60702,"template":"","meta":[],"product_brand":[],"product_cat":[8205,6423],"product_tag":[],"class_list":{"0":"post-60720","1":"product","2":"type-product","3":"status-publish","4":"has-post-thumbnail","6":"product_cat-sheats","7":"product_cat-axe-accessories","9":"first","10":"instock","11":"taxable","12":"shipping-taxable","13":"purchasable","14":"product-type-simple"},"_links":{"self":[{"href":"https:\/\/jjcustomworks.se\/fr\/wp-json\/wp\/v2\/product\/60720","targetHints":{"allow":["GET"]}}],"collection":[{"href":"https:\/\/jjcustomworks.se\/fr\/wp-json\/wp\/v2\/product"}],"about":[{"href":"https:\/\/jjcustomworks.se\/fr\/wp-json\/wp\/v2\/types\/product"}],"wp:featuredmedia":[{"embeddable":true,"href":"https:\/\/jjcustomworks.se\/fr\/wp-json\/wp\/v2\/media\/60702"}],"wp:attachment":[{"href":"https:\/\/jjcustomworks.se\/fr\/wp-json\/wp\/v2\/media?parent=60720"}],"wp:term":[{"taxonomy":"product_brand","embeddable":true,"href":"https:\/\/jjcustomworks.se\/fr\/wp-json\/wp\/v2\/product_brand?post=60720"},{"taxonomy":"product_cat","embeddable":true,"href":"https:\/\/jjcustomworks.se\/fr\/wp-json\/wp\/v2\/product_cat?post=60720"},{"taxonomy":"product_tag","embeddable":true,"href":"https:\/\/jjcustomworks.se\/fr\/wp-json\/wp\/v2\/product_tag?post=60720"}],"curies":[{"name":"wp","href":"https:\/\/api.w.org\/{rel}","templated":true}]}}