{"id":60699,"date":"2025-03-14T15:04:00","date_gmt":"2025-03-14T14:04:00","guid":{"rendered":"https:\/\/jjcustomworks.se\/product\/gasoline-oil-lighter-gentelo-cannabis-8\/"},"modified":"2025-11-22T21:30:46","modified_gmt":"2025-11-22T20:30:46","slug":"briquet-a-essence-gentelo-design-cannabis","status":"publish","type":"product","link":"https:\/\/jjcustomworks.se\/fr\/produit\/briquet-a-essence-gentelo-design-cannabis\/","title":{"rendered":"Briquet Gentelo Essence - Design Cannabis"},"content":{"rendered":"<h1>Briquet Gentelo Essence - Design Cannabis<\/h1>\n\n<h2><span class=\"ez-toc-section\" id=\"Briquet_a_essence_fiable_et_abordable\"><\/span>Briquet \u00e0 essence fiable et abordable<span class=\"ez-toc-section-end\"><\/span><\/h2>\n<p>Le briquet \u00e0 essence Gentelo offre une combinaison de qualit\u00e9 et d'accessibilit\u00e9. Ce briquet est con\u00e7u pour \u00eatre \u00e0 la fois fiable et \u00e9conomique, ce qui en fait un excellent choix pour une utilisation quotidienne ou comme \u00e9l\u00e9ment de votre collection. Avec son design distinctif de cannabis, il se d\u00e9marque de la foule.<\/p>\n\n<h3><span class=\"ez-toc-section\" id=\"Compatible_avec_les_accessoires_standard\"><\/span>Compatible avec les accessoires standards<span class=\"ez-toc-section-end\"><\/span><\/h3>\n<p>L'un des grands avantages de ce briquet est sa compatibilit\u00e9 avec les accessoires standard d\u00e9j\u00e0 sur le march\u00e9. Cela signifie que vous pouvez facilement trouver et utiliser des m\u00e8ches, du carburant et d'autres pi\u00e8ces de rechange sans avoir \u00e0 chercher des accessoires sp\u00e9ciaux. Visitez https:\/\/jjcustomworks.se\/butik\/ pour voir notre s\u00e9lection d'autres <a href=\"https:\/\/jjcustomworks.se\/fr\/magasin\/\">briquets \u00e0 essence<\/a>!<\/p>\n\n<h3><span class=\"ez-toc-section\" id=\"Pret_a_lemploi_carburant_non_inclus\"><\/span>Pr\u00eat \u00e0 l&#8217;emploi (carburant non inclus)<span class=\"ez-toc-section-end\"><\/span><\/h3>\n<p>Le briquet est livr\u00e9 pr\u00eat \u00e0 l'emploi d\u00e8s sa sortie de l'emballage. Il vous suffit de le remplir avec du liquide \u00e0 briquet appropri\u00e9 et vous \u00eates pr\u00eat \u00e0 partir. Cela le rend \u00e0 la fois pratique et convivial. Pour plus d'informations sur l'utilisation des <a href=\"https:\/\/jjcustomworks.se\/fr\/categorie-de-produit\/briquets-a-gaz-et-a-essence\/\">briquettes<\/a>, visitez notre page de cat\u00e9gorie ou consultez notre <a href=\"https:\/\/jjcustomworks.se\/fr\/\">page d&#039;accueil<\/a> pour plus de produits et de guides!<\/p>\n\n<h3><span class=\"ez-toc-section\" id=\"Caracteristiques_et_avantages\"><\/span>Caract\u00e9ristiques et avantages :<span class=\"ez-toc-section-end\"><\/span><\/h3>\n<ul>\n    <li><strong>Abordable:<\/strong> Bonne qualit\u00e9 \u00e0 un prix abordable.<\/li>\n    <li><strong>Compatible standard:<\/strong> Compatible avec tous les accessoires de briquet \u00e0 essence standard.<\/li>\n    <li><strong>Amical:<\/strong> Livr\u00e9 pr\u00eat \u00e0 l'emploi d\u00e8s sa sortie de l'emballage (carburant non inclus).<\/li>\n    <li><strong>Design Cannabis:<\/strong> Design unique et distinctif qui se d\u00e9marque.<\/li>\n<\/ul>","protected":false},"excerpt":{"rendered":"<p>Briquet \u00e0 Essence Gentelo &#8211; Design Cannabis Briquet \u00e0 essence fiable et abordable Le briquet \u00e0 essence Gentelo offre une combinaison de qualit\u00e9 et d&#8217;accessibilit\u00e9. Ce briquet est con\u00e7u pour \u00eatre \u00e0 la fois fiable et \u00e9conomique, ce qui en fait un excellent choix pour une utilisation quotidienne ou comme \u00e9l\u00e9ment de votre collection. Avec [&#8230;]\n","protected":false},"featured_media":60690,"template":"","meta":[],"product_brand":[],"product_cat":[877],"product_tag":[],"class_list":{"0":"post-60699","1":"product","2":"type-product","3":"status-publish","4":"has-post-thumbnail","6":"product_cat-bensintandare","8":"first","9":"instock","10":"sale","11":"taxable","12":"shipping-taxable","13":"purchasable","14":"product-type-simple"},"_links":{"self":[{"href":"https:\/\/jjcustomworks.se\/fr\/wp-json\/wp\/v2\/product\/60699","targetHints":{"allow":["GET"]}}],"collection":[{"href":"https:\/\/jjcustomworks.se\/fr\/wp-json\/wp\/v2\/product"}],"about":[{"href":"https:\/\/jjcustomworks.se\/fr\/wp-json\/wp\/v2\/types\/product"}],"wp:featuredmedia":[{"embeddable":true,"href":"https:\/\/jjcustomworks.se\/fr\/wp-json\/wp\/v2\/media\/60690"}],"wp:attachment":[{"href":"https:\/\/jjcustomworks.se\/fr\/wp-json\/wp\/v2\/media?parent=60699"}],"wp:term":[{"taxonomy":"product_brand","embeddable":true,"href":"https:\/\/jjcustomworks.se\/fr\/wp-json\/wp\/v2\/product_brand?post=60699"},{"taxonomy":"product_cat","embeddable":true,"href":"https:\/\/jjcustomworks.se\/fr\/wp-json\/wp\/v2\/product_cat?post=60699"},{"taxonomy":"product_tag","embeddable":true,"href":"https:\/\/jjcustomworks.se\/fr\/wp-json\/wp\/v2\/product_tag?post=60699"}],"curies":[{"name":"wp","href":"https:\/\/api.w.org\/{rel}","templated":true}]}}