{"id":60694,"date":"2025-03-14T15:03:58","date_gmt":"2025-03-14T14:03:58","guid":{"rendered":"https:\/\/jjcustomworks.se\/product\/gasoline-oil-lighter-gentelo-cannabis-7\/"},"modified":"2025-10-16T21:06:33","modified_gmt":"2025-10-16T19:06:33","slug":"briquet-essence-gentelo-cannabis","status":"publish","type":"product","link":"https:\/\/jjcustomworks.se\/fr\/produit\/briquet-essence-gentelo-cannabis\/","title":{"rendered":"Briquet \u00e0 Essence Gentelo Cannabis | Qualit\u00e9 Premium"},"content":{"rendered":"<h1><span class=\"ez-toc-section\" id=\"Briquet_a_Essence_Gentelo_Cannabis\"><\/span>Briquet \u00e0 essence de cannabis Gentelo<span class=\"ez-toc-section-end\"><\/span><\/h1>\n<h2><span class=\"ez-toc-section\" id=\"Briquet_fiable_a_un_excellent_prix\"><\/span>Briquet fiable \u00e0 un excellent prix<span class=\"ez-toc-section-end\"><\/span><\/h2>\n<p>Le briquet \u00e0 essence Gentelo offre une solution fiable pour vos besoins d'allumage. Ce briquet est livr\u00e9 pr\u00eat \u00e0 l'emploi, ce qui signifie que vous pouvez commencer \u00e0 l'utiliser rapidement et facilement. Parfait pour une utilisation quotidienne et les occasions sp\u00e9ciales.<\/p>\n\n<h3><span class=\"ez-toc-section\" id=\"Compatible_avec_les_accessoires_standard\"><\/span>Compatible avec les accessoires standards<span class=\"ez-toc-section-end\"><\/span><\/h3>\n<p>L'un des principaux avantages du briquet Gentelo est sa compatibilit\u00e9 avec tous les accessoires standard du march\u00e9. Cela vous donne la flexibilit\u00e9 de personnaliser et d'entretenir votre briquet selon vos besoins. Vous pouvez facilement trouver des pi\u00e8ces de rechange et des accessoires compatibles, prolongeant ainsi la dur\u00e9e de vie de votre briquet.<\/p>\n\n<h3><span class=\"ez-toc-section\" id=\"Pret_a_lemploi_hors_carburant\"><\/span>Pr\u00eat \u00e0 l&#8217;emploi (hors carburant)<span class=\"ez-toc-section-end\"><\/span><\/h3>\n<p>Le briquet est livr\u00e9 pr\u00eat \u00e0 l'emploi d\u00e8s sa sortie de l'emballage, \u00e0 l'exception du carburant. Cela signifie que vous devez le remplir d'essence avant de pouvoir l'utiliser. Cela se fait facilement et rapidement, vous pouvez donc profiter de votre nouveau briquet sans attente inutile. Trouvez votre <a href=\"https:\/\/jjcustomworks.se\/fr\/magasin\/\">essence ici<\/a>.<\/p>\n\n<h3><span class=\"ez-toc-section\" id=\"Avantages_du_briquet_a_essence_Gentelo\"><\/span>Avantages du briquet \u00e0 essence Gentelo :<span class=\"ez-toc-section-end\"><\/span><\/h3>\n<ul>\n <li><b>Abordable:<\/b> Bonne qualit\u00e9 \u00e0 un prix raisonnable.<\/li>\n <li><b>Compatible :<\/b> Compatible avec tous les accessoires standards.<\/li>\n <li><b>Pr\u00eat \u00e0 l&#039;emploi :<\/b> Livr\u00e9 pr\u00eat \u00e0 l&#039;emploi imm\u00e9diatement.<\/li>\n<\/ul>\n\n<p>Que vous soyez un utilisateur exp\u00e9riment\u00e9 ou un d\u00e9butant, vous appr\u00e9cierez la simplicit\u00e9 et la fiabilit\u00e9 du briquet \u00e0 essence Gentelo. Ce briquet est un excellent choix pour tous ceux qui recherchent une solution abordable et fonctionnelle. Pour plus d'informations sur nos <a href=\"https:\/\/jjcustomworks.se\/fr\/categorie-de-produit\/briquets-a-gaz-et-a-essence\/\">autres briquets<\/a>, visitez notre site web. Nous offrons une livraison rapide et un service client de haute qualit\u00e9. Visitez notre <a href=\"https:\/\/jjcustomworks.se\/fr\/\">page d&#039;accueil<\/a> pour voir notre gamme compl\u00e8te.<\/p>","protected":false},"excerpt":{"rendered":"<p>Briquet \u00e0 Essence Gentelo Cannabis Briquet fiable \u00e0 un excellent prix Le briquet \u00e0 essence Gentelo offre une solution fiable pour vos besoins d&#8217;allumage. Ce briquet est livr\u00e9 pr\u00eat \u00e0 l&#8217;emploi, ce qui signifie que vous pouvez commencer \u00e0 l&#8217;utiliser rapidement et facilement. Parfait pour une utilisation quotidienne et les occasions sp\u00e9ciales. Compatible avec les [&#8230;]\n","protected":false},"featured_media":60688,"template":"","meta":[],"product_brand":[],"product_cat":[877],"product_tag":[],"class_list":{"0":"post-60694","1":"product","2":"type-product","3":"status-publish","4":"has-post-thumbnail","6":"product_cat-bensintandare","8":"first","9":"instock","10":"taxable","11":"shipping-taxable","12":"purchasable","13":"product-type-simple"},"_links":{"self":[{"href":"https:\/\/jjcustomworks.se\/fr\/wp-json\/wp\/v2\/product\/60694","targetHints":{"allow":["GET"]}}],"collection":[{"href":"https:\/\/jjcustomworks.se\/fr\/wp-json\/wp\/v2\/product"}],"about":[{"href":"https:\/\/jjcustomworks.se\/fr\/wp-json\/wp\/v2\/types\/product"}],"wp:featuredmedia":[{"embeddable":true,"href":"https:\/\/jjcustomworks.se\/fr\/wp-json\/wp\/v2\/media\/60688"}],"wp:attachment":[{"href":"https:\/\/jjcustomworks.se\/fr\/wp-json\/wp\/v2\/media?parent=60694"}],"wp:term":[{"taxonomy":"product_brand","embeddable":true,"href":"https:\/\/jjcustomworks.se\/fr\/wp-json\/wp\/v2\/product_brand?post=60694"},{"taxonomy":"product_cat","embeddable":true,"href":"https:\/\/jjcustomworks.se\/fr\/wp-json\/wp\/v2\/product_cat?post=60694"},{"taxonomy":"product_tag","embeddable":true,"href":"https:\/\/jjcustomworks.se\/fr\/wp-json\/wp\/v2\/product_tag?post=60694"}],"curies":[{"name":"wp","href":"https:\/\/api.w.org\/{rel}","templated":true}]}}