{"id":60692,"date":"2025-03-14T15:03:57","date_gmt":"2025-03-14T14:03:57","guid":{"rendered":"https:\/\/jjcustomworks.se\/product\/gasoline-oil-lighter-gentelo-cannabis-6\/"},"modified":"2025-10-16T21:06:53","modified_gmt":"2025-10-16T19:06:53","slug":"briquet-essence-cannabis-gentelo-2","status":"publish","type":"product","link":"https:\/\/jjcustomworks.se\/fr\/produit\/briquet-essence-cannabis-gentelo-2\/","title":{"rendered":"Briquet \u00e0 essence de cannabis Gentelo"},"content":{"rendered":"<h1><span class=\"ez-toc-section\" id=\"Briquet_a_Essence_Cannabis_Gentelo\"><\/span>Briquet \u00e0 essence de cannabis Gentelo<span class=\"ez-toc-section-end\"><\/span><\/h1>\n\n<h2><span class=\"ez-toc-section\" id=\"Briquet_a_essence_fiable_et_abordable\"><\/span>Briquet \u00e0 essence fiable et abordable<span class=\"ez-toc-section-end\"><\/span><\/h2>\n\n<p>Le briquet \u00e0 essence Gentelo allie fiabilit\u00e9 et prix abordable. Ce briquet est con\u00e7u pour \u00eatre convivial et durable, ce qui en fait un excellent choix pour une utilisation quotidienne. Avec sa conception robuste et sa facilit\u00e9 d'utilisation, c'est un outil parfait pour d\u00e9marrer un feu rapidement et facilement. Ce mod\u00e8le a un th\u00e8me de cannabis unique.<\/p>\n\n<h3><span class=\"ez-toc-section\" id=\"Caracteristiques_et_avantages\"><\/span>Caract\u00e9ristiques et avantages<span class=\"ez-toc-section-end\"><\/span><\/h3>\n\n<ul>\n    <li><strong>Abordable:<\/strong> Un bon briquet \u00e0 un prix encore meilleur, sans compromettre la qualit\u00e9.<\/li>\n    <li><strong>Compatibilit\u00e9 standard :<\/strong> Utilise des accessoires standard d\u00e9j\u00e0 sur le march\u00e9, ce qui facilite l'entretien et le remplacement.<\/li>\n    <li><strong>Pr\u00eat \u00e0 l&#039;emploi :<\/strong> Livr\u00e9 pr\u00eat \u00e0 l'emploi d\u00e8s sa sortie de l'emballage (carburant vendu s\u00e9par\u00e9ment).<\/li>\n    <li><strong>Th\u00e8me cannabis :<\/strong> Design unique.<\/li>\n<\/ul>\n\n<p>Le briquet \u00e0 essence Gentelo est non seulement fonctionnel mais aussi \u00e9conomique. Parce qu'il utilise des accessoires standard, il est facile et peu co\u00fbteux de le maintenir en parfait \u00e9tat. Parfait pour ceux qui recherchent un briquet fiable, pr\u00eat \u00e0 \u00eatre utilis\u00e9 imm\u00e9diatement, sans tracas. Ce briquet est id\u00e9al pour tous ceux qui ont besoin d'une solution s\u00fbre et efficace pour allumer un feu, que ce soit \u00e0 la maison, en camping ou lors d'autres activit\u00e9s de plein air. D\u00e9couvrez notre s\u00e9lection d'<a href=\"https:\/\/jjcustomworks.se\/fr\/magasin\/\">autres briquets<\/a> et ne manquez pas nos <a href=\"https:\/\/jjcustomworks.se\/fr\/categorie-de-produit\/briquets-a-gaz-et-a-essence\/\">articles de plein air<\/a>. Visite <a href=\"https:\/\/jjcustomworks.se\/fr\/\">notre page d&#039;accueil<\/a> pour plus d&#039;offres.<\/p>","protected":false},"excerpt":{"rendered":"<p>Briquet \u00e0 Essence Cannabis Gentelo Briquet \u00e0 essence fiable et abordable Le briquet \u00e0 essence Gentelo allie fiabilit\u00e9 et prix abordable. Ce briquet est con\u00e7u pour \u00eatre convivial et durable, ce qui en fait un excellent choix pour une utilisation quotidienne. Avec sa conception robuste et sa facilit\u00e9 d&#8217;utilisation, c&#8217;est un outil parfait pour d\u00e9marrer [&#8230;]\n","protected":false},"featured_media":60687,"template":"","meta":[],"product_brand":[],"product_cat":[877],"product_tag":[],"class_list":{"0":"post-60692","1":"product","2":"type-product","3":"status-publish","4":"has-post-thumbnail","6":"product_cat-bensintandare","8":"first","9":"instock","10":"taxable","11":"shipping-taxable","12":"purchasable","13":"product-type-simple"},"_links":{"self":[{"href":"https:\/\/jjcustomworks.se\/fr\/wp-json\/wp\/v2\/product\/60692","targetHints":{"allow":["GET"]}}],"collection":[{"href":"https:\/\/jjcustomworks.se\/fr\/wp-json\/wp\/v2\/product"}],"about":[{"href":"https:\/\/jjcustomworks.se\/fr\/wp-json\/wp\/v2\/types\/product"}],"wp:featuredmedia":[{"embeddable":true,"href":"https:\/\/jjcustomworks.se\/fr\/wp-json\/wp\/v2\/media\/60687"}],"wp:attachment":[{"href":"https:\/\/jjcustomworks.se\/fr\/wp-json\/wp\/v2\/media?parent=60692"}],"wp:term":[{"taxonomy":"product_brand","embeddable":true,"href":"https:\/\/jjcustomworks.se\/fr\/wp-json\/wp\/v2\/product_brand?post=60692"},{"taxonomy":"product_cat","embeddable":true,"href":"https:\/\/jjcustomworks.se\/fr\/wp-json\/wp\/v2\/product_cat?post=60692"},{"taxonomy":"product_tag","embeddable":true,"href":"https:\/\/jjcustomworks.se\/fr\/wp-json\/wp\/v2\/product_tag?post=60692"}],"curies":[{"name":"wp","href":"https:\/\/api.w.org\/{rel}","templated":true}]}}