{"id":60680,"date":"2025-03-14T15:03:48","date_gmt":"2025-03-14T14:03:48","guid":{"rendered":"https:\/\/jjcustomworks.se\/product\/gasoline-oil-lighter-gentelo-gun-7\/"},"modified":"2025-11-08T10:05:35","modified_gmt":"2025-11-08T09:05:35","slug":"briquet-essence-gentelo-modele-pistolet","status":"publish","type":"product","link":"https:\/\/jjcustomworks.se\/fr\/produit\/briquet-essence-gentelo-modele-pistolet\/","title":{"rendered":"Briquet \u00e0 Essence Gentelo Mod\u00e8le Pistolet | Qualit\u00e9 Premium"},"content":{"rendered":"<h1>Briquet \u00e0 Essence Gentelo - Mod\u00e8le Pistolet<\/h1>\n\n<h2><span class=\"ez-toc-section\" id=\"Briquet_au_Meilleur_Prix\"><\/span>Briquet au meilleur prix<span class=\"ez-toc-section-end\"><\/span><\/h2>\n<p>Ce briquet \u00e0 essence Gentelo en mod\u00e8le pistolet offre une combinaison de style et de fonctionnalit\u00e9. Un briquet abordable, parfait pour un usage quotidien ou comme cadeau unique.<\/p>\n\n<h3><span class=\"ez-toc-section\" id=\"Compatibilite_et_Utilisation\"><\/span>Compatibilit\u00e9 et utilisation<span class=\"ez-toc-section-end\"><\/span><\/h3>\n<ul>\n    <li><b>Normes des accessoires :<\/b> Enti\u00e8rement compatible avec tous les accessoires standards du march\u00e9, facilitant l'entretien et la personnalisation.<\/li>\n    <li><b>Pr\u00eat \u00e0 l&#039;emploi :<\/b> Livr\u00e9 pr\u00eat \u00e0 l'emploi d\u00e8s la sortie de la bo\u00eete, il suffit de le remplir d'<a href=\"https:\/\/jjcustomworks.se\/fr\/magasin\/\">essence<\/a>.<\/li>\n    <li><b>Abordable:<\/b> Un bon <a href=\"https:\/\/jjcustomworks.se\/fr\/categorie-de-produit\/briquets-a-gaz-et-a-essence\/\">briquette<\/a> \u00e0 un prix comp\u00e9titif, vous offrant une haute qualit\u00e9 sans vider votre portefeuille.<\/li>\n<\/ul>\n\n<h3><span class=\"ez-toc-section\" id=\"Avantages_du_Briquet_a_Essence_Gentelo\"><\/span>Avantages du briquet \u00e0 essence Gentelo<span class=\"ez-toc-section-end\"><\/span><\/h3>\n<p>Le briquet \u00e0 essence Gentelo n'est pas seulement un briquet ; c'est un accessoire qui combine utilit\u00e9 et style. Sa compatibilit\u00e9 avec les accessoires standards le rend facile \u00e0 entretenir et \u00e0 personnaliser selon vos besoins. Il est \u00e9galement livr\u00e9 pr\u00eat \u00e0 l'emploi, ce qui vous fait gagner du temps et des efforts. Visitez notre <a href=\"https:\/\/jjcustomworks.se\/fr\/\">site web<\/a> pour plus d&#039;offres !<\/p>","protected":false},"excerpt":{"rendered":"<p>Briquet \u00e0 Essence Gentelo &#8211; Mod\u00e8le Pistolet Briquet au Meilleur Prix Ce briquet \u00e0 essence Gentelo en mod\u00e8le pistolet offre une combinaison de style et de fonctionnalit\u00e9. Un briquet abordable, parfait pour un usage quotidien ou comme cadeau unique. Compatibilit\u00e9 et Utilisation Accessoires Standards : Enti\u00e8rement compatible avec tous les accessoires standards du march\u00e9, facilitant [&#8230;]\n","protected":false},"featured_media":60658,"template":"","meta":[],"product_brand":[],"product_cat":[877],"product_tag":[],"class_list":{"0":"post-60680","1":"product","2":"type-product","3":"status-publish","4":"has-post-thumbnail","6":"product_cat-bensintandare","8":"first","9":"instock","10":"taxable","11":"shipping-taxable","12":"purchasable","13":"product-type-simple"},"_links":{"self":[{"href":"https:\/\/jjcustomworks.se\/fr\/wp-json\/wp\/v2\/product\/60680","targetHints":{"allow":["GET"]}}],"collection":[{"href":"https:\/\/jjcustomworks.se\/fr\/wp-json\/wp\/v2\/product"}],"about":[{"href":"https:\/\/jjcustomworks.se\/fr\/wp-json\/wp\/v2\/types\/product"}],"wp:featuredmedia":[{"embeddable":true,"href":"https:\/\/jjcustomworks.se\/fr\/wp-json\/wp\/v2\/media\/60658"}],"wp:attachment":[{"href":"https:\/\/jjcustomworks.se\/fr\/wp-json\/wp\/v2\/media?parent=60680"}],"wp:term":[{"taxonomy":"product_brand","embeddable":true,"href":"https:\/\/jjcustomworks.se\/fr\/wp-json\/wp\/v2\/product_brand?post=60680"},{"taxonomy":"product_cat","embeddable":true,"href":"https:\/\/jjcustomworks.se\/fr\/wp-json\/wp\/v2\/product_cat?post=60680"},{"taxonomy":"product_tag","embeddable":true,"href":"https:\/\/jjcustomworks.se\/fr\/wp-json\/wp\/v2\/product_tag?post=60680"}],"curies":[{"name":"wp","href":"https:\/\/api.w.org\/{rel}","templated":true}]}}