{"id":60677,"date":"2025-03-14T15:03:47","date_gmt":"2025-03-14T14:03:47","guid":{"rendered":"https:\/\/jjcustomworks.se\/product\/gasoline-oil-lighter-gentelo-motorbike-9\/"},"modified":"2026-02-11T13:49:34","modified_gmt":"2026-02-11T12:49:34","slug":"briquet-essence-moto-gentelo","status":"publish","type":"product","link":"https:\/\/jjcustomworks.se\/fr\/produit\/briquet-essence-moto-gentelo\/","title":{"rendered":"Briquet \u00e0 essence Moto Gentelo"},"content":{"rendered":"<h1><span class=\"ez-toc-section\" id=\"Briquet_a_Essence_Moto_Gentelo\"><\/span>Briquet \u00e0 essence Moto Gentelo<span class=\"ez-toc-section-end\"><\/span><\/h1>\n<h2><span class=\"ez-toc-section\" id=\"Briquet_pour_les_passionnes_de_moto\"><\/span>Briquet pour les passionn\u00e9s de moto<span class=\"ez-toc-section-end\"><\/span><\/h2>\n<p>Le briquet \u00e0 essence Gentelo est une solution \u00e9conomique pour les passionn\u00e9s de moto. Con\u00e7u pour la fonctionnalit\u00e9 et la durabilit\u00e9, ce briquet est un excellent choix pour un usage quotidien ou comme cadeau pratique. Sa construction robuste garantit qu'il peut r\u00e9sister \u00e0 une utilisation fr\u00e9quente. D\u00e9couvrez notre s\u00e9lection d'<a href=\"https:\/\/jjcustomworks.se\/fr\/magasin\/\">autres briquets<\/a> pour r\u00e9pondre \u00e0 vos besoins.<\/p>\n\n<h3><span class=\"ez-toc-section\" id=\"Caracteristiques_et_avantages\"><\/span>Caract\u00e9ristiques et avantages<span class=\"ez-toc-section-end\"><\/span><\/h3>\n<ul>\n <li><strong>Accessoires standards :<\/strong> Compatible avec tous les accessoires standard du march\u00e9, offrant une flexibilit\u00e9 et la possibilit\u00e9 de personnaliser votre briquet selon vos pr\u00e9f\u00e9rences.<\/li>\n <li><strong>Pr\u00eat \u00e0 l&#039;emploi :<\/strong> Livr\u00e9 pr\u00eat \u00e0 l'emploi d\u00e8s la sortie de l'emballage, \u00e0 l'exception du carburant. Remplissez-le simplement avec de l'<a href=\"https:\/\/jjcustomworks.se\/fr\/categorie-de-produit\/briquets-a-gaz-et-a-essence\/\">essence<\/a> et vous \u00eates pr\u00eat \u00e0 partir.<\/li>\n <li><strong>Taille compacte :<\/strong> Avec une longueur d'environ 6 cm et une largeur d'environ 4 cm, il est facile \u00e0 transporter dans votre poche ou votre sac.<\/li>\n<\/ul>\n\n<h3><span class=\"ez-toc-section\" id=\"Specifications\"><\/span>Caract\u00e9ristiques<span class=\"ez-toc-section-end\"><\/span><\/h3>\n<p>Voici les principales sp\u00e9cifications du briquet \u00e0 essence Gentelo :<\/p>\n<ul>\n <li>Longueur : ~6 cm<\/li>\n <li>Largeur : ~4 cm<\/li>\n<\/ul>\n\n<p>Le briquet \u00e0 essence Gentelo allie fonctionnalit\u00e9 et facilit\u00e9 d'utilisation. Ne manquez pas l'opportunit\u00e9 de poss\u00e9der ce <a href=\"https:\/\/jjcustomworks.se\/fr\/\">fantastique produit d\u00e8s aujourd'hui<\/a>!<\/p>","protected":false},"excerpt":{"rendered":"<p>Briquet \u00e0 Essence Moto Gentelo Briquet pour les passionn\u00e9s de moto Le briquet \u00e0 essence Gentelo est une solution \u00e9conomique pour les passionn\u00e9s de moto. Con\u00e7u pour la fonctionnalit\u00e9 et la durabilit\u00e9, ce briquet est un excellent choix pour un usage quotidien ou comme cadeau pratique. Sa construction robuste garantit qu&#8217;il peut r\u00e9sister \u00e0 une [&#8230;]\n","protected":false},"featured_media":60665,"template":"","meta":[],"product_brand":[],"product_cat":[877],"product_tag":[],"class_list":{"0":"post-60677","1":"product","2":"type-product","3":"status-publish","4":"has-post-thumbnail","6":"product_cat-bensintandare","8":"first","9":"instock","10":"sale","11":"taxable","12":"shipping-taxable","13":"purchasable","14":"product-type-simple"},"_links":{"self":[{"href":"https:\/\/jjcustomworks.se\/fr\/wp-json\/wp\/v2\/product\/60677","targetHints":{"allow":["GET"]}}],"collection":[{"href":"https:\/\/jjcustomworks.se\/fr\/wp-json\/wp\/v2\/product"}],"about":[{"href":"https:\/\/jjcustomworks.se\/fr\/wp-json\/wp\/v2\/types\/product"}],"wp:featuredmedia":[{"embeddable":true,"href":"https:\/\/jjcustomworks.se\/fr\/wp-json\/wp\/v2\/media\/60665"}],"wp:attachment":[{"href":"https:\/\/jjcustomworks.se\/fr\/wp-json\/wp\/v2\/media?parent=60677"}],"wp:term":[{"taxonomy":"product_brand","embeddable":true,"href":"https:\/\/jjcustomworks.se\/fr\/wp-json\/wp\/v2\/product_brand?post=60677"},{"taxonomy":"product_cat","embeddable":true,"href":"https:\/\/jjcustomworks.se\/fr\/wp-json\/wp\/v2\/product_cat?post=60677"},{"taxonomy":"product_tag","embeddable":true,"href":"https:\/\/jjcustomworks.se\/fr\/wp-json\/wp\/v2\/product_tag?post=60677"}],"curies":[{"name":"wp","href":"https:\/\/api.w.org\/{rel}","templated":true}]}}