{"id":60646,"date":"2025-03-14T15:03:30","date_gmt":"2025-03-14T14:03:30","guid":{"rendered":"https:\/\/jjcustomworks.se\/product\/gasoline-oil-lighter-gentelo-motorbike-8\/"},"modified":"2025-11-13T22:34:49","modified_gmt":"2025-11-13T21:34:49","slug":"briquet-essence-moto-gentelo-2","status":"publish","type":"product","link":"https:\/\/jjcustomworks.se\/fr\/produit\/briquet-essence-moto-gentelo-2\/","title":{"rendered":"Briquet \u00e0 essence Moto Gentelo"},"content":{"rendered":"<h1><span class=\"ez-toc-section\" id=\"Briquet_a_Essence_Moto_Gentelo\"><\/span>Briquet \u00e0 essence Moto Gentelo<span class=\"ez-toc-section-end\"><\/span><\/h1>\n<h2><span class=\"ez-toc-section\" id=\"Briquet_a_essence_classique_en_design_moto\"><\/span>Briquet \u00e0 essence classique en design moto<span class=\"ez-toc-section-end\"><\/span><\/h2>\n<p>Le briquet \u00e0 essence Gentelo au design moto unique combine style et fonctionnalit\u00e9 \u00e0 un prix abordable. Ce briquet n'est pas seulement un outil pratique, mais aussi un accessoire \u00e9l\u00e9gant pour tous ceux qui appr\u00e9cient les motos et le design classique. Parfait pour un usage quotidien ou comme cadeau unique.<\/p>\n<h3><span class=\"ez-toc-section\" id=\"Caracteristiques_et_avantages\"><\/span>Caract\u00e9ristiques et avantages<span class=\"ez-toc-section-end\"><\/span><\/h3>\n<ul>\n <li><strong>Design moto :<\/strong> Un design accrocheur qui se d\u00e9marque.<\/li>\n <li><strong>Accessoires standards :<\/strong> Compatible avec tous les accessoires standards du march\u00e9, ce qui facilite l&#039;entretien et le remplacement des pi\u00e8ces.<\/li>\n <li><strong>Pr\u00eat \u00e0 l&#039;emploi :<\/strong> Livr\u00e9 pr\u00eat \u00e0 l'emploi d\u00e8s la sortie de la bo\u00eete (hors carburant).<\/li>\n<\/ul>\n<h3><span class=\"ez-toc-section\" id=\"Specifications\"><\/span>Caract\u00e9ristiques<span class=\"ez-toc-section-end\"><\/span><\/h3>\n<ul>\n <li>Longueur : ~6 cm<\/li>\n <li>Largeur : ~4 cm<\/li>\n<\/ul>\n<p>Ce <a href=\"https:\/\/jjcustomworks.se\/fr\/categorie-de-produit\/briquets-a-gaz-et-a-essence\/\">briquet \u00e0 essence<\/a> de Gentelo est \u00e0 la fois pratique et abordable. Sa compatibilit\u00e9 avec les accessoires standard facilite son entretien, et son design unique en fait une excellente id\u00e9e cadeau. Vous cherchez d'autres produits uniques ? D\u00e9couvrez notre <a href=\"https:\/\/jjcustomworks.se\/fr\/magasin\/\">gamme de briquets<\/a>. Ne manquez pas l'occasion de poss\u00e9der un briquet qui allie style et fonctionnalit\u00e9 ! Visitez notre <a href=\"https:\/\/jjcustomworks.se\/fr\/\">site web<\/a> pour plus d&#039;offres.<\/p>","protected":false},"excerpt":{"rendered":"<p>Briquet \u00e0 Essence Moto Gentelo Briquet \u00e0 essence classique en design moto Le briquet \u00e0 essence Gentelo au design moto unique combine style et fonctionnalit\u00e9 \u00e0 un prix abordable. Ce briquet n&#8217;est pas seulement un outil pratique, mais aussi un accessoire \u00e9l\u00e9gant pour tous ceux qui appr\u00e9cient les motos et le design classique. Parfait pour [&#8230;]\n","protected":false},"featured_media":60639,"template":"","meta":[],"product_brand":[],"product_cat":[877],"product_tag":[],"class_list":{"0":"post-60646","1":"product","2":"type-product","3":"status-publish","4":"has-post-thumbnail","6":"product_cat-bensintandare","8":"first","9":"instock","10":"sale","11":"taxable","12":"shipping-taxable","13":"purchasable","14":"product-type-simple"},"_links":{"self":[{"href":"https:\/\/jjcustomworks.se\/fr\/wp-json\/wp\/v2\/product\/60646","targetHints":{"allow":["GET"]}}],"collection":[{"href":"https:\/\/jjcustomworks.se\/fr\/wp-json\/wp\/v2\/product"}],"about":[{"href":"https:\/\/jjcustomworks.se\/fr\/wp-json\/wp\/v2\/types\/product"}],"wp:featuredmedia":[{"embeddable":true,"href":"https:\/\/jjcustomworks.se\/fr\/wp-json\/wp\/v2\/media\/60639"}],"wp:attachment":[{"href":"https:\/\/jjcustomworks.se\/fr\/wp-json\/wp\/v2\/media?parent=60646"}],"wp:term":[{"taxonomy":"product_brand","embeddable":true,"href":"https:\/\/jjcustomworks.se\/fr\/wp-json\/wp\/v2\/product_brand?post=60646"},{"taxonomy":"product_cat","embeddable":true,"href":"https:\/\/jjcustomworks.se\/fr\/wp-json\/wp\/v2\/product_cat?post=60646"},{"taxonomy":"product_tag","embeddable":true,"href":"https:\/\/jjcustomworks.se\/fr\/wp-json\/wp\/v2\/product_tag?post=60646"}],"curies":[{"name":"wp","href":"https:\/\/api.w.org\/{rel}","templated":true}]}}